{"id":249,"date":"2021-12-10T16:21:30","date_gmt":"2021-12-10T16:21:30","guid":{"rendered":"https:\/\/help.unhcr.org\/peru\/?page_id=249"},"modified":"2026-02-18T14:31:57","modified_gmt":"2026-02-18T14:31:57","slug":"ingreso-a-territorio","status":"publish","type":"page","link":"https:\/\/help.unhcr.org\/peru\/ingreso-a-territorio\/","title":{"rendered":"Ingreso a territorio"},"content":{"rendered":"\n<p class=\"has-white-color has-text-color has-background has-link-color has-medium-font-size wp-elements-bd23115febb691d979a3263ee86bf69d\" style=\"background-color:#0072bc\"><strong>Riesgos en frontera con Chile<\/strong><\/p>\n\n\n\n<p>Desde marzo de 2023, las autoridades chilenas refuerzan el control fronterizo con operativos de identificaci\u00f3n, registro y detenci\u00f3n de personas que ingresan irregularmente desde Per\u00fa y Bolivia. Quienes no cumplan con los requisitos establecidos pueden ser detenidos y puestos a disposici\u00f3n de la polic\u00eda en un plazo m\u00e1ximo de 12 horas. <\/p>\n\n\n\n<p>Hay un <strong>alto riesgo de quedarse varado\/a en la frontera sin acceso a agua, alimentos, albergue o transporte<\/strong>. Tenga en cuenta que las distancias son extensas entre ciudades fronterizas, estas se caracterizan por encontrase en \u00e1reas des\u00e9rticas apartadas de centros urbanos. <\/p>\n\n\n\n<p>Desde finales de noviembre, el Estado peruano declar\u00f3 el estado de emergencia en los distritos fronterizos de Palca, Tacna y La Yarada-Los Palos. Esta medida, que contin\u00faa vigente, ha incrementado la presencia policial y militar, as\u00ed como el control en el paso entre Tacna y Arica. <\/p>\n\n\n\n<p>Es importante considerar que cruzar por rutas irregulares implica graves riesgos, como el tr\u00e1fico y la trata de personas, robos extorsiones y violencia f\u00edsica o sexual. A ello se suman las condiciones clim\u00e1ticas extremas, los cambios bruscos de temperatura, las rutas de gran altitud y la presencia de minas antipersonales. <\/p>\n\n\n\n<p>El ingreso irregular a Chile puede generar serias dificultades para regularizar su situaci\u00f3n migratoria y puede conllevar medidas como la expulsi\u00f3n y la prohibici\u00f3n de retorno. <\/p>\n\n\n\n<p class=\"has-white-color has-text-color has-background has-link-color has-medium-font-size wp-elements-cf4de60ad4814e513a3832a1bedcf9ed\" style=\"background-color:#0072bc\"><strong>En caso de ser detenido en frontera<\/strong><\/p>\n\n\n\n<p><strong>Las Fuerzas Armadas est\u00e1n autorizadas a realizar controles de identidad, registrar vestimentas, equipajes y veh\u00edculos; incluso, pueden detener a las personas en caso de flagrancia<\/strong>. Recuerde que<strong> la inspecci\u00f3n la debe realizar una persona de su mismo sexo y que en todo momento debe respetar su dignidad e intimidad corporal.<\/strong> En caso de ingreso irregular, podr\u00e1n poner a la persona a disposici\u00f3n del personal de la Autoridad Contralora (Polic\u00eda de Investigaciones) en el m\u00e1s breve plazo posible para que proceda seg\u00fan las facultades se\u00f1aladas en el art\u00edculo 137 de la ley N\u00ba 21.325.<\/p>\n\n\n\n<p><strong>La detenci\u00f3n en la frontera no puede ser mayor a 12 horas<\/strong> desde que la persona se encuentra bajo control de las Fuerzas Armadas hasta que es puesta a disposici\u00f3n de la polic\u00eda (Carabineros o Polic\u00eda de Investigaciones).<\/p>\n\n\n\n<p><strong>Los ni\u00f1os, ni\u00f1as y adolescentes (en adelante NNA) no pueden ser detenidos bajo ninguna circunstancia. <\/strong>Cuando se trate de NNA no acompa\u00f1ados\/as o separados\/as de su familia, se procurar\u00e1 que sean puestos a disposici\u00f3n de las polic\u00edas, solo para que pongan al NNA a disposici\u00f3n de los Tribunales de Familia competente, en el m\u00e1s breve plazo posible y para que den aviso a la autoridad migratoria que tomar\u00e1 contacto con la autoridad consular correspondiente.<\/p>\n\n\n\n<p><strong>Las Fuerzas Armadas pueden utilizar la fuerza en el control de fronteras<\/strong>. Esto quiere decir que:<\/p>\n\n\n\n<ul class=\"wp-block-list\">\n<li>Pueden emplear veh\u00edculos militares.<\/li>\n\n\n\n<li>Pueden utilizar armamentos no letales, granadas de humo, gas pimienta o lacrim\u00f3geno.<\/li>\n\n\n\n<li>Efectuar disparos de advertencia y utilizar arma de fuego como \u00faltimo recurso.<\/li>\n<\/ul>\n\n\n\n<p>Si haz resultado herido\/a o tu salud o la de tu familia se han visto comprometidas puedes tomar comunicarte con:<\/p>\n\n\n\n<ul class=\"wp-block-list\">\n<li><strong>Bolivia<\/strong>\n<ul class=\"wp-block-list\">\n<li>Pisiga:\n<ul class=\"wp-block-list\">\n<li>Puedes comunicarte con el PAO Oruro para recibir atenci\u00f3n remota: <\/li>\n\n\n\n<li>Tel\u00e9fono\/WhatsApp: (+591) 68225625 \/ (+591) 72455412<\/li>\n<\/ul>\n<\/li>\n\n\n\n<li>Desaguadero:\n<ul class=\"wp-block-list\">\n<li>Punto de Apoyo y Orientaci\u00f3n (PAO)\n<ul class=\"wp-block-list\">\n<li>Tel\u00e9fono\/ WhatsApp: (+591) 72027371 <\/li>\n\n\n\n<li>Direcci\u00f3n: Avenida la Paz Sin N\u00famero, en la parada de minibuses entre las calles Mariscal Santa Cruz y Ballivian, Localidad de Desaguadero (Frontera Bolivia-Per\u00fa). <\/li>\n\n\n\n<li>Atenci\u00f3n al p\u00fablico: lunes a viernes de 08:00 a 12:00pm y de 13:00 a 17:00pm. <\/li>\n<\/ul>\n<\/li>\n<\/ul>\n<\/li>\n<\/ul>\n<\/li>\n<\/ul>\n\n\n\n<ul class=\"wp-block-list\">\n<li><strong>Chile<\/strong>\n<ul class=\"wp-block-list\">\n<li>Sede regional de Arica y Parinacota\n<ul class=\"wp-block-list\">\n<li>Instituto Nacional de Derechos Humanos (INDH) Direcci\u00f3n: Lautaro 471 A, Arica | Tel\u00e9fono: 228878890<\/li>\n<\/ul>\n<\/li>\n<\/ul>\n<\/li>\n<\/ul>\n\n\n\n<ul class=\"wp-block-list\">\n<li><strong>Per\u00fa<\/strong>\n<ul class=\"wp-block-list\">\n<li>L\u00ednea gratuita de atenci\u00f3n InfoACNUR: Tel\u00e9fono: 0080071929<\/li>\n\n\n\n<li>Defensor\u00eda del Pueblo Tel\u00e9fono: 0 800 15 170 WhatsApp: +51 947 951 412<\/li>\n\n\n\n<li>Servicio de atenci\u00f3n m\u00f3vil de urgencia (SAMU) L\u00ednea: 106<\/li>\n<\/ul>\n<\/li>\n<\/ul>\n\n\n\n<p class=\"has-white-color has-text-color has-background has-link-color has-medium-font-size wp-elements-1f579a9a683943e447549d2d284b1000\" style=\"background-color:#0072bc\"><strong>Requisitos Migratorios<\/strong><\/p>\n\n\n\n<p><em>(Actualizado a julio 2024 por la <a href=\"https:\/\/www.gob.pe\/institucion\/migraciones\/normas-legales\/5694957-0121-2024-migraciones\">\u00faltima resoluci\u00f3n n.\u00b0 000121-2024 oficializada por la Superintendencia Nacional de Migraciones<\/a>)&nbsp;<\/em><\/p>\n\n\n\n<ul class=\"wp-block-list\">\n<li><strong>Ingreso al Per\u00fa de personas de nacionalidad venezolana con pasaporte y visa.<\/strong>&nbsp;Si eres venezolana\/o debes presentar visa y un pasaporte v\u00e1lido con una vigencia m\u00ednima de seis meses para ingresar al Per\u00fa.&nbsp;Ya no se permitir\u00e1 el ingreso con pasaportes vencidos o por vencer.&nbsp;<\/li>\n<\/ul>\n\n\n\n<p><\/p>\n\n\n\n<ul class=\"wp-block-list\">\n<li><strong>Ya no ser\u00e1n aplicadas las excepciones humanitarias y de reunificaci\u00f3n familiar<\/strong> en los puestos de control migratorio para autorizar el ingreso sin pasaporte y visa. Esto significa, que las personas venezolanas en el exterior que tengan v\u00ednculos familiares con residentes extranjeros o peruanos, deber\u00e1n solicitar las visas correspondientes para ingresar al Per\u00fa.&nbsp;<\/li>\n<\/ul>\n\n\n\n<p><\/p>\n\n\n\n<ul class=\"wp-block-list\">\n<li><strong>Uso del pasaporte vencido<\/strong> <strong>se permitir\u00e1 por \u00fanica vez,<\/strong> para tr\u00e1mites de cambio de calidad migratoria, siempre que la persona haya ingresado al pa\u00eds <strong>antes del 2 de julio de 2024<\/strong> y haya permanecido en territorio nacional.&nbsp;Deber\u00e1n cumplir con los dem\u00e1s requisitos y condiciones espec\u00edficas para cada procedimiento.&nbsp;<\/li>\n<\/ul>\n\n\n\n<p class=\"has-white-color has-text-color has-background has-link-color has-medium-font-size wp-elements-d2df96c283a83f1d83b515811aaaa01c\" style=\"background-color:#0072bc\"><strong>Derecho a solicitar refugio en el Per\u00fa<\/strong><\/p>\n\n\n\n<p>La medida del gobierno no limita el derecho a solicitar refugio en el Per\u00fa.<\/p>\n\n\n\n<blockquote class=\"wp-block-quote is-layout-flow wp-block-quote-is-layout-flow\">\n<p><\/p>\n<cite>Si eres una persona que no puede regresar a su pa\u00eds de origen debido a temores de persecuci\u00f3n, conflicto o violencia, puedes <strong>solicitar la condici\u00f3n de refugiado<\/strong>, en:&nbsp;<\/cite><\/blockquote>\n\n\n\n<p><\/p>\n\n\n\n<ul class=\"wp-block-list\">\n<li>Alguna de las <a href=\"https:\/\/www.gob.pe\/institucion\/rree\/sedes\">oficinas desconcentradas (ODE).<\/a> <\/li>\n\n\n\n<li>Los <a href=\"https:\/\/help.unhcr.org\/peru\/donde-encontrar-ayuda\/organizaciones-socias\/\">Espacios de Protecci\u00f3n<\/a>. <\/li>\n<\/ul>\n\n\n\n<p>??<strong>Ingresa aqu\u00ed para conocer<\/strong> <a href=\"https:\/\/help.unhcr.org\/peru\/solicitando-la-condicion-de-refugiado\/como-solicitar-la-condicion-de-refugiado\/\" target=\"_blank\" rel=\"noreferrer noopener\">\u00bfC\u00f3mo solicitar la condici\u00f3n de refugiado?<\/a>&nbsp;&nbsp;<\/p>\n\n\n\n<p><em>Recuerda que la presentaci\u00f3n de un pasaporte no es un requisito para solicitar protecci\u00f3n como refugiado.&nbsp;<\/em><\/p>\n\n\n\n<p><\/p>\n","protected":false},"excerpt":{"rendered":"<p>Riesgos en frontera con Chile Desde marzo de 2023, las autoridades chilenas refuerzan el control fronterizo con operativos de identificaci\u00f3n, registro y detenci\u00f3n de personas que ingresan irregularmente desde Per\u00fa y Bolivia. Quienes no cumplan con los requisitos establecidos pueden ser detenidos y puestos a disposici\u00f3n de la polic\u00eda en un plazo m\u00e1ximo de 12 [&hellip;]<\/p>\n","protected":false},"author":70,"featured_media":0,"parent":0,"menu_order":1,"comment_status":"closed","ping_status":"closed","template":"","meta":{"_acf_changed":false,"footnotes":""},"class_list":["post-249","page","type-page","status-publish","hentry"],"acf":[],"_links":{"self":[{"href":"https:\/\/help.unhcr.org\/peru\/wp-json\/wp\/v2\/pages\/249","targetHints":{"allow":["GET"]}}],"collection":[{"href":"https:\/\/help.unhcr.org\/peru\/wp-json\/wp\/v2\/pages"}],"about":[{"href":"https:\/\/help.unhcr.org\/peru\/wp-json\/wp\/v2\/types\/page"}],"author":[{"embeddable":true,"href":"https:\/\/help.unhcr.org\/peru\/wp-json\/wp\/v2\/users\/70"}],"replies":[{"embeddable":true,"href":"https:\/\/help.unhcr.org\/peru\/wp-json\/wp\/v2\/comments?post=249"}],"version-history":[{"count":38,"href":"https:\/\/help.unhcr.org\/peru\/wp-json\/wp\/v2\/pages\/249\/revisions"}],"predecessor-version":[{"id":2436,"href":"https:\/\/help.unhcr.org\/peru\/wp-json\/wp\/v2\/pages\/249\/revisions\/2436"}],"wp:attachment":[{"href":"https:\/\/help.unhcr.org\/peru\/wp-json\/wp\/v2\/media?parent=249"}],"curies":[{"name":"wp","href":"https:\/\/api.w.org\/{rel}","templated":true}]}}