{"id":2329,"date":"2025-09-02T19:35:49","date_gmt":"2025-09-02T19:35:49","guid":{"rendered":"https:\/\/help.unhcr.org\/peru\/?page_id=2329"},"modified":"2026-02-11T17:01:15","modified_gmt":"2026-02-11T17:01:15","slug":"espacios-de-proteccion","status":"publish","type":"page","link":"https:\/\/help.unhcr.org\/peru\/donde-encontrar-ayuda\/espacios-de-proteccion\/","title":{"rendered":"Espacios de Protecci\u00f3n"},"content":{"rendered":"\n<figure class=\"wp-block-image size-large\"><img loading=\"lazy\" decoding=\"async\" width=\"1024\" height=\"355\" src=\"https:\/\/help.unhcr.org\/peru\/wp-content\/uploads\/sites\/27\/2025\/09\/Cobranding-EdP-fondo-blanco-1024x355.png\" alt=\"\" class=\"wp-image-2337\" srcset=\"https:\/\/help.unhcr.org\/peru\/wp-content\/uploads\/sites\/27\/2025\/09\/Cobranding-EdP-fondo-blanco-1024x355.png 1024w, https:\/\/help.unhcr.org\/peru\/wp-content\/uploads\/sites\/27\/2025\/09\/Cobranding-EdP-fondo-blanco-300x104.png 300w, https:\/\/help.unhcr.org\/peru\/wp-content\/uploads\/sites\/27\/2025\/09\/Cobranding-EdP-fondo-blanco-768x266.png 768w, https:\/\/help.unhcr.org\/peru\/wp-content\/uploads\/sites\/27\/2025\/09\/Cobranding-EdP-fondo-blanco-1536x533.png 1536w, https:\/\/help.unhcr.org\/peru\/wp-content\/uploads\/sites\/27\/2025\/09\/Cobranding-EdP-fondo-blanco-2048x710.png 2048w\" sizes=\"auto, (max-width: 1024px) 100vw, 1024px\" \/><\/figure>\n\n\n\n<p>Los Espacios de Protecci\u00f3n (EdP) son lugares donde las personas que han tenido que huir de su pa\u00eds pueden acceder a servicios e informaci\u00f3n. ACNUR, la Agencia de la ONU para los Refugiados, trabaja con autoridades nacionales y locales, socios y agentes comunitarios para brindar apoyo en los EdP.<\/p>\n\n\n\n<p>Existen seis Espacios de Protecci\u00f3n en el Per\u00fa. Cinco est\u00e1n en Lima Metropolitana, gestionados conjuntamente por Encuentros SJM y ACNUR, en los principales distritos que acogen poblaci\u00f3n refugiada, y uno en Aguas Verdes (Tumbes).&nbsp;&nbsp;<\/p>\n\n\n\n<p><strong>\u00bfQu\u00e9 servicios se brindan?<\/strong>&nbsp;<\/p>\n\n\n\n<p>En los Espacios de Protecci\u00f3n se brindan de forma gratuita los siguientes servicios:&nbsp;<\/p>\n\n\n\n<p><strong>En Tumbes:&nbsp;<\/strong><\/p>\n\n\n\n<ul class=\"wp-block-list\">\n<li>ACNUR: orientaci\u00f3n general sobre derechos y servicios, incluyendo documentaci\u00f3n, acceso a la condici\u00f3n de persona refugiada en el Per\u00fa, y gesti\u00f3n de casos.&nbsp;<\/li>\n<\/ul>\n\n\n\n<ul class=\"wp-block-list\">\n<li>Defensor\u00eda del Pueblo: orientaci\u00f3n y acompa\u00f1amiento en acceso a derechos.&nbsp;<\/li>\n<\/ul>\n\n\n\n<ul class=\"wp-block-list\">\n<li>Encuentros SJM: asistencia legal.<\/li>\n<\/ul>\n\n\n\n<ul class=\"wp-block-list\">\n<li>Socios en Salud: atenci\u00f3n primaria de salud.&nbsp;<\/li>\n<\/ul>\n\n\n\n<p><strong>\u00bfD\u00f3nde se encuentran y en qu\u00e9 horarios brindan atenci\u00f3n? &nbsp;<\/strong><\/p>\n\n\n\n<ul class=\"wp-block-list\">\n<li><strong>Espacio de Protecci\u00f3n \u2013 Aguas Verdes:<\/strong> Panamericana Norte 2011, Zarumilla. Referencia: Ex Complejo Migratorio\/ Frente al Centro de Salud de Aguas Verde. <\/li>\n<\/ul>\n\n\n\n<ul class=\"wp-block-list\">\n<li>Horario de atenci\u00f3n: De lunes a viernes, de 8:30 a.m. a 4:00 p.m. <\/li>\n<\/ul>\n\n\n\n<p><strong>Unidad de Terreno de ACNUR en Tumbes:<\/strong> <em>Jr. Sim\u00f3n Bol\u00edvar 155, Piso 2 (Frente a la Plaza de Armas), Tumbes<\/em><\/p>\n\n\n\n<ul class=\"wp-block-list\">\n<li>Horario de atenci\u00f3n: De lunes a viernes, de 8:30 a.m. a 4:00 p.m. <\/li>\n<\/ul>\n\n\n\n<p><strong>\u00bfEn qu\u00e9 horarios atiende el Espacio de Protecci\u00f3n- Aguas Verdes?&nbsp;<\/strong><\/p>\n\n\n\n<figure class=\"wp-block-table\"><table class=\"has-fixed-layout\"><tbody><tr><td><strong>Horarios<\/strong>&nbsp;<\/td><td><strong>EdP Aguas Verdes<\/strong>&nbsp;<\/td><\/tr><tr><td><strong>Lunes a viernes <\/strong><\/td><td><strong>ACNUR&nbsp;<\/strong>&nbsp;08h30 &#8211; 4h00<\/td><\/tr><tr><td>&nbsp;<strong>Lunes, mi\u00e9rcoles y jueves <\/strong><\/td><td><strong>Encuentros (Asistencia Legal)&nbsp;<\/strong>08h30- 4h00<\/td><\/tr><tr><td><strong>Lunes a viernes<\/strong><\/td><td><strong>Socios en Salud<\/strong>&nbsp;08h30-15h30<\/td><\/tr><tr><td><strong>Jueves<\/strong><\/td><td><strong>Defensor\u00eda del Pueblo<\/strong>&nbsp;9:00 &#8211; 13h00<\/td><\/tr><\/tbody><\/table><\/figure>\n\n\n\n<p><strong>En Lima:&nbsp;<\/strong><\/p>\n\n\n\n<ul class=\"wp-block-list\">\n<li>ACNUR: orientaci\u00f3n general sobre derechos y servicios, incluyendo documentaci\u00f3n, acceso a la condici\u00f3n de persona refugiada en el Per\u00fa, y gesti\u00f3n de casos.&nbsp;<\/li>\n<\/ul>\n\n\n\n<ul class=\"wp-block-list\">\n<li>Comisi\u00f3n Especial para los Refugiados (CEPR): recepci\u00f3n y registro de solicitantes de la condici\u00f3n de persona refugiada en el Per\u00fa.&nbsp;<\/li>\n<\/ul>\n\n\n\n<ul class=\"wp-block-list\">\n<li>Superintendencia Nacional de Migraciones (SNM): orientaci\u00f3n sobre tr\u00e1mites migratorios, entrega del Carn\u00e9 de Extranjer\u00eda y toma de datos biom\u00e9tricos.&nbsp;<\/li>\n<\/ul>\n\n\n\n<ul class=\"wp-block-list\">\n<li>Encuentros SJM: asistencia legal y psicosocial.&nbsp;<\/li>\n<\/ul>\n\n\n\n<ul class=\"wp-block-list\">\n<li>Socios en Salud: atenci\u00f3n primaria de salud.&nbsp;<\/li>\n<\/ul>\n\n\n\n<ul class=\"wp-block-list\">\n<li>World Vision: acceso a empleo y medios de vida.&nbsp;<\/li>\n<\/ul>\n\n\n\n<p><strong>\u00bfD\u00f3nde se encuentran y en qu\u00e9 horarios atienden?<\/strong>&nbsp;<\/p>\n\n\n\n<p><strong>Lima:&nbsp;<\/strong><\/p>\n\n\n\n<div class=\"wp-block-columns is-layout-flex wp-container-core-columns-is-layout-9d6595d7 wp-block-columns-is-layout-flex\">\n<div class=\"wp-block-column is-layout-flow wp-block-column-is-layout-flow\">\n<ul class=\"wp-block-list\">\n<li>San Juan de Lurigancho: Centro Pastoral San Jos\u00e9, Calle La Coralinas Mz. L6, Lote 7. Urb. Las Flores de Lima. Ref. Altura del paradero 8 de la AV. Las Flores. Al costado del Colegio Daniel A. Robles.  <\/li>\n<\/ul>\n\n\n\n<ul class=\"wp-block-list\">\n<li>Cercado de Lima: Jir\u00f3n Hern\u00e1n Velarde n.\u00b0, Urb. Santa Beatriz. Ref. Casa 11. Altura del parque Hern\u00e1n Velarde, a espalda del Banco de la Naci\u00f3n de Av. 28 de Julio. <\/li>\n<\/ul>\n\n\n\n<ul class=\"wp-block-list\">\n<li>Chorrillos: Parroquia Cristo Misionero del Padre. Calle San Rodolfo S\/N Urb. Villa Marina, Chorrillos. (A espaldas de la Sede del Poder Judicial Villa Marina).<\/li>\n<\/ul>\n\n\n\n<ul class=\"wp-block-list\">\n<li>San Mart\u00edn de Porres: Av. Progreso 201. Ref. Altura estaci\u00f3n del Metropolitano Los Jazmines. Cruce de Av. Progreso con Av. Ca\u00f1ete, al frente de la Parroquia Santa Mar\u00eda del Carmen. <\/li>\n<\/ul>\n\n\n\n<ul class=\"wp-block-list\">\n<li>Pueblo Libre: Jr. General Clovis n.\u00b0 745, Pueblo Libre. (Parque El Carmen de Pueblo Libre\/ Mercado Bol\u00edvar)<\/li>\n<\/ul>\n<\/div>\n\n\n\n<div class=\"wp-block-column is-layout-flow wp-block-column-is-layout-flow\">\n<figure class=\"wp-block-image size-large\"><img loading=\"lazy\" decoding=\"async\" width=\"725\" height=\"1024\" src=\"https:\/\/help.unhcr.org\/peru\/wp-content\/uploads\/sites\/27\/2025\/09\/EdP-mapa-Lima-1-725x1024.png\" alt=\"\" class=\"wp-image-2354\" srcset=\"https:\/\/help.unhcr.org\/peru\/wp-content\/uploads\/sites\/27\/2025\/09\/EdP-mapa-Lima-1-725x1024.png 725w, https:\/\/help.unhcr.org\/peru\/wp-content\/uploads\/sites\/27\/2025\/09\/EdP-mapa-Lima-1-212x300.png 212w, https:\/\/help.unhcr.org\/peru\/wp-content\/uploads\/sites\/27\/2025\/09\/EdP-mapa-Lima-1-768x1085.png 768w, https:\/\/help.unhcr.org\/peru\/wp-content\/uploads\/sites\/27\/2025\/09\/EdP-mapa-Lima-1-1087x1536.png 1087w, https:\/\/help.unhcr.org\/peru\/wp-content\/uploads\/sites\/27\/2025\/09\/EdP-mapa-Lima-1.png 1123w\" sizes=\"auto, (max-width: 725px) 100vw, 725px\" \/><\/figure>\n<\/div>\n<\/div>\n\n\n\n<p><strong>Horarios de atenci\u00f3n en Lima: <\/strong><\/p>\n\n\n\n<figure class=\"wp-block-table\"><table class=\"has-fixed-layout\"><tbody><tr><td>Horarios&nbsp;<\/td><td><strong>San Juan de Lurigancho<\/strong>&nbsp;<\/td><td><strong>San Mart\u00edn de Porres<\/strong>&nbsp;<\/td><td><strong>Lima Cercado<\/strong>&nbsp;<\/td><td><strong>Chorrillos <\/strong>&nbsp;<\/td><td><strong>Pueblo Libre <\/strong>&nbsp;<\/td><\/tr><tr><td><strong>Lunes a viernes&nbsp;<\/strong>&nbsp;<\/td><td><strong>ACNUR<\/strong> 8:00 &#8211; 17:00<br><br><strong>CEPR <\/strong>8:00- 17:00&nbsp;<br>&nbsp;<br><strong>Encuentros- legal y social<\/strong> 8:00- 17:00&nbsp;<br>&nbsp;<br><strong>Socios en Salud:<\/strong> de 8:00am a 5:00 pm. <em>lunes, mi\u00e9rcoles y viernes<\/em>*<br><br><strong>World Vision: <\/strong>08:30am a 16:00 pm. <em>martes, mi\u00e9rcoles y viernes*<\/em><\/td><td><br><br><strong>ACNUR<\/strong> 08:00 &#8211; 17:00 <br><br><strong>CEPR<\/strong> 08:00 &#8211; 17:00 <br><br><strong>Encuentros- legal y social<\/strong> 8:00- 17:00<br><br><strong>Socios en Salud:<\/strong> de 8:00am a 5:00 pm. <em>lunes, mi\u00e9rcoles y viernes<\/em>*<br><br><strong>World Vision: <\/strong>08:30am a 16:00 pm. <em>martes, mi\u00e9rcoles y viernes*<\/em><br><br><\/td><td><strong>ACNUR<\/strong> 8:00 &#8211; 17:00<br><br><strong>CEPR<\/strong> 8:00- 17:00&nbsp;<br><br><strong>Encuentros- legal<\/strong> <strong>y social: <\/strong>8:00- 17:00<br><br><strong>Socios en Salud:<\/strong> de 8:00am a 5:00pm<em>. martes y jueves*<\/em> <br><br><strong>World Vision: <\/strong>08:30am a 16:00 pm. <em>martes, mi\u00e9rcoles y viernes*<\/em><\/td><td><strong>ACNUR<\/strong> 8:00 &#8211; 17:00<br><br><strong>Encuentros- legal, social y comunitaria-<\/strong> 8:00- 17:00&nbsp;<br><br><strong>Socios en Salud:<\/strong> de 8:00am a 5:00pm<em>. jueves*<\/em><\/td><td><strong>ACNUR<\/strong> 8:00 &#8211; 17:00<br><br><strong>CEPR<\/strong> 8:00- 17:00&nbsp;<br><br><strong>Encuentros- legal y social:<\/strong><br>8:00- 17:00&nbsp;&nbsp;<br><br><strong>Socios en Salud:<\/strong> de 8:00am a 5:00pm<em>. martes<\/em>*<br><br><\/td><\/tr><tr><td><strong>Mi\u00e9rcoles<\/strong><\/td><td><strong>ULE<\/strong> 8:00 am \u2013 2pm<\/td><td><\/td><td>&nbsp;<\/td><td>&nbsp;&nbsp;<\/td><td>&nbsp;<\/td><\/tr><\/tbody><\/table><\/figure>\n\n\n\n<p class=\"has-text-align-left has-medium-font-size\"><strong>\u00a1Importante!<\/strong><\/p>\n\n\n\n<p><em><strong>A partir del 15 de diciembre, <\/strong>la atenci\u00f3n de ACNUR y Encuentros SJM (orientaci\u00f3n legal), Socios en Salud (atenci\u00f3n m\u00e9dica) y World Vision (b\u00fasqueda de empleo) en el Espacio de Protecci\u00f3n de <strong>San Martin de Porres, Cercado de Lima y Pueblo Libre ser\u00e1 solo con cita previa<\/strong><\/em>. Puedes agendar tu cita llamando a nuestra l\u00ednea de atenci\u00f3n <strong>InfoACNUR Per\u00fa<\/strong>: 0800-719-29<\/p>\n\n\n\n<p><\/p>\n","protected":false},"excerpt":{"rendered":"<p>Los Espacios de Protecci\u00f3n (EdP) son lugares donde las personas que han tenido que huir de su pa\u00eds pueden acceder a servicios e informaci\u00f3n. ACNUR, la Agencia de la ONU para los Refugiados, trabaja con autoridades nacionales y locales, socios y agentes comunitarios para brindar apoyo en los EdP. Existen seis Espacios de Protecci\u00f3n en [&hellip;]<\/p>\n","protected":false},"author":527,"featured_media":0,"parent":73,"menu_order":0,"comment_status":"closed","ping_status":"closed","template":"","meta":{"_acf_changed":false,"footnotes":""},"class_list":["post-2329","page","type-page","status-publish","hentry"],"acf":[],"_links":{"self":[{"href":"https:\/\/help.unhcr.org\/peru\/wp-json\/wp\/v2\/pages\/2329","targetHints":{"allow":["GET"]}}],"collection":[{"href":"https:\/\/help.unhcr.org\/peru\/wp-json\/wp\/v2\/pages"}],"about":[{"href":"https:\/\/help.unhcr.org\/peru\/wp-json\/wp\/v2\/types\/page"}],"author":[{"embeddable":true,"href":"https:\/\/help.unhcr.org\/peru\/wp-json\/wp\/v2\/users\/527"}],"replies":[{"embeddable":true,"href":"https:\/\/help.unhcr.org\/peru\/wp-json\/wp\/v2\/comments?post=2329"}],"version-history":[{"count":26,"href":"https:\/\/help.unhcr.org\/peru\/wp-json\/wp\/v2\/pages\/2329\/revisions"}],"predecessor-version":[{"id":2428,"href":"https:\/\/help.unhcr.org\/peru\/wp-json\/wp\/v2\/pages\/2329\/revisions\/2428"}],"up":[{"embeddable":true,"href":"https:\/\/help.unhcr.org\/peru\/wp-json\/wp\/v2\/pages\/73"}],"wp:attachment":[{"href":"https:\/\/help.unhcr.org\/peru\/wp-json\/wp\/v2\/media?parent=2329"}],"curies":[{"name":"wp","href":"https:\/\/api.w.org\/{rel}","templated":true}]}}