{"id":180,"date":"2021-05-25T00:42:45","date_gmt":"2021-05-25T00:42:45","guid":{"rendered":"http:\/\/help.unhcr.org\/peru\/?page_id=180"},"modified":"2024-11-26T22:08:49","modified_gmt":"2024-11-26T22:08:49","slug":"reasentamiento","status":"publish","type":"page","link":"https:\/\/help.unhcr.org\/peru\/reasentamiento\/","title":{"rendered":"Reasentamiento"},"content":{"rendered":"\n<p>El reasentamiento es el proceso que permite el traslado de personas refugiadas o solicitantes de refugio desde Per\u00fa a un tercer pa\u00eds que ha aceptado acogerlas.&nbsp;<\/p>\n\n\n\n<div class=\"wp-block-media-text has-media-on-the-right is-stacked-on-mobile\" style=\"grid-template-columns:auto 47%\"><div class=\"wp-block-media-text__content\">\n<p class=\"has-white-color has-text-color has-background has-link-color wp-elements-152cb6fd16f93bea526785e7c2f22b0a\" style=\"background-color:#0072bb\"><strong>\u00bfEl reasentamiento en un tercer pa\u00eds es un derecho?&nbsp; <\/strong>&nbsp;<\/p>\n\n\n\n<p>El reasentamiento a un tercer pa\u00eds <strong>NO<\/strong> es un derecho de las personas refugiadas. Este procedimiento es una soluci\u00f3n duradera reservada para casos que presentan riesgos y\/o necesidades espec\u00edficas de protecci\u00f3n en el pa\u00eds de refugio, y que necesita de la aprobaci\u00f3n de los gobiernos de los pa\u00edses que poseen programas de reasentamiento.&nbsp;<\/p>\n<\/div><figure class=\"wp-block-media-text__media\"><img loading=\"lazy\" decoding=\"async\" width=\"1024\" height=\"1024\" src=\"https:\/\/help.unhcr.org\/peru\/wp-content\/uploads\/sites\/27\/2023\/12\/Resettlement-Refugees-01-1024x1024.jpg\" alt=\"\" class=\"wp-image-1477 size-full\" srcset=\"https:\/\/help.unhcr.org\/peru\/wp-content\/uploads\/sites\/27\/2023\/12\/Resettlement-Refugees-01-1024x1024.jpg 1024w, https:\/\/help.unhcr.org\/peru\/wp-content\/uploads\/sites\/27\/2023\/12\/Resettlement-Refugees-01-300x300.jpg 300w, https:\/\/help.unhcr.org\/peru\/wp-content\/uploads\/sites\/27\/2023\/12\/Resettlement-Refugees-01-150x150.jpg 150w, https:\/\/help.unhcr.org\/peru\/wp-content\/uploads\/sites\/27\/2023\/12\/Resettlement-Refugees-01-768x768.jpg 768w, https:\/\/help.unhcr.org\/peru\/wp-content\/uploads\/sites\/27\/2023\/12\/Resettlement-Refugees-01-1536x1536.jpg 1536w, https:\/\/help.unhcr.org\/peru\/wp-content\/uploads\/sites\/27\/2023\/12\/Resettlement-Refugees-01-2048x2048.jpg 2048w\" sizes=\"auto, (max-width: 1024px) 100vw, 1024px\" \/><\/figure><\/div>\n\n\n\n<p class=\"has-white-color has-text-color has-background has-link-color wp-elements-ad9d63aff35dcfc557029a7c08aa5043\" style=\"background-color:#0072bb\"><strong>\u00bfC\u00f3mo puedo aplicar al reasentamiento?&nbsp;<\/strong>&nbsp;<\/p>\n\n\n\n<p>No existe un programa al que se pueda aplicar, el reasentamiento es un proceso llevado por los gobiernos de terceros pa\u00edses con apoyo del ACNUR, que identifican a familias para que se trasladen a un tercer pa\u00eds.&nbsp;El reasentamiento NO ES DERECHO de las personas refugiadas, lo cual significa que no se puede aplicar y o apelar a las decisiones que tomen los pa\u00edses.&nbsp;<\/p>\n\n\n\n<p class=\"has-white-color has-text-color has-background has-link-color wp-elements-b8575414fc82a3cf51958948353c56f8\" style=\"background-color:#0072bb\"><strong>\u00bfQui\u00e9n decide qu\u00e9 personas son reasentadas?&nbsp;&nbsp;<\/strong><\/p>\n\n\n\n<p>Este proceso es definido por las leyes y procedimientos del pa\u00eds que recibe a las personas. ACNUR y otras agencias humanitarias no deciden qu\u00e9 personas ser\u00e1n reasentadas.&nbsp;&nbsp;&nbsp;&nbsp;<\/p>\n\n\n\n<p class=\"has-white-color has-text-color has-background has-link-color wp-elements-1c1188dd2a18510b966bd28dde360644\" style=\"background-color:#0072bb\"><strong>\u00bfC\u00f3mo funciona el reasentamiento?&nbsp;&nbsp;<\/strong>&nbsp;<\/p>\n\n\n\n<p>El reasentamiento es un proceso mediante el cual ciertos casos con riesgos y necesidades de protecci\u00f3n espec\u00edficas pueden ser referidos para an\u00e1lisis dentro de ACNUR y luego por parte de los pa\u00edses con programas de reasentamiento pertinentes.&nbsp;<\/p>\n\n\n\n<p>No todas las personas que tienen entrevistas en y con ACNUR est\u00e1n dentro del proceso de reasentamiento. Si tu caso est\u00e1 siendo considerado para un proceso de reasentamiento un funcionario de ACNUR te lo comunicar\u00e1 usando los canales oficiales.&nbsp;&nbsp;&nbsp;<\/p>\n\n\n\n<p class=\"has-white-color has-text-color has-background has-link-color wp-elements-a80e694d25efaea84eb783d6626a1080\" style=\"background-color:#0072bb\"><strong>&nbsp;\u00bfPueden las personas refugiadas pedir el reasentamiento en un pa\u00eds determinado?&nbsp;<\/strong>&nbsp;<\/p>\n\n\n\n<p>No, las personas refugiadas no pueden escoger un pa\u00eds de reasentamiento.&nbsp;&nbsp;<\/p>\n\n\n\n<p class=\"has-white-color has-text-color has-background has-link-color wp-elements-2346d234c54dd14de8bb9b406a284e56\" style=\"background-color:#0072bb\"><strong>\u00bfQui\u00e9n toma la decisi\u00f3n final sobre reasentamiento?&nbsp;<\/strong>&nbsp;<\/p>\n\n\n\n<p>La decisi\u00f3n final sobre esta posibilidad se encuentra en las manos de los gobiernos y se basa en las leyes y procedimientos de cada pa\u00eds que acoger\u00e1 a las personas, ACNUR y otras organizaciones socias no toman decisiones sobre quien puede ser reasentado.&nbsp;&nbsp;<\/p>\n\n\n\n<p class=\"has-white-color has-text-color has-background has-link-color wp-elements-647deda0779bdd69d72067271b74a98d\" style=\"background-color:#0072bb\"><strong>Me ha contactado una persona o un grupo de personas ofreciendo ayuda para aplicar a reasentamiento. \u00bfQu\u00e9 debo hacer?&nbsp;<\/strong>&nbsp;<\/p>\n\n\n\n<p>Todos los servicios, incluyendo la informaci\u00f3n relacionada en el proceso de reasentamiento, son totalmente gratuitos y personales (no necesitas de abogados, representante o tramitador alguno).&nbsp;&nbsp;&nbsp;<\/p>\n\n\n\n<p>Cualquier persona, dentro o fuera del ACNUR, que ofrezca tales servicios o documentaci\u00f3n a cambio de dinero u otro favor comete fraude e infringe la ley.&nbsp;&nbsp;&nbsp;<\/p>\n\n\n\n<p>Si alguien te ha ofrecido ayudarte con tu proceso de reasentamiento, \u00a1den\u00fancialo! Manda un correo a <a href=\"mailto:perli@unhcr.org\" target=\"_blank\" rel=\"noreferrer noopener\">perli@unhcr.org<\/a> o llama de manera gratuita al 0800-719-29 opci\u00f3n 7.<\/p>\n\n\n\n<p class=\"has-white-color has-text-color has-background has-link-color wp-elements-51e883a430823bfd5338c42cfce91556\" style=\"background-color:#0072bb\"><strong>Si terceras personas, me aconsejan mentir sobre mi caso de reasentamiento, \u00bfeste ser\u00e1 procesado de manera m\u00e1s \u00e1gil?&nbsp;<\/strong>&nbsp;<\/p>\n\n\n\n<p>No. Falsificar informaci\u00f3n durante las entrevistas con ACNUR, en los formularios u otros documentos constituye fraude y resultar\u00e1 en el rechazo de la solicitud de reasentamiento.&nbsp;&nbsp;<\/p>\n\n\n\n<p>ACNUR y sus agencias socias tienen mecanismos rigurosos para verificar que los datos proporcionados sean reales.&nbsp; \u00a1Recuerda, tu caso puede ser negado en cualquier parte del proceso!&nbsp;&nbsp;<\/p>\n\n\n\n<p>Si alguien te ha aconsejado que mientas sobre tus datos en el proceso de reasentamiento, \u00a1den\u00fancialo! Manda un correo a <a href=\"mailto:perli@unhcr.org\" target=\"_blank\" rel=\"noreferrer noopener\">perli@unhcr.org<\/a> o llama de manera gratuita al 0800-719-29 opci\u00f3n 7.&nbsp;<\/p>\n\n\n\n<p class=\"has-white-color has-text-color has-background has-link-color wp-elements-8dd1b34021a95a4e894a8969c4352f70\" style=\"background-color:#0072bb\"><strong>Ya fui llamado\/a y asist\u00ed a la entrevista de reasentamiento \u00bfEsto significa que ya voy a viajar a un pa\u00eds de reasentamiento?&nbsp;<\/strong>&nbsp;<\/p>\n\n\n\n<p>No. El hecho de iniciar el proceso de reasentamiento no significa necesariamente que vas a ser aceptado por el pa\u00eds de reasentamiento.&nbsp;&nbsp;&nbsp;<\/p>\n\n\n\n<p class=\"has-white-color has-text-color has-background has-link-color wp-elements-6b8fd11f92065a96c4ad69d89a4aa1fa\" style=\"background-color:#0072bb\"><strong>Ya me notificaron que mi caso fue negado para reasentamiento, \u00bfpuedo apelar la decisi\u00f3n?&nbsp;<\/strong>&nbsp;<\/p>\n\n\n\n<p>No. El reasentamiento no es un derecho, por lo que no es posible apelar la decisi\u00f3n. Si el reasentamiento fue negado, debe continuar con su integraci\u00f3n local en Per\u00fa.<\/p>\n\n\n\n<figure class=\"wp-block-image size-large\"><img decoding=\"async\" src=\"https:\/\/help.unhcr.org\/peru\/wp-content\/uploads\/sites\/27\/2023\/12\/Si-alguien-te-contacta-ofreciendo-ayuda-para-reasentamiento-puedes-haber-sido-victima-de-fraude.gif\" alt=\"\" \/><\/figure>\n","protected":false},"excerpt":{"rendered":"<p>El reasentamiento es el proceso que permite el traslado de personas refugiadas o solicitantes de refugio desde Per\u00fa a un tercer pa\u00eds que ha aceptado acogerlas.&nbsp; \u00bfEl reasentamiento en un tercer pa\u00eds es un derecho?&nbsp; &nbsp; El reasentamiento a un tercer pa\u00eds NO es un derecho de las personas refugiadas. Este procedimiento es una soluci\u00f3n [&hellip;]<\/p>\n","protected":false},"author":398,"featured_media":0,"parent":0,"menu_order":12,"comment_status":"closed","ping_status":"closed","template":"","meta":{"_acf_changed":false,"footnotes":""},"class_list":["post-180","page","type-page","status-publish","hentry"],"acf":[],"_links":{"self":[{"href":"https:\/\/help.unhcr.org\/peru\/wp-json\/wp\/v2\/pages\/180","targetHints":{"allow":["GET"]}}],"collection":[{"href":"https:\/\/help.unhcr.org\/peru\/wp-json\/wp\/v2\/pages"}],"about":[{"href":"https:\/\/help.unhcr.org\/peru\/wp-json\/wp\/v2\/types\/page"}],"author":[{"embeddable":true,"href":"https:\/\/help.unhcr.org\/peru\/wp-json\/wp\/v2\/users\/398"}],"replies":[{"embeddable":true,"href":"https:\/\/help.unhcr.org\/peru\/wp-json\/wp\/v2\/comments?post=180"}],"version-history":[{"count":9,"href":"https:\/\/help.unhcr.org\/peru\/wp-json\/wp\/v2\/pages\/180\/revisions"}],"predecessor-version":[{"id":2229,"href":"https:\/\/help.unhcr.org\/peru\/wp-json\/wp\/v2\/pages\/180\/revisions\/2229"}],"wp:attachment":[{"href":"https:\/\/help.unhcr.org\/peru\/wp-json\/wp\/v2\/media?parent=180"}],"curies":[{"name":"wp","href":"https:\/\/api.w.org\/{rel}","templated":true}]}}