{"id":1623,"date":"2024-02-14T20:38:00","date_gmt":"2024-02-14T20:38:00","guid":{"rendered":"https:\/\/help.unhcr.org\/peru\/?page_id=1623"},"modified":"2024-11-26T22:06:25","modified_gmt":"2024-11-26T22:06:25","slug":"educacion-en-peru","status":"publish","type":"page","link":"https:\/\/help.unhcr.org\/peru\/educacion-en-peru\/","title":{"rendered":"Educaci\u00f3n en Per\u00fa"},"content":{"rendered":"\n<div class=\"wp-block-media-text has-media-on-the-right is-stacked-on-mobile is-vertically-aligned-top is-image-fill\" style=\"grid-template-columns:auto 44%\"><div class=\"wp-block-media-text__content\">\n<div style=\"height:13px\" aria-hidden=\"true\" class=\"wp-block-spacer\"><\/div>\n\n\n\n<p><strong>La educaci\u00f3n es un derecho universal <\/strong>para todas las ni\u00f1as, ni\u00f1os y adolescentes y<strong> en el caso del Per\u00fa<\/strong> <strong>se garantiza que sea gratuita para todos los estudiantes sin importar su nacionalidad o situaci\u00f3n migratoria.&nbsp;&nbsp;<\/strong><\/p>\n\n\n\n<div class=\"wp-block-group is-vertical is-content-justification-left is-layout-flex wp-container-core-group-is-layout-e7b6d761 wp-block-group-is-layout-flex\">\n<p>La principal instituci\u00f3n encargada de garantizar este derecho a nivel nacional es el <strong>Ministerio de Educaci\u00f3n (MINEDU) <\/strong>y a nivel distrital las encargadas son las <strong>Unidades de Gesti\u00f3n Educativas Locales <\/strong>o tambi\u00e9n llamadas <strong>UGEL.&nbsp;<\/strong>&nbsp;<\/p>\n<\/div>\n<\/div><figure class=\"wp-block-media-text__media\" style=\"background-image:url(https:\/\/help.unhcr.org\/peru\/wp-content\/uploads\/sites\/27\/2024\/02\/WhatsApp-Image-2024-02-09-at-10.42.17-1024x768.jpeg);background-position:42% 47%\"><img loading=\"lazy\" decoding=\"async\" width=\"1024\" height=\"768\" src=\"https:\/\/help.unhcr.org\/peru\/wp-content\/uploads\/sites\/27\/2024\/02\/WhatsApp-Image-2024-02-09-at-10.42.17-1024x768.jpeg\" alt=\"\" class=\"wp-image-1704 size-full\" srcset=\"https:\/\/help.unhcr.org\/peru\/wp-content\/uploads\/sites\/27\/2024\/02\/WhatsApp-Image-2024-02-09-at-10.42.17-1024x768.jpeg 1024w, https:\/\/help.unhcr.org\/peru\/wp-content\/uploads\/sites\/27\/2024\/02\/WhatsApp-Image-2024-02-09-at-10.42.17-300x225.jpeg 300w, https:\/\/help.unhcr.org\/peru\/wp-content\/uploads\/sites\/27\/2024\/02\/WhatsApp-Image-2024-02-09-at-10.42.17-768x576.jpeg 768w, https:\/\/help.unhcr.org\/peru\/wp-content\/uploads\/sites\/27\/2024\/02\/WhatsApp-Image-2024-02-09-at-10.42.17-1536x1152.jpeg 1536w, https:\/\/help.unhcr.org\/peru\/wp-content\/uploads\/sites\/27\/2024\/02\/WhatsApp-Image-2024-02-09-at-10.42.17.jpeg 1600w\" sizes=\"auto, (max-width: 1024px) 100vw, 1024px\" \/><\/figure><\/div>\n\n\n\n<div style=\"height:17px\" aria-hidden=\"true\" class=\"wp-block-spacer\"><\/div>\n\n\n\n<div style=\"height:20px\" aria-hidden=\"true\" class=\"wp-block-spacer\"><\/div>\n\n\n<div class=\"wp-block-image\">\n<figure class=\"aligncenter size-large is-resized\"><img loading=\"lazy\" decoding=\"async\" width=\"2560\" height=\"2150\" src=\"https:\/\/help.unhcr.org\/peru\/wp-content\/uploads\/sites\/27\/2024\/02\/Madre-e-hija-refugiada-migrante-Educacion-en-Peru-ACNUR-edited-scaled.jpg\" alt=\"\" class=\"wp-image-1717\" style=\"width:356px;height:auto\" srcset=\"https:\/\/help.unhcr.org\/peru\/wp-content\/uploads\/sites\/27\/2024\/02\/Madre-e-hija-refugiada-migrante-Educacion-en-Peru-ACNUR-edited-scaled.jpg 2560w, https:\/\/help.unhcr.org\/peru\/wp-content\/uploads\/sites\/27\/2024\/02\/Madre-e-hija-refugiada-migrante-Educacion-en-Peru-ACNUR-edited-300x252.jpg 300w, https:\/\/help.unhcr.org\/peru\/wp-content\/uploads\/sites\/27\/2024\/02\/Madre-e-hija-refugiada-migrante-Educacion-en-Peru-ACNUR-edited-1024x860.jpg 1024w, https:\/\/help.unhcr.org\/peru\/wp-content\/uploads\/sites\/27\/2024\/02\/Madre-e-hija-refugiada-migrante-Educacion-en-Peru-ACNUR-edited-768x645.jpg 768w, https:\/\/help.unhcr.org\/peru\/wp-content\/uploads\/sites\/27\/2024\/02\/Madre-e-hija-refugiada-migrante-Educacion-en-Peru-ACNUR-edited-1536x1290.jpg 1536w, https:\/\/help.unhcr.org\/peru\/wp-content\/uploads\/sites\/27\/2024\/02\/Madre-e-hija-refugiada-migrante-Educacion-en-Peru-ACNUR-edited-2048x1720.jpg 2048w\" sizes=\"auto, (max-width: 2560px) 100vw, 2560px\" \/><figcaption class=\"wp-element-caption\"><sub><em>Familia refugiada y migrante recibiendo informaci\u00f3n sobre matr\u00edcula escolar y participando de la campa\u00f1a &#8220;Educaci\u00f3n sin barreras, estudiar es mi derecho&#8221; de ACNUR Per\u00fa<\/em>. <em>\u00a9Luz Ivanna Garaycochea Avila<\/em><\/sub><\/figcaption><\/figure><\/div>\n\n\n<div class=\"wp-block-cover alignfull\" style=\"margin-top:0;padding-top:48px;padding-right:48px;padding-bottom:48px;padding-left:48px;font-size:0px;min-height:50px;aspect-ratio:unset;\"><span aria-hidden=\"true\" class=\"wp-block-cover__background has-background-dim-70 has-background-dim\" style=\"background-color:#0072b9\"><\/span><img loading=\"lazy\" decoding=\"async\" width=\"2200\" height=\"1700\" class=\"wp-block-cover__image-background wp-image-1752\" alt=\"\" src=\"https:\/\/help.unhcr.org\/peru\/wp-content\/uploads\/sites\/27\/2024\/02\/Guia-practica-de-Matricula-Escolar-en-Peru-y-acceso-a-educacion-superior-para-familias-refugiadas-y-migrantes-ACNUR-Peru_Pagina_1.jpg\" style=\"object-position:68% 9%\" data-object-fit=\"cover\" data-object-position=\"68% 9%\" srcset=\"https:\/\/help.unhcr.org\/peru\/wp-content\/uploads\/sites\/27\/2024\/02\/Guia-practica-de-Matricula-Escolar-en-Peru-y-acceso-a-educacion-superior-para-familias-refugiadas-y-migrantes-ACNUR-Peru_Pagina_1.jpg 2200w, https:\/\/help.unhcr.org\/peru\/wp-content\/uploads\/sites\/27\/2024\/02\/Guia-practica-de-Matricula-Escolar-en-Peru-y-acceso-a-educacion-superior-para-familias-refugiadas-y-migrantes-ACNUR-Peru_Pagina_1-300x232.jpg 300w, https:\/\/help.unhcr.org\/peru\/wp-content\/uploads\/sites\/27\/2024\/02\/Guia-practica-de-Matricula-Escolar-en-Peru-y-acceso-a-educacion-superior-para-familias-refugiadas-y-migrantes-ACNUR-Peru_Pagina_1-1024x791.jpg 1024w, https:\/\/help.unhcr.org\/peru\/wp-content\/uploads\/sites\/27\/2024\/02\/Guia-practica-de-Matricula-Escolar-en-Peru-y-acceso-a-educacion-superior-para-familias-refugiadas-y-migrantes-ACNUR-Peru_Pagina_1-768x593.jpg 768w, https:\/\/help.unhcr.org\/peru\/wp-content\/uploads\/sites\/27\/2024\/02\/Guia-practica-de-Matricula-Escolar-en-Peru-y-acceso-a-educacion-superior-para-familias-refugiadas-y-migrantes-ACNUR-Peru_Pagina_1-1536x1187.jpg 1536w, https:\/\/help.unhcr.org\/peru\/wp-content\/uploads\/sites\/27\/2024\/02\/Guia-practica-de-Matricula-Escolar-en-Peru-y-acceso-a-educacion-superior-para-familias-refugiadas-y-migrantes-ACNUR-Peru_Pagina_1-2048x1583.jpg 2048w\" sizes=\"auto, (max-width: 2200px) 100vw, 2200px\" \/><div class=\"wp-block-cover__inner-container is-layout-flow wp-block-cover-is-layout-flow\">\n<div class=\"wp-block-group has-white-color has-text-color has-link-color wp-elements-540cb7cead2dee56cbed0249febb285e is-content-justification-left\"><div class=\"wp-block-group__inner-container is-layout-constrained wp-container-core-group-is-layout-7206f975 wp-block-group-is-layout-constrained\">\n<h1 class=\"wp-block-heading has-text-align-left has-white-color has-text-color\" style=\"font-size:22px;font-style:normal;font-weight:700;letter-spacing:0px;line-height:1;text-transform:uppercase\">Gu\u00eda pr\u00e1ctica de Matr\u00edcula Escolar en Per\u00fa y acceso a educaci\u00f3n superior para familias refugiadas y migrantes<\/h1>\n<\/div><\/div>\n\n\n\n<div class=\"wp-block-buttons has-custom-font-size has-medium-font-size is-horizontal is-content-justification-left is-nowrap is-layout-flex wp-container-core-buttons-is-layout-9577f4e0 wp-block-buttons-is-layout-flex\">\n<div class=\"wp-block-button has-custom-font-size is-style-fill\" style=\"font-size:14px;font-style:normal;font-weight:900;letter-spacing:0px;text-transform:uppercase\"><a class=\"wp-block-button__link has-text-color has-background wp-element-button\" href=\"https:\/\/help.unhcr.org\/peru\/wp-content\/uploads\/sites\/27\/2024\/02\/Guia-practica-de-Matricula-Escolar-en-Peru-y-acceso-a-educacion-superior-para-familias-refugiadas-y-migrantes-ACNUR-Peru.pdf\" style=\"border-radius:19px;color:#0072b9;background-color:#f7e800;padding-top:24px;padding-right:48px;padding-bottom:24px;padding-left:48px\" rel=\"https:\/\/help.unhcr.org\/peru\/wp-content\/uploads\/sites\/27\/2024\/02\/Guia-practica-de-Matricula-Escolar-en-Peru-y-acceso-a-educacion-superior-para-familias-refugiadas-y-migrantes-ACNUR-Peru.pdf\"><strong>Descarga aqu\u00ed<\/strong><\/a><\/div>\n<\/div>\n<\/div><\/div>\n\n\n\n<div style=\"height:15px\" aria-hidden=\"true\" class=\"wp-block-spacer\"><\/div>\n\n\n\n<p>A continuaci\u00f3n, te compartimos informaci\u00f3n importante que debes conocer sobre el sistema educativo en Per\u00fa:<\/p>\n","protected":false},"excerpt":{"rendered":"<p>A continuaci\u00f3n, te compartimos informaci\u00f3n importante que debes conocer sobre el sistema educativo en Per\u00fa:<\/p>\n","protected":false},"author":398,"featured_media":1752,"parent":0,"menu_order":7,"comment_status":"closed","ping_status":"closed","template":"page-templates\/sectioned.php","meta":{"_acf_changed":false,"footnotes":""},"class_list":["post-1623","page","type-page","status-publish","has-post-thumbnail","hentry"],"acf":[],"_links":{"self":[{"href":"https:\/\/help.unhcr.org\/peru\/wp-json\/wp\/v2\/pages\/1623","targetHints":{"allow":["GET"]}}],"collection":[{"href":"https:\/\/help.unhcr.org\/peru\/wp-json\/wp\/v2\/pages"}],"about":[{"href":"https:\/\/help.unhcr.org\/peru\/wp-json\/wp\/v2\/types\/page"}],"author":[{"embeddable":true,"href":"https:\/\/help.unhcr.org\/peru\/wp-json\/wp\/v2\/users\/398"}],"replies":[{"embeddable":true,"href":"https:\/\/help.unhcr.org\/peru\/wp-json\/wp\/v2\/comments?post=1623"}],"version-history":[{"count":112,"href":"https:\/\/help.unhcr.org\/peru\/wp-json\/wp\/v2\/pages\/1623\/revisions"}],"predecessor-version":[{"id":2226,"href":"https:\/\/help.unhcr.org\/peru\/wp-json\/wp\/v2\/pages\/1623\/revisions\/2226"}],"wp:featuredmedia":[{"embeddable":true,"href":"https:\/\/help.unhcr.org\/peru\/wp-json\/wp\/v2\/media\/1752"}],"wp:attachment":[{"href":"https:\/\/help.unhcr.org\/peru\/wp-json\/wp\/v2\/media?parent=1623"}],"curies":[{"name":"wp","href":"https:\/\/api.w.org\/{rel}","templated":true}]}}