{"id":1128,"date":"2023-11-02T06:24:41","date_gmt":"2023-11-02T06:24:41","guid":{"rendered":"https:\/\/help.unhcr.org\/peru\/?page_id=1128"},"modified":"2025-01-29T19:48:47","modified_gmt":"2025-01-29T19:48:47","slug":"programa-movilidad-segura-de-ee-uu","status":"publish","type":"page","link":"https:\/\/help.unhcr.org\/peru\/programa-movilidad-segura-de-ee-uu\/","title":{"rendered":"Programa Movilidad Segura de EE. UU"},"content":{"rendered":"\n<p><em>Actualizado al 28 de enero de 2025.<\/em>&nbsp;<\/p>\n\n\n\n<p>?<strong>AVISO IMPORTANTE<\/strong><\/p>\n\n\n\n<p><strong>Tras una decisi\u00f3n del gobierno de los Estados Unidos, la Iniciativa de Movilidad Segura ya no est\u00e1 activa.&nbsp;<\/strong><\/p>\n\n\n\n<p><em>Por favor, tenga cuidado y est\u00e9 atento a posibles estafas y\/o mensajes o ofertas fraudulentas. No crea a nadie que le diga que puede ayudarle a salir del pa\u00eds m\u00e1s r\u00e1pidamente o acelerar su caso. Esto no es cierto. En caso de duda, por favor, contacte a su oficina local de ACNUR.<\/em><\/p>\n\n\n\n<p><strong>Recuerde que todos los servicios de ACNUR son gratuitos<\/strong><\/p>\n\n\n\n<figure class=\"wp-block-image size-full\"><img loading=\"lazy\" decoding=\"async\" width=\"741\" height=\"907\" src=\"https:\/\/help.unhcr.org\/peru\/wp-content\/uploads\/sites\/27\/2025\/01\/image.png\" alt=\"\" class=\"wp-image-2237\" srcset=\"https:\/\/help.unhcr.org\/peru\/wp-content\/uploads\/sites\/27\/2025\/01\/image.png 741w, https:\/\/help.unhcr.org\/peru\/wp-content\/uploads\/sites\/27\/2025\/01\/image-245x300.png 245w\" sizes=\"auto, (max-width: 741px) 100vw, 741px\" \/><\/figure>\n","protected":false},"excerpt":{"rendered":"<p>Actualizado al 28 de enero de 2025.&nbsp; ?AVISO IMPORTANTE Tras una decisi\u00f3n del gobierno de los Estados Unidos, la Iniciativa de Movilidad Segura ya no est\u00e1 activa.&nbsp; Por favor, tenga cuidado y est\u00e9 atento a posibles estafas y\/o mensajes o ofertas fraudulentas. No crea a nadie que le diga que puede ayudarle a salir del [&hellip;]<\/p>\n","protected":false},"author":398,"featured_media":0,"parent":0,"menu_order":5,"comment_status":"closed","ping_status":"closed","template":"","meta":{"_acf_changed":false,"footnotes":""},"class_list":["post-1128","page","type-page","status-publish","hentry"],"acf":[],"_links":{"self":[{"href":"https:\/\/help.unhcr.org\/peru\/wp-json\/wp\/v2\/pages\/1128","targetHints":{"allow":["GET"]}}],"collection":[{"href":"https:\/\/help.unhcr.org\/peru\/wp-json\/wp\/v2\/pages"}],"about":[{"href":"https:\/\/help.unhcr.org\/peru\/wp-json\/wp\/v2\/types\/page"}],"author":[{"embeddable":true,"href":"https:\/\/help.unhcr.org\/peru\/wp-json\/wp\/v2\/users\/398"}],"replies":[{"embeddable":true,"href":"https:\/\/help.unhcr.org\/peru\/wp-json\/wp\/v2\/comments?post=1128"}],"version-history":[{"count":42,"href":"https:\/\/help.unhcr.org\/peru\/wp-json\/wp\/v2\/pages\/1128\/revisions"}],"predecessor-version":[{"id":2239,"href":"https:\/\/help.unhcr.org\/peru\/wp-json\/wp\/v2\/pages\/1128\/revisions\/2239"}],"wp:attachment":[{"href":"https:\/\/help.unhcr.org\/peru\/wp-json\/wp\/v2\/media?parent=1128"}],"curies":[{"name":"wp","href":"https:\/\/api.w.org\/{rel}","templated":true}]}}