{"id":961,"date":"2026-05-03T21:27:07","date_gmt":"2026-05-03T21:27:07","guid":{"rendered":"https:\/\/help.unhcr.org\/paraguay\/?page_id=961"},"modified":"2026-05-03T21:34:37","modified_gmt":"2026-05-03T21:34:37","slug":"instituciones-publicas","status":"publish","type":"page","link":"https:\/\/help.unhcr.org\/paraguay\/orientacion-ayuda\/instituciones-publicas\/","title":{"rendered":"Instituciones p\u00fablicas"},"content":{"rendered":"\n<p>Desde ACNUR, apoyamos de manera subsidiaria a los organismos oficiales de los diferentes niveles de gobierno y establecemos asociaciones con organizaciones de la sociedad civil que brindan servicios de manera directa a las personas refugiadas y migrantes durante su proceso de integraci\u00f3n.<\/p>\n\n\n\n<p>Puedes contactarte desde cualquier punto del pa\u00eds:<\/p>\n\n\n\n<h3 class=\"wp-block-heading\">Comisi\u00f3n Nacional de Ap\u00e1tridas y Refugiados (CONARE)<\/h3>\n\n\n\n<p>Es el organismo p\u00fablico encargado de recibir las solicitudes de reconocimiento de la condici\u00f3n de persona refugiada, evaluar los casos y resolverlos. La CONARE tiene la responsabilidad de proteger los derechos de las personas refugiadas y solicitantes y contribuir a la b\u00fasqueda de opciones para su integraci\u00f3n local y asistencia. Para mayor informaci\u00f3n sobre el procedimiento, puedes visitar&nbsp;s<a href=\"https:\/\/help.unhcr.org\/paraguay\/solicitar-la-condicion-de-refugiado-a-en-paraguay\/\">olicitar la condici\u00f3n de refugiado\/a en Paraguay<\/a>.<\/p>\n\n\n\n<p><strong>Datos de contacto<\/strong><\/p>\n\n\n\n<ul class=\"wp-block-list\">\n<li><strong>WhatsApp:<\/strong>&nbsp;595 985 -323600<\/li>\n\n\n\n<li><strong>Correo electr\u00f3nico: <\/strong><a href=\"mailto:conare@mre.gov.py\">conare@mre.gov.py<\/a><\/li>\n\n\n\n<li><strong>Direcci\u00f3n:<\/strong>&nbsp;V\u00edctor Haedo 386 casi Alberdi \u2013 4to. Piso, Asunci\u00f3n<\/li>\n\n\n\n<li><strong>Sitio web: <\/strong>https:\/\/www.mre.gov.py\/conare\/<\/li>\n\n\n\n<li><strong>D\u00edas y horarios de atenci\u00f3n:<\/strong>&nbsp;lunes a viernes de 8 a 15 horas. Para solicitar refugio por primera vez, escribir un correo a: solicitorefugio@mre.gov.py  <\/li>\n<\/ul>\n","protected":false},"excerpt":{"rendered":"<p>Desde ACNUR, apoyamos de manera subsidiaria a los organismos oficiales de los diferentes niveles de gobierno y establecemos asociaciones con organizaciones de la sociedad civil que brindan servicios de manera directa a las personas refugiadas y migrantes durante su proceso de integraci\u00f3n. Puedes contactarte desde cualquier punto del pa\u00eds: Comisi\u00f3n Nacional de Ap\u00e1tridas y Refugiados [&hellip;]<\/p>\n","protected":false},"author":472,"featured_media":0,"parent":251,"menu_order":0,"comment_status":"closed","ping_status":"closed","template":"page-templates\/sectioned.php","meta":{"_acf_changed":false,"footnotes":""},"class_list":["post-961","page","type-page","status-publish","hentry"],"acf":[],"_links":{"self":[{"href":"https:\/\/help.unhcr.org\/paraguay\/wp-json\/wp\/v2\/pages\/961","targetHints":{"allow":["GET"]}}],"collection":[{"href":"https:\/\/help.unhcr.org\/paraguay\/wp-json\/wp\/v2\/pages"}],"about":[{"href":"https:\/\/help.unhcr.org\/paraguay\/wp-json\/wp\/v2\/types\/page"}],"author":[{"embeddable":true,"href":"https:\/\/help.unhcr.org\/paraguay\/wp-json\/wp\/v2\/users\/472"}],"replies":[{"embeddable":true,"href":"https:\/\/help.unhcr.org\/paraguay\/wp-json\/wp\/v2\/comments?post=961"}],"version-history":[{"count":2,"href":"https:\/\/help.unhcr.org\/paraguay\/wp-json\/wp\/v2\/pages\/961\/revisions"}],"predecessor-version":[{"id":971,"href":"https:\/\/help.unhcr.org\/paraguay\/wp-json\/wp\/v2\/pages\/961\/revisions\/971"}],"up":[{"embeddable":true,"href":"https:\/\/help.unhcr.org\/paraguay\/wp-json\/wp\/v2\/pages\/251"}],"wp:attachment":[{"href":"https:\/\/help.unhcr.org\/paraguay\/wp-json\/wp\/v2\/media?parent=961"}],"curies":[{"name":"wp","href":"https:\/\/api.w.org\/{rel}","templated":true}]}}