{"id":959,"date":"2026-05-03T21:21:34","date_gmt":"2026-05-03T21:21:34","guid":{"rendered":"https:\/\/help.unhcr.org\/paraguay\/?page_id=959"},"modified":"2026-05-03T21:32:12","modified_gmt":"2026-05-03T21:32:12","slug":"acnur-y-organizaciones-socias","status":"publish","type":"page","link":"https:\/\/help.unhcr.org\/paraguay\/orientacion-ayuda\/acnur-y-organizaciones-socias\/","title":{"rendered":"ACNUR y organizaciones socias"},"content":{"rendered":"\n<p>Desde ACNUR, apoyamos de manera subsidiaria a los organismos oficiales de los diferentes niveles de gobierno y establecemos asociaciones con organizaciones de la sociedad civil que brindan servicios de manera directa a las personas refugiadas y migrantes durante su proceso de integraci\u00f3n.<\/p>\n\n\n\n<h3 class=\"wp-block-heading\">ACNUR \u2013 Alto Comisionado de Naciones Unidas para los Refugiados<\/h3>\n\n\n\n<ul class=\"wp-block-list\">\n<li><strong>E-Mail:<\/strong>&nbsp;A trav\u00e9s del formulario disponible&nbsp;<a href=\"https:\/\/help.unhcr.org\/uruguay\/contacto\/\"><strong>aqu\u00ed<\/strong><\/a><\/li>\n\n\n\n<li><strong>RR SS:&nbsp;<\/strong>IG:&nbsp;<a href=\"https:\/\/www.instagram.com\/acnurconosur\/\" target=\"_blank\" rel=\"noreferrer noopener\">@acnurconosur \/<\/a>&nbsp;X:<a href=\"https:\/\/x.com\/ACNURConoSur\" target=\"_blank\" rel=\"noreferrer noopener\">&nbsp;@ACNURConoSur<\/a><\/li>\n\n\n\n<li><strong>Direcci\u00f3n:&nbsp;<\/strong>Ciudad de Buenos Aires, Argentina.<\/li>\n\n\n\n<li><strong>Servicios:<\/strong>&nbsp;informaci\u00f3n y orientaci\u00f3n sobre el proceso de determinaci\u00f3n de la condici\u00f3n de refugiado\/a y referencias a los servicios disponibles.<\/li>\n<\/ul>\n\n\n\n<h3 class=\"wp-block-heading\">SPD &#8211; Semillas para la Democracia<\/h3>\n\n\n\n<ul class=\"wp-block-list\">\n<li><strong>Tel\u00e9fono\/WhatsApp:<\/strong>&nbsp;<a href=\"https:\/\/wa.me\/595974350980\">(+595) 974350980<\/a> \/ <a href=\"https:\/\/wa.me\/59521420323\">(+595) 21420323 <\/a><\/li>\n\n\n\n<li><strong>E-mail<\/strong>:&nbsp;<a href=\"mailto:info@sedhu.uy\">semillas@semillas.org.py<\/a><\/li>\n\n\n\n<li><strong>RR SS:&nbsp;<\/strong>IG:&nbsp;<a href=\"https:\/\/www.instagram.com\/sersedhu\/?hl=es-la\" target=\"_blank\" rel=\"noreferrer noopener\"><\/a><a href=\"https:\/\/www.instagram.com\/semillaspy\/\">@semillaspy<\/a> FB: <a href=\"https:\/\/www.facebook.com\/Semillaspy\">@Semillaspy<\/a><\/li>\n\n\n\n<li><strong>Direcci\u00f3n:<\/strong>&nbsp;Roma 1055, Asunci\u00f3n.<\/li>\n\n\n\n<li><strong>D\u00edas y horario de atenci\u00f3n:&nbsp;<\/strong>enviar mensaje al WhatsApp para realizar consultas o agendar turnos.<\/li>\n\n\n\n<li><strong>Servicios:&nbsp;<\/strong>asistencia legal y social; solicitud de la condici\u00f3n de persona refugiada y\/o ap\u00e1trida; asistencia humanitaria.<\/li>\n<\/ul>\n\n\n\n<p><\/p>\n","protected":false},"excerpt":{"rendered":"<p>Desde ACNUR, apoyamos de manera subsidiaria a los organismos oficiales de los diferentes niveles de gobierno y establecemos asociaciones con organizaciones de la sociedad civil que brindan servicios de manera directa a las personas refugiadas y migrantes durante su proceso de integraci\u00f3n. ACNUR \u2013 Alto Comisionado de Naciones Unidas para los Refugiados SPD &#8211; Semillas [&hellip;]<\/p>\n","protected":false},"author":472,"featured_media":0,"parent":251,"menu_order":0,"comment_status":"closed","ping_status":"closed","template":"page-templates\/sectioned.php","meta":{"_acf_changed":false,"footnotes":""},"class_list":["post-959","page","type-page","status-publish","hentry"],"acf":[],"_links":{"self":[{"href":"https:\/\/help.unhcr.org\/paraguay\/wp-json\/wp\/v2\/pages\/959","targetHints":{"allow":["GET"]}}],"collection":[{"href":"https:\/\/help.unhcr.org\/paraguay\/wp-json\/wp\/v2\/pages"}],"about":[{"href":"https:\/\/help.unhcr.org\/paraguay\/wp-json\/wp\/v2\/types\/page"}],"author":[{"embeddable":true,"href":"https:\/\/help.unhcr.org\/paraguay\/wp-json\/wp\/v2\/users\/472"}],"replies":[{"embeddable":true,"href":"https:\/\/help.unhcr.org\/paraguay\/wp-json\/wp\/v2\/comments?post=959"}],"version-history":[{"count":3,"href":"https:\/\/help.unhcr.org\/paraguay\/wp-json\/wp\/v2\/pages\/959\/revisions"}],"predecessor-version":[{"id":968,"href":"https:\/\/help.unhcr.org\/paraguay\/wp-json\/wp\/v2\/pages\/959\/revisions\/968"}],"up":[{"embeddable":true,"href":"https:\/\/help.unhcr.org\/paraguay\/wp-json\/wp\/v2\/pages\/251"}],"wp:attachment":[{"href":"https:\/\/help.unhcr.org\/paraguay\/wp-json\/wp\/v2\/media?parent=959"}],"curies":[{"name":"wp","href":"https:\/\/api.w.org\/{rel}","templated":true}]}}