{"id":826,"date":"2025-03-11T14:16:51","date_gmt":"2025-03-11T14:16:51","guid":{"rendered":"https:\/\/help.unhcr.org\/paraguay\/?page_id=826"},"modified":"2025-03-24T15:44:44","modified_gmt":"2025-03-24T15:44:44","slug":"acceso-a-la-educacion","status":"publish","type":"page","link":"https:\/\/help.unhcr.org\/paraguay\/acceso-a-la-educacion\/","title":{"rendered":"Acceso a la Educaci\u00f3n"},"content":{"rendered":"\n<p>Las personas solicitantes de asilo y refugiadas tienen derecho a la Educaci\u00f3n en Paraguay conforme a lo que establece la Ley N\u00ba 1.938\/2002 &#8211; Ley General Sobre los Refugiados . <\/p>\n\n\n\n<p>El sistema educativo paraguayo se desagrega en los diferentes niveles:<\/p>\n\n\n\n<ul class=\"wp-block-list\">\n<li>Educaci\u00f3n Inicial: 0 a 5 a\u00f1os (guarder\u00edas hasta preescolar)<\/li>\n\n\n\n<li>Educaci\u00f3n Escolar B\u00e1sica: 6 a 14 a\u00f1os (9 grados segmentados en 3 ciclos)<\/li>\n\n\n\n<li>Educaci\u00f3n Media: 15 a 17 a\u00f1os (3 a\u00f1os de educaci\u00f3n media con 2 modalidades: Bachillerato Cient\u00edfico y Bachillerato T\u00e9cnico).<\/li>\n<\/ul>\n\n\n\n<p>El per\u00edodo escolar en Paraguay se extiende desde febrero a noviembre.<\/p>\n\n\n\n<p>A tener en cuenta: En Paraguay la Supervisi\u00f3n Educativa tiene como funci\u00f3n fortalecer la gesti\u00f3n escolar. Por inconvenienes en las inscripciones escolares es posible solicitar la intervenci\u00f3n de la supervisi\u00f3n que corresponda al departamento al que pertenezca la escuela. Puedes consultar las referencias <a href=\"https:\/\/www.google.com\/search?sca_esv=3c1b2768c64ab720&amp;rlz=1C1GCEB_enAR1091AR1092&amp;tbm=lcl&amp;sxsrf=AHTn8zpzvJkdkylTYpgXU7utW57Fc6lSiw:1742828222076&amp;q=COORDINACIONES+DEPARTAMENTALES+DE+SUPERVISI%C3%93N+Y+SUPERVISIONES+EDUCATIVAS+en+Paraguay&amp;rflfq=1&amp;num=10&amp;sa=X&amp;ved=2ahUKEwjpg9OI_aKMAxW5qZUCHdKXCCgQjGp6BAgiEAE&amp;biw=1280&amp;bih=533&amp;dpr=1.5#rlfi=hd:;si:;mv:[[-22.2527464,-54.442584],[-27.622957099999997,-57.809528699999994]];tbs:lrf:!1m4!1u3!2m2!3m1!1e1!1m4!1u2!2m2!2m1!1e1!2m1!1e2!2m1!1e3!3sIAE,lf:1,lf_ui:2\" data-type=\"link\" data-id=\"https:\/\/www.google.com\/search?sca_esv=3c1b2768c64ab720&amp;rlz=1C1GCEB_enAR1091AR1092&amp;tbm=lcl&amp;sxsrf=AHTn8zpzvJkdkylTYpgXU7utW57Fc6lSiw:1742828222076&amp;q=COORDINACIONES+DEPARTAMENTALES+DE+SUPERVISI%C3%93N+Y+SUPERVISIONES+EDUCATIVAS+en+Paraguay&amp;rflfq=1&amp;num=10&amp;sa=X&amp;ved=2ahUKEwjpg9OI_aKMAxW5qZUCHdKXCCgQjGp6BAgiEAE&amp;biw=1280&amp;bih=533&amp;dpr=1.5#rlfi=hd:;si:;mv:[[-22.2527464,-54.442584],[-27.622957099999997,-57.809528699999994]];tbs:lrf:!1m4!1u3!2m2!3m1!1e1!1m4!1u2!2m2!2m1!1e1!2m1!1e2!2m1!1e3!3sIAE,lf:1,lf_ui:2\">aqu\u00ed.<\/a><\/p>\n\n\n\n<p>A continuaci\u00f3n se detalla informaci\u00f3n espec\u00edfica vinculada a la educaci\u00f3n obligatoria de ni\u00f1os, ni\u00f1as y adolescentes, informaci\u00f3n para la formaci\u00f3n t\u00e9cnica de personas adultas y el reconocimiento de los estudios realizados en el extranjero:<\/p>\n\n\n\n<p><\/p>\n","protected":false},"excerpt":{"rendered":"<p>Las personas solicitantes de asilo y refugiadas tienen derecho a la Educaci\u00f3n en Paraguay conforme a lo que establece la Ley N\u00ba 1.938\/2002 &#8211; Ley General Sobre los Refugiados . El sistema educativo paraguayo se desagrega en los diferentes niveles: El per\u00edodo escolar en Paraguay se extiende desde febrero a noviembre. A tener en cuenta: [&hellip;]<\/p>\n","protected":false},"author":473,"featured_media":0,"parent":0,"menu_order":8,"comment_status":"closed","ping_status":"closed","template":"page-templates\/sectioned.php","meta":{"_acf_changed":false,"footnotes":""},"class_list":["post-826","page","type-page","status-publish","hentry"],"acf":[],"_links":{"self":[{"href":"https:\/\/help.unhcr.org\/paraguay\/wp-json\/wp\/v2\/pages\/826","targetHints":{"allow":["GET"]}}],"collection":[{"href":"https:\/\/help.unhcr.org\/paraguay\/wp-json\/wp\/v2\/pages"}],"about":[{"href":"https:\/\/help.unhcr.org\/paraguay\/wp-json\/wp\/v2\/types\/page"}],"author":[{"embeddable":true,"href":"https:\/\/help.unhcr.org\/paraguay\/wp-json\/wp\/v2\/users\/473"}],"replies":[{"embeddable":true,"href":"https:\/\/help.unhcr.org\/paraguay\/wp-json\/wp\/v2\/comments?post=826"}],"version-history":[{"count":9,"href":"https:\/\/help.unhcr.org\/paraguay\/wp-json\/wp\/v2\/pages\/826\/revisions"}],"predecessor-version":[{"id":879,"href":"https:\/\/help.unhcr.org\/paraguay\/wp-json\/wp\/v2\/pages\/826\/revisions\/879"}],"wp:attachment":[{"href":"https:\/\/help.unhcr.org\/paraguay\/wp-json\/wp\/v2\/media?parent=826"}],"curies":[{"name":"wp","href":"https:\/\/api.w.org\/{rel}","templated":true}]}}