{"id":779,"date":"2025-03-10T16:23:13","date_gmt":"2025-03-10T16:23:13","guid":{"rendered":"https:\/\/help.unhcr.org\/paraguay\/?page_id=779"},"modified":"2025-03-19T17:56:41","modified_gmt":"2025-03-19T17:56:41","slug":"convalidacion-de-titulos-superiores","status":"publish","type":"page","link":"https:\/\/help.unhcr.org\/paraguay\/acceso-a-empleo\/convalidacion-de-titulos-superiores\/","title":{"rendered":"Convalidaci\u00f3n de t\u00edtulos superiores"},"content":{"rendered":"\n<p>Para tramitar el reconocimiento de t\u00edtulos expedidos por instituciones de educaci\u00f3n superior en el extranjero, debes ingresar a la p\u00e1gina del Consejo Nacional de Educaci\u00f3n Superior, CONES, <a href=\"https:\/\/cones.gov.py\/reconocimiento-de-titulos-extranjeros\/\">CONES &#8211; Reconocimientos de t\u00edtulos extranjeros<\/a>. All\u00ed puedes encontrar la informaci\u00f3n detallada y los pasos para avanzar con el tr\u00e1mite.<\/p>\n\n\n\n<p>Debes tener en cuenta los siguientes requisitos:<\/p>\n\n\n\n<p>1- Constancia de solicitud de asilo emitida por la Conare o documentaci\u00f3n definitiva.<\/p>\n\n\n\n<p>2- T\u00edtulo o diploma original o su equivalente en el pa\u00eds de origen. El mismo debe estar apostillado por la Haya o legalizado por el Consulado Paraguayo en el pa\u00eds de origen y el Ministerio de Relaciones Exteriores del Paraguay.<\/p>\n\n\n\n<p>3- En caso de no contar con el titulo o diploma original, se podr\u00e1 presentar el certificado de estudio original firmado por la autoridad competente de la Instituci\u00f3n de Educaci\u00f3n Superior de origen.<\/p>\n\n\n\n<p>4- Si los documentos estpan en otro idioma que no sea el castellano, portugu\u00e9s o guaran\u00ed, se debe contar con la traducci\u00f3n por traductor p\u00fablico matriculado.<\/p>\n\n\n\n<p>5- Documento de identidad civil vigente o pasaporte.<\/p>\n\n\n\n<p><\/p>\n","protected":false},"excerpt":{"rendered":"<p>Para tramitar el reconocimiento de t\u00edtulos expedidos por instituciones de educaci\u00f3n superior en el extranjero, debes ingresar a la p\u00e1gina del Consejo Nacional de Educaci\u00f3n Superior, CONES, CONES &#8211; Reconocimientos de t\u00edtulos extranjeros. All\u00ed puedes encontrar la informaci\u00f3n detallada y los pasos para avanzar con el tr\u00e1mite. Debes tener en cuenta los siguientes requisitos: 1- [&hellip;]<\/p>\n","protected":false},"author":473,"featured_media":0,"parent":508,"menu_order":3,"comment_status":"closed","ping_status":"closed","template":"page-templates\/listing_page.php","meta":{"_acf_changed":false,"footnotes":""},"class_list":["post-779","page","type-page","status-publish","hentry"],"acf":[],"_links":{"self":[{"href":"https:\/\/help.unhcr.org\/paraguay\/wp-json\/wp\/v2\/pages\/779","targetHints":{"allow":["GET"]}}],"collection":[{"href":"https:\/\/help.unhcr.org\/paraguay\/wp-json\/wp\/v2\/pages"}],"about":[{"href":"https:\/\/help.unhcr.org\/paraguay\/wp-json\/wp\/v2\/types\/page"}],"author":[{"embeddable":true,"href":"https:\/\/help.unhcr.org\/paraguay\/wp-json\/wp\/v2\/users\/473"}],"replies":[{"embeddable":true,"href":"https:\/\/help.unhcr.org\/paraguay\/wp-json\/wp\/v2\/comments?post=779"}],"version-history":[{"count":5,"href":"https:\/\/help.unhcr.org\/paraguay\/wp-json\/wp\/v2\/pages\/779\/revisions"}],"predecessor-version":[{"id":868,"href":"https:\/\/help.unhcr.org\/paraguay\/wp-json\/wp\/v2\/pages\/779\/revisions\/868"}],"up":[{"embeddable":true,"href":"https:\/\/help.unhcr.org\/paraguay\/wp-json\/wp\/v2\/pages\/508"}],"wp:attachment":[{"href":"https:\/\/help.unhcr.org\/paraguay\/wp-json\/wp\/v2\/media?parent=779"}],"curies":[{"name":"wp","href":"https:\/\/api.w.org\/{rel}","templated":true}]}}