{"id":773,"date":"2025-03-10T15:45:33","date_gmt":"2025-03-10T15:45:33","guid":{"rendered":"https:\/\/help.unhcr.org\/paraguay\/?page_id=773"},"modified":"2025-03-19T12:53:13","modified_gmt":"2025-03-19T12:53:13","slug":"773-2","status":"publish","type":"page","link":"https:\/\/help.unhcr.org\/paraguay\/acceso-a-empleo\/773-2\/","title":{"rendered":"Emprededores y Emprendedoras"},"content":{"rendered":"\n<p>Para las personas que est\u00e1n emprendiendo o piensan hacerlo, existen instituciones y organizaciones que ofrecen diversos tipos de recursos, desde capacitaciones hasta la posibilidad de participar en ferias.<\/p>\n\n\n\n<p>El <a href=\"https:\/\/www.snpp.edu.py\/unidades-operativas.html?id=13251\" data-type=\"link\" data-id=\"https:\/\/www.snpp.edu.py\/unidades-operativas.html?id=13251\">Centro de Entrenamiento del Emprendedor<\/a> (CEE) es un espacio a trav\u00e9s del cual, quienes deciden emprender, pueden acceder a herramientas para el desarrollo de su negocio y obtener apoyo para el proceso de formalizaci\u00f3n de la MIPYMES. El centro tiene como objetivo aumentar las competencias de las y los emprendedores para contribuir a la sostenibilidad de las iniciativas brindando orientaci\u00f3n, capacitaci\u00f3n, asistencia t\u00e9cnica y articulaci\u00f3n con diversos actores del ecosistema emprendedor.<\/p>\n\n\n\n<p>Para acceder a informaci\u00f3n de contacto puedes hacer click <a href=\"https:\/\/www.mtess.gov.py\/cee-emprendimientos\">ac\u00e1<\/a><\/p>\n\n\n\n<p>El <a href=\"https:\/\/www.snpp.edu.py\/institucional\/qui%C3%A9nes-somos.html\">Servicio Nacional de Promoci\u00f3n Profesional<\/a>, SNPP, es un organismo que depende del Ministerio de Trabajo, Empleo y Seguridad Social que tambi\u00e9n dispone de alternativas para la formaci\u00f3n. Los cursos que ofrecen est\u00e1n dirigidos a personas de diferentes niveles y sectores de la econom\u00eda.<\/p>\n\n\n\n<p>Para acceder a informaci\u00f3n de contacto y a la oferta de capacitaciones puedes consultar <a href=\"https:\/\/www.snpp.edu.py\/\">ac\u00e1<\/a>.<\/p>\n","protected":false},"excerpt":{"rendered":"<p>Para las personas que est\u00e1n emprendiendo o piensan hacerlo, existen instituciones y organizaciones que ofrecen diversos tipos de recursos, desde capacitaciones hasta la posibilidad de participar en ferias. El Centro de Entrenamiento del Emprendedor (CEE) es un espacio a trav\u00e9s del cual, quienes deciden emprender, pueden acceder a herramientas para el desarrollo de su negocio [&hellip;]<\/p>\n","protected":false},"author":473,"featured_media":0,"parent":508,"menu_order":1,"comment_status":"closed","ping_status":"closed","template":"page-templates\/listing_page.php","meta":{"_acf_changed":false,"footnotes":""},"class_list":["post-773","page","type-page","status-publish","hentry"],"acf":[],"_links":{"self":[{"href":"https:\/\/help.unhcr.org\/paraguay\/wp-json\/wp\/v2\/pages\/773","targetHints":{"allow":["GET"]}}],"collection":[{"href":"https:\/\/help.unhcr.org\/paraguay\/wp-json\/wp\/v2\/pages"}],"about":[{"href":"https:\/\/help.unhcr.org\/paraguay\/wp-json\/wp\/v2\/types\/page"}],"author":[{"embeddable":true,"href":"https:\/\/help.unhcr.org\/paraguay\/wp-json\/wp\/v2\/users\/473"}],"replies":[{"embeddable":true,"href":"https:\/\/help.unhcr.org\/paraguay\/wp-json\/wp\/v2\/comments?post=773"}],"version-history":[{"count":6,"href":"https:\/\/help.unhcr.org\/paraguay\/wp-json\/wp\/v2\/pages\/773\/revisions"}],"predecessor-version":[{"id":860,"href":"https:\/\/help.unhcr.org\/paraguay\/wp-json\/wp\/v2\/pages\/773\/revisions\/860"}],"up":[{"embeddable":true,"href":"https:\/\/help.unhcr.org\/paraguay\/wp-json\/wp\/v2\/pages\/508"}],"wp:attachment":[{"href":"https:\/\/help.unhcr.org\/paraguay\/wp-json\/wp\/v2\/media?parent=773"}],"curies":[{"name":"wp","href":"https:\/\/api.w.org\/{rel}","templated":true}]}}