{"id":771,"date":"2025-03-10T15:43:09","date_gmt":"2025-03-10T15:43:09","guid":{"rendered":"https:\/\/help.unhcr.org\/paraguay\/?page_id=771"},"modified":"2025-04-04T15:11:04","modified_gmt":"2025-04-04T15:11:04","slug":"trabajo-en-paraguay","status":"publish","type":"page","link":"https:\/\/help.unhcr.org\/paraguay\/acceso-a-empleo\/trabajo-en-paraguay\/","title":{"rendered":"Trabajo en Paraguay"},"content":{"rendered":"\n<ul class=\"wp-block-list\">\n<li>Las personas refugiadas y solicitantes de refugio pueden ser contratadas o trabajar en relaci\u00f3n de dependencia. La remuneraci\u00f3n y las condiciones de empleo son las mismas que aplican a las personas paraguayas, conforme a la ley laboral N 213\/93.<\/li>\n\n\n\n<li>Las personas formalmente contratadas acceden a un seguro social, el IPS. La inscripci\u00f3n de los trabajadores al Instituto de Previsi\u00f3n Social-IPS es una responsabilidad de los empleadores quienes, por ley, deben tambi\u00e9n realizar los aportes mensuales. El seguro permite a los trabajadores acceder a cobertura por accidentes y enfermedades laborales, atenci\u00f3n m\u00e9dica, jubilaciones y pensiones. Para obtener mayor informaci\u00f3n puedes consultar <a href=\"https:\/\/portal.ips.gov.py\/sistemas\/ipsportal\/\" data-type=\"link\" data-id=\"https:\/\/portal.ips.gov.py\/sistemas\/ipsportal\/\">IPS Paraguay<\/a><\/li>\n\n\n\n<li>El Ministerio de Trabajo, Empleo y Seguridad Social (MTESS) cuenta con un \u00e1rea especializada a cargo de brindar respuesta frente a irregularidades o abusos en el \u00e1mbito laboral. Para acceder a informaci\u00f3n detallada puedes visitar <a href=\"https:\/\/www.paraguay.gov.py\/oee\/mtess\/1282\" data-type=\"link\" data-id=\"https:\/\/www.paraguay.gov.py\/oee\/mtess\/1282\">Mecanismo de denuncias &#8211; MTESS<\/a><\/li>\n<\/ul>\n\n\n\n<p>A continuaci\u00f3n se detallan algunas dependencias p\u00fablicas con informaci\u00f3n de inter\u00e9s para la b\u00fasqueda de empleo:<\/p>\n\n\n\n<p><strong>SERVICIO P\u00daBLICO DE EMPLEO, MINISTERIO DE TRABAJO, EMPLEO Y SEGURIDAD SOCIAL<br>Tel\u00e9fono: <\/strong>(+595 21) 729 \u2013 0100<br><strong>Horarios de Atenci\u00f3n:<\/strong> de 07:00hs a 15:00hs<br><strong>Direcci\u00f3n<\/strong>: Luis A. de Herrera e\/ Paraguar\u00ed<br><strong>Sitio web:&nbsp;<\/strong><a href=\"https:\/\/mtess.gov.py\/mtess-servicio-publico-de-empleo\">MTESS &#8211; Servicio P\u00fablico de Empleo<\/a><\/p>\n\n\n\n<p><strong>EMPLEA PY \u2013 MTESS<\/strong><br>Quienes no cuenten con c\u00e9dula paraguaya, deber\u00e1n acercarse personalmente a la oficina ubicada en R\u00edo de Janeiro y Avenida Per\u00fa (Oficina del Viceministerio de Trabajo).<br>Para mayor informaci\u00f3n visita <a href=\"https:\/\/emplea.mtess.gov.py\/\">Emplea MTESS<\/a><\/p>\n\n\n\n<p><strong>DIRECCI\u00d3N GENERAL DE PROMOCI\u00d3N A LA MUJER TRABAJADORA<br>Tel\u00e9fono:<\/strong>&nbsp;021 490930&nbsp;<strong>&#8211;&nbsp;<\/strong>021 7290100 (<strong>Int.<\/strong>&nbsp;551\/552\/553)&nbsp;<strong>&#8211;<\/strong>&nbsp;0983 351 126.<br><strong>E-mail<\/strong>: <a href=\"mailto:Mujertrabajadora@mtess.gov.py\">Mujertrabajadora@mtess.gov.py<\/a><\/p>\n\n\n\n<figure class=\"wp-block-image size-full\"><img loading=\"lazy\" decoding=\"async\" width=\"1024\" height=\"1024\" src=\"https:\/\/help.unhcr.org\/paraguay\/wp-content\/uploads\/sites\/26\/2020\/04\/WhatsApp-Image-2020-04-17-at-15.55.25.jpeg\" alt=\"\" class=\"wp-image-323\" srcset=\"https:\/\/help.unhcr.org\/paraguay\/wp-content\/uploads\/sites\/26\/2020\/04\/WhatsApp-Image-2020-04-17-at-15.55.25.jpeg 1024w, https:\/\/help.unhcr.org\/paraguay\/wp-content\/uploads\/sites\/26\/2020\/04\/WhatsApp-Image-2020-04-17-at-15.55.25-300x300.jpeg 300w, https:\/\/help.unhcr.org\/paraguay\/wp-content\/uploads\/sites\/26\/2020\/04\/WhatsApp-Image-2020-04-17-at-15.55.25-150x150.jpeg 150w, https:\/\/help.unhcr.org\/paraguay\/wp-content\/uploads\/sites\/26\/2020\/04\/WhatsApp-Image-2020-04-17-at-15.55.25-768x768.jpeg 768w\" sizes=\"auto, (max-width: 1024px) 100vw, 1024px\" \/><\/figure>\n","protected":false},"excerpt":{"rendered":"<p>A continuaci\u00f3n se detallan algunas dependencias p\u00fablicas con informaci\u00f3n de inter\u00e9s para la b\u00fasqueda de empleo: SERVICIO P\u00daBLICO DE EMPLEO, MINISTERIO DE TRABAJO, EMPLEO Y SEGURIDAD SOCIALTel\u00e9fono: (+595 21) 729 \u2013 0100Horarios de Atenci\u00f3n: de 07:00hs a 15:00hsDirecci\u00f3n: Luis A. de Herrera e\/ Paraguar\u00edSitio web:&nbsp;MTESS &#8211; Servicio P\u00fablico de Empleo EMPLEA PY \u2013 MTESSQuienes no [&hellip;]<\/p>\n","protected":false},"author":473,"featured_media":0,"parent":508,"menu_order":0,"comment_status":"closed","ping_status":"closed","template":"page-templates\/listing_page.php","meta":{"_acf_changed":false,"footnotes":""},"class_list":["post-771","page","type-page","status-publish","hentry"],"acf":[],"_links":{"self":[{"href":"https:\/\/help.unhcr.org\/paraguay\/wp-json\/wp\/v2\/pages\/771","targetHints":{"allow":["GET"]}}],"collection":[{"href":"https:\/\/help.unhcr.org\/paraguay\/wp-json\/wp\/v2\/pages"}],"about":[{"href":"https:\/\/help.unhcr.org\/paraguay\/wp-json\/wp\/v2\/types\/page"}],"author":[{"embeddable":true,"href":"https:\/\/help.unhcr.org\/paraguay\/wp-json\/wp\/v2\/users\/473"}],"replies":[{"embeddable":true,"href":"https:\/\/help.unhcr.org\/paraguay\/wp-json\/wp\/v2\/comments?post=771"}],"version-history":[{"count":7,"href":"https:\/\/help.unhcr.org\/paraguay\/wp-json\/wp\/v2\/pages\/771\/revisions"}],"predecessor-version":[{"id":887,"href":"https:\/\/help.unhcr.org\/paraguay\/wp-json\/wp\/v2\/pages\/771\/revisions\/887"}],"up":[{"embeddable":true,"href":"https:\/\/help.unhcr.org\/paraguay\/wp-json\/wp\/v2\/pages\/508"}],"wp:attachment":[{"href":"https:\/\/help.unhcr.org\/paraguay\/wp-json\/wp\/v2\/media?parent=771"}],"curies":[{"name":"wp","href":"https:\/\/api.w.org\/{rel}","templated":true}]}}