{"id":760,"date":"2025-03-10T14:47:36","date_gmt":"2025-03-10T14:47:36","guid":{"rendered":"https:\/\/help.unhcr.org\/paraguay\/?page_id=760"},"modified":"2026-03-13T13:10:58","modified_gmt":"2026-03-13T13:10:58","slug":"quienes-son-las-personas-refugiadas","status":"publish","type":"page","link":"https:\/\/help.unhcr.org\/paraguay\/quienes-son-las-personas-refugiadas\/","title":{"rendered":"C\u00f3mo solicitar la condici\u00f3n de persona refugiada"},"content":{"rendered":"\n<p>Las personas refugiadas son aquellas que se han visto forzadas a huir de su pa\u00eds de origen o de residencia habitual:<\/p>\n\n\n<div class=\"wp-block-image\">\n<figure class=\"alignleft size-full is-resized\"><img loading=\"lazy\" decoding=\"async\" width=\"450\" height=\"441\" src=\"https:\/\/help.unhcr.org\/paraguay\/wp-content\/uploads\/sites\/26\/2025\/03\/image.png\" alt=\"\" class=\"wp-image-762\" style=\"width:162px;height:auto\" srcset=\"https:\/\/help.unhcr.org\/paraguay\/wp-content\/uploads\/sites\/26\/2025\/03\/image.png 450w, https:\/\/help.unhcr.org\/paraguay\/wp-content\/uploads\/sites\/26\/2025\/03\/image-300x294.png 300w\" sizes=\"auto, (max-width: 450px) 100vw, 450px\" \/><\/figure><\/div>\n\n\n<ul class=\"wp-block-list\">\n<li>Por <strong>temor a ser perseguidas<\/strong> por su opini\u00f3n pol\u00edtica, religi\u00f3n, nacionalidad, pertenencia a determinado grupo \u00e9tnico o grupo social,<\/li>\n\n\n\n<li>o bien porque su<strong> vida, seguridad o libertad se vieron amenazadas<\/strong> por la violencia generalizada, la agresi\u00f3n extranjera, los conflictos internos, la violaci\u00f3n masiva de los derechos humanos u otras circunstancias que hayan perturbado gravemente el orden p\u00fablico.<\/li>\n<\/ul>\n\n\n\n<p>Cuando esto sucede, toda persona tiene derecho a solicitar la protecci\u00f3n del pa\u00eds al que arriba como resultado del desplazamiento.<\/p>\n\n\n\n<p><strong>En Paraguay, el reconocimiento y protecci\u00f3n de las personas refugiadas se encuentran contemplados en la\u00a0<a href=\"https:\/\/www.acnur.org\/fileadmin\/Documentos\/BDL\/2002\/1565.pdf?_gl=1*1uwnoyh*_gcl_au*MTY4NTQwMTcwMC4xNzQxMTg2NDAw*_ga*MTI5OTk4MDI0NC4xNzA3MjM5Nzc5*_ga_LWE302QVCZ*MTc0MTYxMTUyMC44Ni4xLjE3NDE2MTUwMjcuNjAuMC4w*_rup_ga*MTI5OTk4MDI0NC4xNzA3MjM5Nzc5*_rup_ga_EVDQTJ4LMY*MTc0MTYxMTUyMC4xMjQuMS4xNzQxNjE1MDI3LjYwLjAuMA..\" target=\"_blank\" rel=\"noreferrer noopener\">Ley General N\u00b0 1.938.<\/a><\/strong><\/p>\n\n\n\n<div class=\"wp-block-buttons is-content-justification-center is-layout-flex wp-container-core-buttons-is-layout-16018d1d wp-block-buttons-is-layout-flex\">\n<div class=\"wp-block-button\"><a class=\"wp-block-button__link has-black-color has-text-color has-background has-link-color wp-element-button\" href=\"https:\/\/help.unhcr.org\/paraguay\/derechos-y-deberes\/\" style=\"background-color:#faeb00\">\u00bfCu\u00e1les son sus derechos y obligaciones?<\/a><\/div>\n\n\n\n<div class=\"wp-block-button\"><a class=\"wp-block-button__link has-black-color has-text-color has-background has-link-color wp-element-button\" href=\"https:\/\/help.unhcr.org\/paraguay\/solicitar-la-condicion-de-refugiado-a-en-paraguay\/\" style=\"background-color:#faeb00\">Proceso de solicitud en Paraguay<\/a><\/div>\n<\/div>\n\n\n\n<p><\/p>\n","protected":false},"excerpt":{"rendered":"<p>Las personas refugiadas son aquellas que se han visto forzadas a huir de su pa\u00eds de origen o de residencia habitual: Cuando esto sucede, toda persona tiene derecho a solicitar la protecci\u00f3n del pa\u00eds al que arriba como resultado del desplazamiento. En Paraguay, el reconocimiento y protecci\u00f3n de las personas refugiadas se encuentran contemplados en [&hellip;]<\/p>\n","protected":false},"author":473,"featured_media":0,"parent":0,"menu_order":3,"comment_status":"closed","ping_status":"closed","template":"","meta":{"_acf_changed":false,"footnotes":""},"class_list":["post-760","page","type-page","status-publish","hentry"],"acf":[],"_links":{"self":[{"href":"https:\/\/help.unhcr.org\/paraguay\/wp-json\/wp\/v2\/pages\/760","targetHints":{"allow":["GET"]}}],"collection":[{"href":"https:\/\/help.unhcr.org\/paraguay\/wp-json\/wp\/v2\/pages"}],"about":[{"href":"https:\/\/help.unhcr.org\/paraguay\/wp-json\/wp\/v2\/types\/page"}],"author":[{"embeddable":true,"href":"https:\/\/help.unhcr.org\/paraguay\/wp-json\/wp\/v2\/users\/473"}],"replies":[{"embeddable":true,"href":"https:\/\/help.unhcr.org\/paraguay\/wp-json\/wp\/v2\/comments?post=760"}],"version-history":[{"count":4,"href":"https:\/\/help.unhcr.org\/paraguay\/wp-json\/wp\/v2\/pages\/760\/revisions"}],"predecessor-version":[{"id":897,"href":"https:\/\/help.unhcr.org\/paraguay\/wp-json\/wp\/v2\/pages\/760\/revisions\/897"}],"wp:attachment":[{"href":"https:\/\/help.unhcr.org\/paraguay\/wp-json\/wp\/v2\/media?parent=760"}],"curies":[{"name":"wp","href":"https:\/\/api.w.org\/{rel}","templated":true}]}}