{"id":751,"date":"2025-03-07T14:44:55","date_gmt":"2025-03-07T14:44:55","guid":{"rendered":"https:\/\/help.unhcr.org\/paraguay\/?page_id=751"},"modified":"2025-03-10T19:55:18","modified_gmt":"2025-03-10T19:55:18","slug":"derechos-de-las-personas-refugiadas-y-solicitantes-de-refugio-en-paraguay","status":"publish","type":"page","link":"https:\/\/help.unhcr.org\/paraguay\/derechos-y-deberes\/derechos-de-las-personas-refugiadas-y-solicitantes-de-refugio-en-paraguay\/","title":{"rendered":"Derechos de las personas refugiadas y solicitantes de asilo en Paraguay"},"content":{"rendered":"\n<ul class=\"wp-block-list\">\n<li>No ser devueltas, expulsadas o extraditadas al pa\u00eds donde su vida, integridad, libertad o seguridad puedan estar en peligro.<\/li>\n\n\n\n<li>No ser sancionadas por ingresar irregularmente al pa\u00eds.<\/li>\n\n\n\n<li>No ser v\u00edctimas de discriminaci\u00f3n o vulneraci\u00f3n de derechos.<\/li>\n\n\n\n<li>Acceder al procedimiento para la determinaci\u00f3n de la condici\u00f3n de refugiado\/a.<\/li>\n\n\n\n<li>Acceder a documentaci\u00f3n provisoria como solicitante de la condici\u00f3n de refugiado\/a mientras se analiza su solicitud.<\/li>\n\n\n\n<li>Permanecer y circular libremente por el territorio nacional mientras se resuelve su solicitud.<\/li>\n\n\n\n<li>Acceder a los sistemas p\u00fablicos de salud, educaci\u00f3n y justicia.<\/li>\n\n\n\n<li>Acceder a un trabajo registrado y\/o emprender un negocio.<\/li>\n\n\n\n<li>Reunificarse con sus familiares en caso de ser reconocidos como refugiado\/as.<\/li>\n\n\n\n<li>Practicar libremente su religi\u00f3n.<\/li>\n<\/ul>\n\n\n\n<p><strong>Toda la informaci\u00f3n relativa a la solicitud es considerada confidencial.&nbsp;No puede ser compartida, especialmente con las autoridades del pa\u00eds de origen del\/la solicitante.<\/strong><\/p>\n","protected":false},"excerpt":{"rendered":"<p>Toda la informaci\u00f3n relativa a la solicitud es considerada confidencial.&nbsp;No puede ser compartida, especialmente con las autoridades del pa\u00eds de origen del\/la solicitante.<\/p>\n","protected":false},"author":473,"featured_media":0,"parent":744,"menu_order":0,"comment_status":"closed","ping_status":"closed","template":"page-templates\/listing_page.php","meta":{"_acf_changed":false,"footnotes":""},"class_list":["post-751","page","type-page","status-publish","hentry"],"acf":[],"_links":{"self":[{"href":"https:\/\/help.unhcr.org\/paraguay\/wp-json\/wp\/v2\/pages\/751","targetHints":{"allow":["GET"]}}],"collection":[{"href":"https:\/\/help.unhcr.org\/paraguay\/wp-json\/wp\/v2\/pages"}],"about":[{"href":"https:\/\/help.unhcr.org\/paraguay\/wp-json\/wp\/v2\/types\/page"}],"author":[{"embeddable":true,"href":"https:\/\/help.unhcr.org\/paraguay\/wp-json\/wp\/v2\/users\/473"}],"replies":[{"embeddable":true,"href":"https:\/\/help.unhcr.org\/paraguay\/wp-json\/wp\/v2\/comments?post=751"}],"version-history":[{"count":10,"href":"https:\/\/help.unhcr.org\/paraguay\/wp-json\/wp\/v2\/pages\/751\/revisions"}],"predecessor-version":[{"id":805,"href":"https:\/\/help.unhcr.org\/paraguay\/wp-json\/wp\/v2\/pages\/751\/revisions\/805"}],"up":[{"embeddable":true,"href":"https:\/\/help.unhcr.org\/paraguay\/wp-json\/wp\/v2\/pages\/744"}],"wp:attachment":[{"href":"https:\/\/help.unhcr.org\/paraguay\/wp-json\/wp\/v2\/media?parent=751"}],"curies":[{"name":"wp","href":"https:\/\/api.w.org\/{rel}","templated":true}]}}