{"id":744,"date":"2025-03-07T14:34:34","date_gmt":"2025-03-07T14:34:34","guid":{"rendered":"https:\/\/help.unhcr.org\/paraguay\/?page_id=744"},"modified":"2026-03-13T13:15:37","modified_gmt":"2026-03-13T13:15:37","slug":"derechos-y-deberes","status":"publish","type":"page","link":"https:\/\/help.unhcr.org\/paraguay\/derechos-y-deberes\/","title":{"rendered":"Derechos y Obligaciones"},"content":{"rendered":"\n<p>A continuaci\u00f3n puede encontrar informaci\u00f3n detallada sobre los derechos y deberes de las personas refugiadas y solicitantes de la condici\u00f3n de refugiado\/a en Paraguay:<\/p>\n\n\n\n<figure class=\"wp-block-table\"><table class=\"has-white-color has-text-color has-background has-link-color has-fixed-layout\" style=\"background-color:#0072bc\"><tbody><tr><td>DERECHOS<\/td><\/tr><tr><td>&#8211; No ser devueltas, expulsadas o extraditadas al pa\u00eds donde su vida, integridad, libertad o seguridad puedan estar en peligro.<br><br>&#8211; No ser sancionadas por ingresar irregularmente al pa\u00eds.<br><br>&#8211; No ser v\u00edctimas de discriminaci\u00f3n o vulneraci\u00f3n de derechos.<br><br>&#8211; Acceder al procedimiento para la determinaci\u00f3n de la condici\u00f3n de refugiado\/a.<br><br>&#8211; Acceder a documentaci\u00f3n provisoria como solicitante de la condici\u00f3n de refugiado\/a mientras se analiza su solicitud.<br><br>&#8211; Permanecer y circular libremente por el territorio nacional mientras se resuelve su solicitud.<br><br>&#8211; Acceder a los sistemas p\u00fablicos de salud, educaci\u00f3n y justicia.<br><br>&#8211; Acceder a un trabajo registrado y\/o emprender un negocio.<br><br>&#8211; Reunificarse con sus familiares en caso de ser reconocidos como refugiado\/as.<br><br>&#8211; Practicar libremente su religi\u00f3n.<br><br>&#8211; Contar con que sus datos y la informaci\u00f3n sobre su caso ser\u00e1n tratados con confidencialidad.<\/td><\/tr><\/tbody><\/table><\/figure>\n\n\n\n<figure class=\"wp-block-table\"><table class=\"has-background has-fixed-layout\" style=\"background-color:#faeb00\"><tbody><tr><td><strong>OBLIGACIONES<\/strong><\/td><\/tr><tr><td>\u2013 Respetar las leyes nacionales.<br><br>\u2013 Respetar a las personas, entidades, organismos p\u00fablicos y privados del pa\u00eds de acogida.<br><br>\u2013 Mantener sus datos de contacto y constancia de solicitante de refugio actualizados durante todo el proceso de solicitud.<\/td><\/tr><\/tbody><\/table><\/figure>\n","protected":false},"excerpt":{"rendered":"<p>A continuaci\u00f3n puede encontrar informaci\u00f3n detallada sobre los derechos y deberes de las personas refugiadas y solicitantes de la condici\u00f3n de refugiado\/a en Paraguay: DERECHOS &#8211; No ser devueltas, expulsadas o extraditadas al pa\u00eds donde su vida, integridad, libertad o seguridad puedan estar en peligro. &#8211; No ser sancionadas por ingresar irregularmente al pa\u00eds. &#8211; [&hellip;]<\/p>\n","protected":false},"author":473,"featured_media":0,"parent":0,"menu_order":6,"comment_status":"closed","ping_status":"closed","template":"","meta":{"_acf_changed":false,"footnotes":""},"class_list":["post-744","page","type-page","status-publish","hentry"],"acf":[],"_links":{"self":[{"href":"https:\/\/help.unhcr.org\/paraguay\/wp-json\/wp\/v2\/pages\/744","targetHints":{"allow":["GET"]}}],"collection":[{"href":"https:\/\/help.unhcr.org\/paraguay\/wp-json\/wp\/v2\/pages"}],"about":[{"href":"https:\/\/help.unhcr.org\/paraguay\/wp-json\/wp\/v2\/types\/page"}],"author":[{"embeddable":true,"href":"https:\/\/help.unhcr.org\/paraguay\/wp-json\/wp\/v2\/users\/473"}],"replies":[{"embeddable":true,"href":"https:\/\/help.unhcr.org\/paraguay\/wp-json\/wp\/v2\/comments?post=744"}],"version-history":[{"count":7,"href":"https:\/\/help.unhcr.org\/paraguay\/wp-json\/wp\/v2\/pages\/744\/revisions"}],"predecessor-version":[{"id":899,"href":"https:\/\/help.unhcr.org\/paraguay\/wp-json\/wp\/v2\/pages\/744\/revisions\/899"}],"wp:attachment":[{"href":"https:\/\/help.unhcr.org\/paraguay\/wp-json\/wp\/v2\/media?parent=744"}],"curies":[{"name":"wp","href":"https:\/\/api.w.org\/{rel}","templated":true}]}}