{"id":6,"date":"2017-11-23T15:53:47","date_gmt":"2017-11-23T15:53:47","guid":{"rendered":"http:\/\/help.unhcr.org\/paraguay\/?page_id=6"},"modified":"2026-03-13T17:41:27","modified_gmt":"2026-03-13T17:41:27","slug":"bienvenido-a","status":"publish","type":"page","link":"https:\/\/help.unhcr.org\/paraguay\/","title":{"rendered":"\u00a1Bienvenida y bienvenido!"},"content":{"rendered":"\n<p class=\"has-text-align-left\">\u00a1Est\u00e1s en un sitio web seguro!<\/p>\n\n\n\n<figure class=\"wp-block-table\"><table class=\"has-background has-fixed-layout\" style=\"background-color:#faeb00\"><thead><tr><th class=\"has-text-align-left\" data-align=\"left\">Solicitud de refugio y salidas del pa\u00eds<\/th><\/tr><\/thead><tbody><tr><td class=\"has-text-align-left\" data-align=\"left\">Si eres solicitante de la condici\u00f3n de persona refugiada en Paraguay requieres salir del pa\u00eds, deber\u00e1s cumplir con los siguientes requisitos:<br>&#8211; Poseer un documento de identidad v\u00e1lido y vigente.<br>&#8211; Tener tu Constancia de Solicitud de Refugio vigente<br>&#8211; Informar a la Secretar\u00eda Ejecutiva de la CONARE sobre tu intenci\u00f3n de viajar al exterior<\/td><\/tr><\/tbody><\/table><\/figure>\n\n\n<p><strong>ACNUR, la Agencia de la ONU para los Refugiados<\/strong> desarroll\u00f3 este sitio para brindar informaci\u00f3n a las personas con necesidades de protecci\u00f3n internacional en Paraguay. Aqu\u00ed encontrar\u00e1s informaci\u00f3n sobre los siguientes temas:<\/p>\n\n\n<ul class=\"wp-block-list\">\n<li><a href=\"https:\/\/help.unhcr.org\/paraguay\/orientacion-ayuda\/\" target=\"_blank\" rel=\"noreferrer noopener\">D\u00f3nde solicitar ayuda y orientaci\u00f3n en Paraguay<\/a><\/li>\n\n\n\n<li><a href=\"https:\/\/help.unhcr.org\/paraguay\/quienes-son-las-personas-refugiadas\/\" data-type=\"page\" data-id=\"760\">\u00bfQui\u00e9nes son las personas refugiadas?<\/a><\/li>\n\n\n\n<li><a href=\"https:\/\/help.unhcr.org\/paraguay\/solicitar-la-condicion-de-refugiado-a-en-paraguay\/\" target=\"_blank\" rel=\"noreferrer noopener\">\u00bfC\u00f3mo solicitar la condici\u00f3n de refugiado\/a?<\/a><\/li>\n\n\n\n<li><a href=\"https:\/\/help.unhcr.org\/paraguay\/como-solicitar-la-condicion-de-apatrida-en-paraguay\/\" target=\"_blank\" rel=\"noreferrer noopener\">\u00bfC\u00f3mo solicitar la condici\u00f3n de ap\u00e1trida en Paraguay?<\/a><\/li>\n\n\n\n<li><a href=\"https:\/\/help.unhcr.org\/paraguay\/derechos-y-deberes\/\" data-type=\"page\" data-id=\"744\">Derechos y Deberes<\/a><\/li>\n\n\n\n<li><a href=\"https:\/\/help.unhcr.org\/paraguay\/acceso-a-empleo\/\" data-type=\"page\" data-id=\"508\">Trabajo e ingresos<\/a><\/li>\n\n\n\n<li><a href=\"https:\/\/help.unhcr.org\/paraguay\/acceso-a-la-salud\/\" data-type=\"page\" data-id=\"513\">Acceso a la salud<\/a><\/li>\n\n\n\n<li><a href=\"https:\/\/help.unhcr.org\/paraguay\/acceso-a-la-educacion\/\" data-type=\"page\" data-id=\"826\">Acceso a la Educaci\u00f3n<\/a><\/li>\n\n\n\n<li><a href=\"https:\/\/help.unhcr.org\/paraguay\/prevencion-y-proteccion-contra-la-violencia-sexual-y-basada-en-genero\/\" data-type=\"page\" data-id=\"528\">Violencia sexual y basada en g\u00e9nero<\/a><\/li>\n\n\n\n<li><a href=\"https:\/\/help.unhcr.org\/paraguay\/proteccion-contra-la-explotacion-y-el-abuso-sexual\/\" target=\"_blank\" rel=\"noreferrer noopener\">Protecci\u00f3n contra la explotaci\u00f3n y el abuso sexual<\/a><\/li>\n\n\n\n<li><a href=\"https:\/\/help.unhcr.org\/paraguay\/como-presentar-quejas-o-sugerencias\/\" target=\"_blank\" rel=\"noreferrer noopener\">\u00bfC\u00f3mo presentar quejas o sugerencias?<\/a><\/li>\n\n\n\n<li><a href=\"https:\/\/help.unhcr.org\/paraguay\/contacto\/\" target=\"_blank\" rel=\"noreferrer noopener\">Contacto<\/a><\/li>\n<\/ul>\n\n\n\n<p>Este sitio web se actualiza regularmente.<\/p>\n\n\n\n<p><\/p>\n\n\n\n<hr class=\"wp-block-separator has-alpha-channel-opacity is-style-wide\" \/>\n\n\n\n<p>Est\u00e9s donde est\u00e9s puedes comunicarte con:<\/p>\n\n\n\n<p><strong>ACNUR<\/strong><br><a href=\"https:\/\/help.unhcr.org\/paraguay\/contacto\/\"><strong>A trav\u00e9s del formulario disponible aqu\u00ed.<\/strong><\/a><\/p>\n\n\n\n<p><strong>SEMILLAS PARA LA DEMOCRACIA<br>WhatsApp:&nbsp;<\/strong>(+595) 971888172<br><strong>Tel\u00e9fono Sede:&nbsp;(+595 21) 420323<br>E-mail:<\/strong><a href=\"mailto:semillas@semillas.org.py\">semillas@semillas.org.py<\/a><br><strong>Sitio web:&nbsp;<\/strong><a rel=\"noreferrer noopener\" href=\"http:\/\/www.semillas.org.py\/\" target=\"_blank\">Visitar<\/a><br><strong>Redes Sociales:<br><\/strong><em>Facebook:<\/em><a rel=\"noreferrer noopener\" href=\"https:\/\/www.facebook.com\/Semillaspy\" target=\"_blank\">@Semillaspy<\/a><br><em>Instagram:<\/em><a rel=\"noreferrer noopener\" href=\"https:\/\/www.instagram.com\/semillaspy\/\" target=\"_blank\">@semillaspy<\/a><br><strong>Direcci\u00f3n:&nbsp;<\/strong>Roma 1055 esquina Col\u00f3n, Asunci\u00f3n, Paraguay.<\/p>\n\n\n\n<p><strong>COMISI\u00d3N NACIONAL DE AP\u00c1TRIDAS Y REFUGIADOS (CONARE)<\/strong><br><strong>WhatsApp:<\/strong> 595 985 -323600<br><strong>E-mail:<\/strong><a href=\"mailto:conare@mre.gov.py\">conare@mre.gov.py<\/a><br><strong>Direcci\u00f3n:<\/strong> Haedo 386 casi Alberdi &#8211; 4to. Piso, Asunci\u00f3n.<br><strong>D\u00edas y horarios de atenci\u00f3n:<\/strong> lunes a viernes de 8 a 15 horas.<br><strong>Sitio web:<\/strong><a href=\"https:\/\/www.mre.gov.py\/conare\/\">https:\/\/www.mre.gov.py\/conare\/<\/a><\/p>\n","protected":false},"excerpt":{"rendered":"<p>\u00a1Est\u00e1s en un sitio web seguro! Solicitud de refugio y salidas del pa\u00eds Si eres solicitante de la condici\u00f3n de persona refugiada en Paraguay requieres salir del pa\u00eds, deber\u00e1s cumplir con los siguientes requisitos:&#8211; Poseer un documento de identidad v\u00e1lido y vigente.&#8211; Tener tu Constancia de Solicitud de Refugio vigente&#8211; Informar a la Secretar\u00eda Ejecutiva [&hellip;]<\/p>\n","protected":false},"author":1,"featured_media":0,"parent":0,"menu_order":0,"comment_status":"closed","ping_status":"closed","template":"","meta":{"_acf_changed":false,"footnotes":""},"class_list":["post-6","page","type-page","status-publish","hentry"],"acf":[],"_links":{"self":[{"href":"https:\/\/help.unhcr.org\/paraguay\/wp-json\/wp\/v2\/pages\/6","targetHints":{"allow":["GET"]}}],"collection":[{"href":"https:\/\/help.unhcr.org\/paraguay\/wp-json\/wp\/v2\/pages"}],"about":[{"href":"https:\/\/help.unhcr.org\/paraguay\/wp-json\/wp\/v2\/types\/page"}],"author":[{"embeddable":true,"href":"https:\/\/help.unhcr.org\/paraguay\/wp-json\/wp\/v2\/users\/1"}],"replies":[{"embeddable":true,"href":"https:\/\/help.unhcr.org\/paraguay\/wp-json\/wp\/v2\/comments?post=6"}],"version-history":[{"count":45,"href":"https:\/\/help.unhcr.org\/paraguay\/wp-json\/wp\/v2\/pages\/6\/revisions"}],"predecessor-version":[{"id":948,"href":"https:\/\/help.unhcr.org\/paraguay\/wp-json\/wp\/v2\/pages\/6\/revisions\/948"}],"wp:attachment":[{"href":"https:\/\/help.unhcr.org\/paraguay\/wp-json\/wp\/v2\/media?parent=6"}],"curies":[{"name":"wp","href":"https:\/\/api.w.org\/{rel}","templated":true}]}}