{"id":513,"date":"2021-09-07T15:57:21","date_gmt":"2021-09-07T15:57:21","guid":{"rendered":"http:\/\/help.unhcr.org\/paraguay\/?page_id=513"},"modified":"2025-03-28T14:58:19","modified_gmt":"2025-03-28T14:58:19","slug":"acceso-a-la-salud","status":"publish","type":"page","link":"https:\/\/help.unhcr.org\/paraguay\/acceso-a-la-salud\/","title":{"rendered":"Acceso a la salud"},"content":{"rendered":"\n<p><strong>En Paraguay, el acceso a los servicios b\u00e1sicos p\u00fablicos de la salud\u00a0se encuentra garantizado<\/strong> para las personas refugiadas y solicitantes de asilo. As\u00ed lo establece el Art. 23 de la Ley General sobre Refugiados (N\u00b0 1938).\u00a0<\/p>\n\n\n\n<p>Para obtener m\u00e1s informaci\u00f3n de contacto sobre los servicios de salud de Paraguay, haz click&nbsp;<a href=\"https:\/\/www.mspbs.gov.py\/donde-consulto.php\"><strong>aqu\u00ed<\/strong><\/a><strong>.&nbsp;<\/strong>Ten en cuenta que las <strong>Unidades de Salud Familiar<\/strong> son locales instalados en la comunidad que ofrecen atenci\u00f3n m\u00e9dica y medicamentos, en forma gratuita. <\/p>\n\n\n\n<p>Para acceder a atenci\u00f3n en <strong>hospitales y centros especializados<\/strong> puedes consultar <a href=\"https:\/\/www.mspbs.gov.py\/hospitales-especializados.html\" data-type=\"link\" data-id=\"https:\/\/www.mspbs.gov.py\/hospitales-especializados.html\"><strong>aqu\u00ed.<\/strong><\/a><\/p>\n\n\n\n<p><strong><mark>Informaci\u00f3n para el acceso al Instituto de Prevenci\u00f3n Social (IPS)<\/mark><\/strong><\/p>\n\n\n\n<p>El Instituto de Previsi\u00f3n Social (IPS) es la instituci\u00f3n que administra el seguro social para la protecci\u00f3n de la salud de trabajadores\/as del sector privado en Paraguay. Todos los trabajadores\/as tienen derecho al salario m\u00ednimo legal y a su inscripci\u00f3n en el IPS.  Para acceder a su cobertura y la de su grupo familiar, el aporte mensual del trabajador es del 9% de su salario y, el del empleador, el 16%. <\/p>\n\n\n\n<p>La inscripci\u00f3n a IPS para solicitantes de asilo est\u00e1 facultada en las resoluciones 081-027\/8 y 024-008\/11.<\/p>\n\n\n\n<p>Para m\u00e1s informaci\u00f3n sobre el IPS puedes ingresar en:&nbsp;<a href=\"https:\/\/portal.ips.gov.py\/sistemas\/ipsportal\/\">IPS Paraguay<\/a>.<\/p>\n","protected":false},"excerpt":{"rendered":"<p>En Paraguay, el acceso a los servicios b\u00e1sicos p\u00fablicos de la salud\u00a0se encuentra garantizado para las personas refugiadas y solicitantes de asilo. As\u00ed lo establece el Art. 23 de la Ley General sobre Refugiados (N\u00b0 1938).\u00a0 Para obtener m\u00e1s informaci\u00f3n de contacto sobre los servicios de salud de Paraguay, haz click&nbsp;aqu\u00ed.&nbsp;Ten en cuenta que las [&hellip;]<\/p>\n","protected":false},"author":122,"featured_media":0,"parent":0,"menu_order":7,"comment_status":"closed","ping_status":"closed","template":"","meta":{"_acf_changed":false,"footnotes":""},"class_list":["post-513","page","type-page","status-publish","hentry"],"acf":[],"_links":{"self":[{"href":"https:\/\/help.unhcr.org\/paraguay\/wp-json\/wp\/v2\/pages\/513","targetHints":{"allow":["GET"]}}],"collection":[{"href":"https:\/\/help.unhcr.org\/paraguay\/wp-json\/wp\/v2\/pages"}],"about":[{"href":"https:\/\/help.unhcr.org\/paraguay\/wp-json\/wp\/v2\/types\/page"}],"author":[{"embeddable":true,"href":"https:\/\/help.unhcr.org\/paraguay\/wp-json\/wp\/v2\/users\/122"}],"replies":[{"embeddable":true,"href":"https:\/\/help.unhcr.org\/paraguay\/wp-json\/wp\/v2\/comments?post=513"}],"version-history":[{"count":11,"href":"https:\/\/help.unhcr.org\/paraguay\/wp-json\/wp\/v2\/pages\/513\/revisions"}],"predecessor-version":[{"id":885,"href":"https:\/\/help.unhcr.org\/paraguay\/wp-json\/wp\/v2\/pages\/513\/revisions\/885"}],"wp:attachment":[{"href":"https:\/\/help.unhcr.org\/paraguay\/wp-json\/wp\/v2\/media?parent=513"}],"curies":[{"name":"wp","href":"https:\/\/api.w.org\/{rel}","templated":true}]}}