{"id":508,"date":"2021-09-07T15:16:14","date_gmt":"2021-09-07T15:16:14","guid":{"rendered":"http:\/\/help.unhcr.org\/paraguay\/?page_id=508"},"modified":"2025-03-28T14:33:54","modified_gmt":"2025-03-28T14:33:54","slug":"acceso-a-empleo","status":"publish","type":"page","link":"https:\/\/help.unhcr.org\/paraguay\/acceso-a-empleo\/","title":{"rendered":"Trabajo e ingresos"},"content":{"rendered":"\n<p>Las personas refugiadas y solicitantes de asilo tienen <strong>derecho a trabajar en Paraguay<\/strong> desarrollando tareas a trav\u00e9s de un contrato de trabajo o  por medio de emprendimientos e iniciativas auton\u00f3nomas.<\/p>\n\n\n\n<p>Para la integraci\u00f3n laboral y la generaci\u00f3n de ingresos de manera formal, el <strong>RUC<\/strong> (Registro \u00danico del Contribuyente) es un instrumento clave. <\/p>\n\n\n\n<p><strong><mark>Informaci\u00f3n para acceso al RUC en Paraguay<\/mark><\/strong><\/p>\n\n\n\n<p><br>\u27a1El RUC puede tramitarse a trav\u00e9s del portal de la Direcci\u00f3n Nacional de Ingresos Tributarios, <a href=\"https:\/\/www.dnit.gov.py\/web\/portal-institucional\/inscripcion-al-ruc\">Inscripci\u00f3n al RUC<\/a><\/p>\n\n\n\n<p>La gesti\u00f3n del RUC para solicitantes de asilo est\u00e1 respaldada por el Dictamen DACCF\/CPC\/DP 28\/2020 contenido en el Dictamen DEINT 127 de la Direcci\u00f3n Nacional de Ingresos Tributarios (DNIT).<\/p>\n\n\n\n<hr class=\"wp-block-separator has-css-opacity is-style-wide\" \/>\n\n\n\n<h4 class=\"wp-block-heading\"><\/h4>\n\n\n\n<p><\/p>\n\n\n\n<p><\/p>\n\n\n\n<p><\/p>\n\n\n\n<p><\/p>\n","protected":false},"excerpt":{"rendered":"<p>Las personas refugiadas y solicitantes de asilo tienen derecho a trabajar en Paraguay desarrollando tareas a trav\u00e9s de un contrato de trabajo o por medio de emprendimientos e iniciativas auton\u00f3nomas. Para la integraci\u00f3n laboral y la generaci\u00f3n de ingresos de manera formal, el RUC (Registro \u00danico del Contribuyente) es un instrumento clave. Informaci\u00f3n para acceso [&hellip;]<\/p>\n","protected":false},"author":122,"featured_media":0,"parent":0,"menu_order":6,"comment_status":"closed","ping_status":"closed","template":"page-templates\/listing_page.php","meta":{"_acf_changed":false,"footnotes":""},"class_list":["post-508","page","type-page","status-publish","hentry"],"acf":[],"_links":{"self":[{"href":"https:\/\/help.unhcr.org\/paraguay\/wp-json\/wp\/v2\/pages\/508","targetHints":{"allow":["GET"]}}],"collection":[{"href":"https:\/\/help.unhcr.org\/paraguay\/wp-json\/wp\/v2\/pages"}],"about":[{"href":"https:\/\/help.unhcr.org\/paraguay\/wp-json\/wp\/v2\/types\/page"}],"author":[{"embeddable":true,"href":"https:\/\/help.unhcr.org\/paraguay\/wp-json\/wp\/v2\/users\/122"}],"replies":[{"embeddable":true,"href":"https:\/\/help.unhcr.org\/paraguay\/wp-json\/wp\/v2\/comments?post=508"}],"version-history":[{"count":14,"href":"https:\/\/help.unhcr.org\/paraguay\/wp-json\/wp\/v2\/pages\/508\/revisions"}],"predecessor-version":[{"id":881,"href":"https:\/\/help.unhcr.org\/paraguay\/wp-json\/wp\/v2\/pages\/508\/revisions\/881"}],"wp:attachment":[{"href":"https:\/\/help.unhcr.org\/paraguay\/wp-json\/wp\/v2\/media?parent=508"}],"curies":[{"name":"wp","href":"https:\/\/api.w.org\/{rel}","templated":true}]}}