{"id":495,"date":"2021-09-07T14:20:47","date_gmt":"2021-09-07T14:20:47","guid":{"rendered":"http:\/\/help.unhcr.org\/paraguay\/?page_id=495"},"modified":"2025-03-06T17:47:49","modified_gmt":"2025-03-06T17:47:49","slug":"como-solicitar-la-condicion-de-apatrida-en-paraguay","status":"publish","type":"page","link":"https:\/\/help.unhcr.org\/paraguay\/como-solicitar-la-condicion-de-apatrida-en-paraguay\/","title":{"rendered":"\u00bfC\u00f3mo solicitar la condici\u00f3n de ap\u00e1trida en Paraguay?"},"content":{"rendered":"\n<p>La definici\u00f3n legal internacional de ap\u00e1trida es <strong>\u201cuna persona que no es reconocida por ning\u00fan pa\u00eds como nacional conforme a su legislaci\u00f3n<\/strong>\u201d. En t\u00e9rminos simples, esto significa que una persona ap\u00e1trida no tiene la nacionalidad de ning\u00fan pa\u00eds. Algunas personas nacen en esa condici\u00f3n, pero otras pueden convertirse en ap\u00e1tridas.<\/p>\n\n\n\n<p>La apatridia puede ocurrir por varias razones, incluida el no registro de nacimientos, la discriminaci\u00f3n contra determinados grupos \u00e9tnicos o religiosos, o por motivos de g\u00e9nero; la aparici\u00f3n de nuevos Estados y las transferencias de territorio entre los Estados existentes; y vac\u00edos en las leyes de nacionalidad.<\/p>\n\n\n\n<p>Cualquiera que sea la causa, <strong>la apatridia tiene graves consecuencias para el acceso a derechos y servicios de las personas<\/strong>.<\/p>\n\n\n\n<p><\/p>\n","protected":false},"excerpt":{"rendered":"<p>La definici\u00f3n legal internacional de ap\u00e1trida es \u201cuna persona que no es reconocida por ning\u00fan pa\u00eds como nacional conforme a su legislaci\u00f3n\u201d. En t\u00e9rminos simples, esto significa que una persona ap\u00e1trida no tiene la nacionalidad de ning\u00fan pa\u00eds. Algunas personas nacen en esa condici\u00f3n, pero otras pueden convertirse en ap\u00e1tridas. La apatridia puede ocurrir por [&hellip;]<\/p>\n","protected":false},"author":122,"featured_media":0,"parent":0,"menu_order":5,"comment_status":"closed","ping_status":"closed","template":"page-templates\/sectioned.php","meta":{"_acf_changed":false,"footnotes":""},"class_list":["post-495","page","type-page","status-publish","hentry"],"acf":[],"_links":{"self":[{"href":"https:\/\/help.unhcr.org\/paraguay\/wp-json\/wp\/v2\/pages\/495","targetHints":{"allow":["GET"]}}],"collection":[{"href":"https:\/\/help.unhcr.org\/paraguay\/wp-json\/wp\/v2\/pages"}],"about":[{"href":"https:\/\/help.unhcr.org\/paraguay\/wp-json\/wp\/v2\/types\/page"}],"author":[{"embeddable":true,"href":"https:\/\/help.unhcr.org\/paraguay\/wp-json\/wp\/v2\/users\/122"}],"replies":[{"embeddable":true,"href":"https:\/\/help.unhcr.org\/paraguay\/wp-json\/wp\/v2\/comments?post=495"}],"version-history":[{"count":12,"href":"https:\/\/help.unhcr.org\/paraguay\/wp-json\/wp\/v2\/pages\/495\/revisions"}],"predecessor-version":[{"id":739,"href":"https:\/\/help.unhcr.org\/paraguay\/wp-json\/wp\/v2\/pages\/495\/revisions\/739"}],"wp:attachment":[{"href":"https:\/\/help.unhcr.org\/paraguay\/wp-json\/wp\/v2\/media?parent=495"}],"curies":[{"name":"wp","href":"https:\/\/api.w.org\/{rel}","templated":true}]}}