{"id":251,"date":"2020-03-24T15:45:56","date_gmt":"2020-03-24T15:45:56","guid":{"rendered":"http:\/\/help.unhcr.org\/paraguay\/?page_id=251"},"modified":"2025-03-10T13:28:46","modified_gmt":"2025-03-10T13:28:46","slug":"orientacion-ayuda","status":"publish","type":"page","link":"https:\/\/help.unhcr.org\/paraguay\/orientacion-ayuda\/","title":{"rendered":"D\u00f3nde solicitar ayuda y orientaci\u00f3n en Paraguay"},"content":{"rendered":"\n<p>En Paraguay, distintas instituciones y organizaciones brindan orientaci\u00f3n y asistencia a personas refugiadas y solicitantes de la condici\u00f3n de refugiado\/a.<br><br><strong><mark>Est\u00e9s donde est\u00e9s, pod\u00e9s comunicarte con la Comisi\u00f3n Nacional de Ap\u00e1tridas y Refugiados, ACNUR y sus agencias socias:<\/mark><\/strong><\/p>\n\n\n\n<p><strong><mark>COMISI\u00d3N NACIONAL DE AP\u00c1TRIDAS Y REFUGIADOS (CONARE)<\/mark><\/strong><\/p>\n\n\n\n<p>En Paraguay, la Comisi\u00f3n Nacional de Ap\u00e1tridas y Refugiados (CONARE) es el organismo p\u00fablico encargado de recibir las solicitudes de reconocimiento de la condici\u00f3n de persona refugiada, evaluar los casos y resolverlos. La CONARE tiene la responsabilidad de proteger los derechos de las personas refugiadas y solicitantes y contribuir a la b\u00fasqueda de opciones para su integraci\u00f3n local y asistencia.<\/p>\n\n\n\n<p>Para mayor informaci\u00f3n, haz click en el siguiente enlace:&nbsp;<a href=\"https:\/\/help.unhcr.org\/paraguay\/solicitar-la-condicion-de-refugiado-a-en-paraguay\/\">Solicitar la condici\u00f3n de refugiado\/a en Paraguay<\/a>.<\/p>\n\n\n\n<p><strong>DATOS DE CONTACTO DE CONARE<\/strong><br><strong>Direcci\u00f3n:<\/strong>&nbsp;V\u00edctor Haedo 386 casi Alberdi \u2013 4to. Piso, Asunci\u00f3n<br><strong>WhatsApp:<\/strong>&nbsp;595 985 -323600<br><strong>Correo electr\u00f3nico: <\/strong><a href=\"mailto:conare@mre.gov.py\">conare@mre.gov.py<\/a><br><strong>Sitio web: https:\/\/www.mre.gov.py\/conare\/<\/strong><br><strong>D\u00edas y horarios de atenci\u00f3n:<\/strong>&nbsp;lunes a viernes de 8 a 15 horas.<br>Para solicitar refugio por primera vez, escribir un correo a: solicitorefugio@mre.gov.py<\/p>\n\n\n\n<p><strong><mark>ACNUR, LA AGENCIA DE LA ONU PARA LOS REFUGIADOS<\/mark><\/strong><\/p>\n\n\n\n<p>El ACNUR fue establecido en 1950 por la Asamblea General de las Naciones Unidas y tiene el mandato de liderar y coordinar la acci\u00f3n internacional para proteger los derechos y el bienestar de las personas refugiadas en el mundo.<\/p>\n\n\n\n<p><strong>Para contactarte con ACNUR en Paraguay, puedes hacerlo a trav\u00e9s del formulario disponible <\/strong><a href=\"https:\/\/help.unhcr.org\/paraguay\/contacto\/\"><strong>aqu\u00ed.<\/strong><\/a><\/p>\n\n\n\n<p><a href=\"https:\/\/www.acnur.org\/paraguay.html\">Visita aqu\u00ed el sitio web de ACNUR en Paraguay<\/a><\/p>\n\n\n\n<p><strong>Todos los servicios brindados por ACNUR y sus agencias socias son gratuitos. Nadie puede exigirte <u>nada<\/u> a cambio.<\/strong><\/p>\n\n\n\n<p>Si algo as\u00ed sucedi\u00f3, puedes encontrar&nbsp;<a href=\"https:\/\/help.unhcr.org\/paraguay\/como-presentar-quejas-o-sugerencias\/\">aqu\u00ed<\/a> informaci\u00f3n sobre los medios para reportarlo\/denunciarlo.<\/p>\n\n\n\n<p><strong><mark>SEMILLAS PARA LA DEMOCRACIA<\/mark><\/strong><\/p>\n\n\n\n<p>Para poder cumplir con su mandato de protecci\u00f3n de derechos de las personas refugiadas, el ACNUR establece asociaciones con organizaciones de la sociedad civil con el objetivo de brindar respuestas efectivas a su poblaci\u00f3n de inter\u00e9s, en especial aquellas personas con necesidades espec\u00edficas y fortalecer las capacidades locales en cada uno de los pa\u00edses donde tiene presencia.<\/p>\n\n\n\n<p>Las organizaciones socias del ACNUR brindan asistencia gratuita sobre c\u00f3mo acceder a derechos, incluyendo el procedimiento de solicitud de la condici\u00f3n de refugiado\/a, documentaci\u00f3n, y orientaci\u00f3n sobre el acceso a la vivienda, salud, educaci\u00f3n y empleo, entre otros.<\/p>\n\n\n\n<p>En Paraguay, ACNUR trabaja junto a <strong>Semillas para la Democracia,<\/strong> una asociaci\u00f3n civil que apoya y orienta a personas refugiadas y solicitantes de esa condici\u00f3n desde su llegada al pa\u00eds, velando porque el Estado garantice la protecci\u00f3n y el acceso a derechos socioecon\u00f3micos b\u00e1sicos como medio para la integraci\u00f3n local.<\/p>\n\n\n\n<p><strong>Semillas<\/strong> brinda informaci\u00f3n, asesoramiento y orientaci\u00f3n sobre:<\/p>\n\n\n\n<ul class=\"wp-block-list\">\n<li>Acompa\u00f1amiento y orientaci\u00f3n para las gestiones de documentaci\u00f3n y acceso a derechos como personas refugiadas en Paraguay,<\/li>\n\n\n\n<li>Acceso a programas sociales del estado y servicios p\u00fablicos de salud, educaci\u00f3n y formaci\u00f3n t\u00e9cnica,<\/li>\n\n\n\n<li>Orientaci\u00f3n para la capacitaci\u00f3n laboral y\/o vocacional,<\/li>\n\n\n\n<li>Orientaci\u00f3n sobre acceso al autoempleo,<\/li>\n\n\n\n<li>Informaci\u00f3n sobre acceso a la naturalizaci\u00f3n,<\/li>\n\n\n\n<li>Asistencia humanitaria b\u00e1sica,<\/li>\n\n\n\n<li>Apoyo en el proceso de adaptaci\u00f3n en la comunidad, con un enfoque sensible al g\u00e9nero y la diversidad de las personas y las necesidades especiales de mujeres y ni\u00f1as en situaci\u00f3n de mayor vulnerabilidad.<\/li>\n<\/ul>\n\n\n\n<p><strong>Se informa que Semillas para la Democracia:<\/strong><\/p>\n\n\n\n<ul class=\"wp-block-list\">\n<li>No posee un albergue ni instalaciones propias para alojamiento;<\/li>\n\n\n\n<li>No interviene en la salida de las personas de su pa\u00eds de origen;<\/li>\n\n\n\n<li>Tampoco es el organismo encargado de resolver las solicitudes de reconocimiento de la condici\u00f3n de refugiado, funci\u00f3n que corresponde a la CONARE (organismo que Semillas integra con voz pero sin voto).<\/li>\n<\/ul>\n\n\n\n<p><strong>DATOS DE CONTACTO DE SEMILLAS EN PARAGUAY<br><strong>Direcci\u00f3n: <\/strong><\/strong>Roma 1055, Asunci\u00f3n<br><strong>WhatsApp: <\/strong>(+595) 971888172; (+595) 974350980<br><strong>Tel\u00e9fono: <\/strong>(+595 21) 420323<br><strong>Correo electr\u00f3nico: <\/strong>semillas@semillas.org.py<\/p>\n\n\n\n<p><a href=\"http:\/\/www.semillas.org.py\/\"><strong>Visita aqu\u00ed el sitio web de Semillas para la Democracia<\/strong><\/a><\/p>\n\n\n\n<p><strong>Redes Sociales:<br><\/strong>Facebook: <a href=\"https:\/\/www.facebook.com\/Semillaspy\">@Semillaspy<\/a><br>Instagram: <a href=\"https:\/\/www.instagram.com\/semillaspy\/\">@semillaspy<\/a><\/p>\n\n\n\n<p><strong>Atenci\u00f3n al p\u00fablico:<\/strong>&nbsp; Para realizar consultas o agendar turnos, por favor enviar un mensaje al WhatsApp de Semillas: (+595) 971888172; (+595) 974350980<\/p>\n","protected":false},"excerpt":{"rendered":"<p>En Paraguay, distintas instituciones y organizaciones brindan orientaci\u00f3n y asistencia a personas refugiadas y solicitantes de la condici\u00f3n de refugiado\/a. Est\u00e9s donde est\u00e9s, pod\u00e9s comunicarte con la Comisi\u00f3n Nacional de Ap\u00e1tridas y Refugiados, ACNUR y sus agencias socias: COMISI\u00d3N NACIONAL DE AP\u00c1TRIDAS Y REFUGIADOS (CONARE) En Paraguay, la Comisi\u00f3n Nacional de Ap\u00e1tridas y Refugiados (CONARE) [&hellip;]<\/p>\n","protected":false},"author":74,"featured_media":0,"parent":0,"menu_order":2,"comment_status":"closed","ping_status":"closed","template":"page-templates\/sectioned.php","meta":{"_acf_changed":false,"footnotes":""},"class_list":["post-251","page","type-page","status-publish","hentry"],"acf":[],"_links":{"self":[{"href":"https:\/\/help.unhcr.org\/paraguay\/wp-json\/wp\/v2\/pages\/251","targetHints":{"allow":["GET"]}}],"collection":[{"href":"https:\/\/help.unhcr.org\/paraguay\/wp-json\/wp\/v2\/pages"}],"about":[{"href":"https:\/\/help.unhcr.org\/paraguay\/wp-json\/wp\/v2\/types\/page"}],"author":[{"embeddable":true,"href":"https:\/\/help.unhcr.org\/paraguay\/wp-json\/wp\/v2\/users\/74"}],"replies":[{"embeddable":true,"href":"https:\/\/help.unhcr.org\/paraguay\/wp-json\/wp\/v2\/comments?post=251"}],"version-history":[{"count":66,"href":"https:\/\/help.unhcr.org\/paraguay\/wp-json\/wp\/v2\/pages\/251\/revisions"}],"predecessor-version":[{"id":764,"href":"https:\/\/help.unhcr.org\/paraguay\/wp-json\/wp\/v2\/pages\/251\/revisions\/764"}],"wp:attachment":[{"href":"https:\/\/help.unhcr.org\/paraguay\/wp-json\/wp\/v2\/media?parent=251"}],"curies":[{"name":"wp","href":"https:\/\/api.w.org\/{rel}","templated":true}]}}