{"id":130,"date":"2020-01-21T15:06:19","date_gmt":"2020-01-21T15:06:19","guid":{"rendered":"http:\/\/help.unhcr.org\/paraguay\/?page_id=130"},"modified":"2026-03-13T17:29:50","modified_gmt":"2026-03-13T17:29:50","slug":"solicitar-la-condicion-de-refugiado-a-en-paraguay","status":"publish","type":"page","link":"https:\/\/help.unhcr.org\/paraguay\/solicitar-la-condicion-de-refugiado-a-en-paraguay\/","title":{"rendered":"Proceso de solicitud en Paraguay"},"content":{"rendered":"\n<p><strong>En la Rep\u00fablica del Paraguay, el reconocimiento y protecci\u00f3n de las personas refugiadas, se encuentran contemplados en la&nbsp;<\/strong><a rel=\"noreferrer noopener\" href=\"https:\/\/www.acnur.org\/fileadmin\/Documentos\/BDL\/2002\/1565.pdf\" target=\"_blank\"><strong>Ley N\u00b0 1.938.<\/strong><\/a><\/p>\n\n\n\n<p class=\"has-background\" style=\"background-color:#faeb00\"><strong>IMPORTANTE: <\/strong>no hay un plazo establecido para la resoluci\u00f3n de una solicitud de asilo. Si necesitas  consultar sobre estatus de tu solicitud, puedes enviar un correo electr\u00f3nico a conare@mre.gov.py.<\/p>\n\n\n\n<p>A continuaci\u00f3n, puedes encontrar un detalle paso a paso del procedimiento<\/p>\n","protected":false},"excerpt":{"rendered":"<p>En la Rep\u00fablica del Paraguay, el reconocimiento y protecci\u00f3n de las personas refugiadas, se encuentran contemplados en la&nbsp;Ley N\u00b0 1.938. IMPORTANTE: no hay un plazo establecido para la resoluci\u00f3n de una solicitud de asilo. Si necesitas consultar sobre estatus de tu solicitud, puedes enviar un correo electr\u00f3nico a conare@mre.gov.py. A continuaci\u00f3n, puedes encontrar un detalle [&hellip;]<\/p>\n","protected":false},"author":74,"featured_media":0,"parent":0,"menu_order":4,"comment_status":"closed","ping_status":"closed","template":"page-templates\/sectioned.php","meta":{"_acf_changed":false,"footnotes":""},"class_list":["post-130","page","type-page","status-publish","hentry"],"acf":[],"_links":{"self":[{"href":"https:\/\/help.unhcr.org\/paraguay\/wp-json\/wp\/v2\/pages\/130","targetHints":{"allow":["GET"]}}],"collection":[{"href":"https:\/\/help.unhcr.org\/paraguay\/wp-json\/wp\/v2\/pages"}],"about":[{"href":"https:\/\/help.unhcr.org\/paraguay\/wp-json\/wp\/v2\/types\/page"}],"author":[{"embeddable":true,"href":"https:\/\/help.unhcr.org\/paraguay\/wp-json\/wp\/v2\/users\/74"}],"replies":[{"embeddable":true,"href":"https:\/\/help.unhcr.org\/paraguay\/wp-json\/wp\/v2\/comments?post=130"}],"version-history":[{"count":60,"href":"https:\/\/help.unhcr.org\/paraguay\/wp-json\/wp\/v2\/pages\/130\/revisions"}],"predecessor-version":[{"id":944,"href":"https:\/\/help.unhcr.org\/paraguay\/wp-json\/wp\/v2\/pages\/130\/revisions\/944"}],"wp:attachment":[{"href":"https:\/\/help.unhcr.org\/paraguay\/wp-json\/wp\/v2\/media?parent=130"}],"curies":[{"name":"wp","href":"https:\/\/api.w.org\/{rel}","templated":true}]}}