{"id":258,"date":"2021-06-09T12:31:06","date_gmt":"2021-06-09T12:31:06","guid":{"rendered":"http:\/\/help.unhcr.org\/niger\/?page_id=258"},"modified":"2021-06-09T13:24:17","modified_gmt":"2021-06-09T13:24:17","slug":"guichet-unique-a-niamey","status":"publish","type":"page","link":"https:\/\/help.unhcr.org\/niger\/guichet-unique-a-niamey\/","title":{"rendered":"Guichet Unique \u00e0 Niamey"},"content":{"rendered":"\n<div class=\"wp-block-image\"><figure class=\"aligncenter size-large\"><img loading=\"lazy\" decoding=\"async\" width=\"159\" height=\"86\" src=\"https:\/\/help.unhcr.org\/niger\/wp-content\/uploads\/sites\/7\/2021\/06\/image.png\" alt=\"\" class=\"wp-image-259\"\/><\/figure><\/div>\n\n\n\n<p>Le Guichet Unique de Niamey est un lieu d\u2019accueil, d\u2019information, d\u2019orientation et de soutien o\u00f9 tous les r\u00e9fugi\u00e9s urbains peuvent acc\u00e9der \u00e0 des services pour d\u00e9fendre leurs droits et am\u00e9liorer leurs moyens de subsistance.<\/p>\n\n\n\n<ul class=\"wp-block-list\"><li><strong>Proc\u00e9dure de la demande d\u2019asile<\/strong><\/li><li><strong>Programmes de soutien<\/strong><strong><\/strong><\/li><li><strong>Solutions durables<\/strong><strong><\/strong><\/li><li><strong>Ligne verte<\/strong><strong><\/strong><\/li><li><strong>M\u00e9canisme de gestion des plaintes<\/strong><strong><\/strong><\/li><\/ul>\n\n\n\n<p><strong>Les partenaires&nbsp;:<\/strong><\/p>\n\n\n\n<div class=\"wp-block-columns is-layout-flex wp-container-core-columns-is-layout-9d6595d7 wp-block-columns-is-layout-flex\">\n<div class=\"wp-block-column is-layout-flow wp-block-column-is-layout-flow\">\n<div class=\"wp-block-image\"><figure class=\"aligncenter size-large\"><img loading=\"lazy\" decoding=\"async\" width=\"44\" height=\"40\" src=\"https:\/\/help.unhcr.org\/niger\/wp-content\/uploads\/sites\/7\/2021\/06\/image9.png\" alt=\"\" class=\"wp-image-306\"\/><\/figure><\/div>\n\n\n\n<p class=\"has-text-align-center\">La Commission Nationale d\u2019Eligibilit\u00e9 (CNE)<\/p>\n<\/div>\n\n\n\n<div class=\"wp-block-column is-layout-flow wp-block-column-is-layout-flow\">\n<div class=\"wp-block-image\"><figure class=\"aligncenter size-large\"><img loading=\"lazy\" decoding=\"async\" width=\"63\" height=\"43\" src=\"https:\/\/help.unhcr.org\/niger\/wp-content\/uploads\/sites\/7\/2021\/06\/image10.png\" alt=\"\" class=\"wp-image-307\"\/><\/figure><\/div>\n\n\n\n<p class=\"has-text-align-center\">Humanit\u00e9 &amp; Inclusion (HI)<\/p>\n<\/div>\n<\/div>\n\n\n\n<div class=\"wp-block-columns is-layout-flex wp-container-core-columns-is-layout-9d6595d7 wp-block-columns-is-layout-flex\">\n<div class=\"wp-block-column is-layout-flow wp-block-column-is-layout-flow\">\n<div class=\"wp-block-image\"><figure class=\"aligncenter size-large\"><img loading=\"lazy\" decoding=\"async\" width=\"51\" height=\"38\" src=\"https:\/\/help.unhcr.org\/niger\/wp-content\/uploads\/sites\/7\/2021\/06\/image11.png\" alt=\"\" class=\"wp-image-309\"\/><\/figure><\/div>\n\n\n\n<p class=\"has-text-align-center\">Action Pour le Bien Etre (APBE)<\/p>\n<\/div>\n\n\n\n<div class=\"wp-block-column is-layout-flow wp-block-column-is-layout-flow\">\n<div class=\"wp-block-image\"><figure class=\"aligncenter size-large\"><img loading=\"lazy\" decoding=\"async\" width=\"97\" height=\"50\" src=\"https:\/\/help.unhcr.org\/niger\/wp-content\/uploads\/sites\/7\/2021\/06\/image12.png\" alt=\"\" class=\"wp-image-310\"\/><\/figure><\/div>\n\n\n\n<p class=\"has-text-align-center\">Comit\u00e9 International pour l\u2019Aide d\u2019Urgence et le D\u00e9veloppement (CIAUD<\/p>\n<\/div>\n<\/div>\n","protected":false},"excerpt":{"rendered":"<p>Le Guichet Unique de Niamey est un lieu d\u2019accueil, d\u2019information, d\u2019orientation et de soutien o\u00f9 tous les r\u00e9fugi\u00e9s urbains peuvent acc\u00e9der \u00e0 des services pour d\u00e9fendre leurs droits et am\u00e9liorer leurs moyens de subsistance. Proc\u00e9dure de la demande d\u2019asile Programmes de soutien Solutions durables Ligne verte M\u00e9canisme de gestion des plaintes Les partenaires&nbsp;: La Commission [&hellip;]<\/p>\n","protected":false},"author":1,"featured_media":0,"parent":0,"menu_order":2,"comment_status":"closed","ping_status":"closed","template":"","meta":{"_acf_changed":false,"footnotes":""},"class_list":["post-258","page","type-page","status-publish","hentry"],"acf":[],"_links":{"self":[{"href":"https:\/\/help.unhcr.org\/niger\/wp-json\/wp\/v2\/pages\/258","targetHints":{"allow":["GET"]}}],"collection":[{"href":"https:\/\/help.unhcr.org\/niger\/wp-json\/wp\/v2\/pages"}],"about":[{"href":"https:\/\/help.unhcr.org\/niger\/wp-json\/wp\/v2\/types\/page"}],"author":[{"embeddable":true,"href":"https:\/\/help.unhcr.org\/niger\/wp-json\/wp\/v2\/users\/1"}],"replies":[{"embeddable":true,"href":"https:\/\/help.unhcr.org\/niger\/wp-json\/wp\/v2\/comments?post=258"}],"version-history":[{"count":3,"href":"https:\/\/help.unhcr.org\/niger\/wp-json\/wp\/v2\/pages\/258\/revisions"}],"predecessor-version":[{"id":311,"href":"https:\/\/help.unhcr.org\/niger\/wp-json\/wp\/v2\/pages\/258\/revisions\/311"}],"wp:attachment":[{"href":"https:\/\/help.unhcr.org\/niger\/wp-json\/wp\/v2\/media?parent=258"}],"curies":[{"name":"wp","href":"https:\/\/api.w.org\/{rel}","templated":true}]}}