{"id":128,"date":"2017-03-09T14:18:59","date_gmt":"2017-03-09T14:18:59","guid":{"rendered":"http:\/\/help.unhcr.org\/niger\/?page_id=128"},"modified":"2017-03-15T10:33:59","modified_gmt":"2017-03-15T10:33:59","slug":"reinstallation","status":"publish","type":"page","link":"https:\/\/help.unhcr.org\/niger\/solutions-durables\/reinstallation\/","title":{"rendered":"R\u00e9installation"},"content":{"rendered":"<p><strong>Qu\u2019est-ce que la r\u00e9installation? <\/strong><\/p>\n<ul>\n<li>La r\u00e9installation dans un pays tiers implique qu\u2019un r\u00e9fugi\u00e9 vivant dans un pays d\u2019asile soit r\u00e9install\u00e9 l\u00e9galement comme r\u00e9fugi\u00e9 dans un autre pays.<\/li>\n<li>La r\u00e9installation comme solution durable est une option limit\u00e9e et disponible que pour certains r\u00e9fugi\u00e9s remplissant des crit\u00e8res pr\u00e9cis.<\/li>\n<\/ul>\n<p><strong>LA REINSTALLATION N\u00b4EST PAS UN DROIT. <\/strong><\/p>\n<p><strong>Qui peut \u00eatre consid\u00e9r\u00e9 pour la r\u00e9installation ? <\/strong><\/p>\n<ul>\n<li>La r\u00e9installation est une option limit\u00e9e \u00e0 la disposition de l\u2019UNHCR pour r\u00e9pondre aux vulnerabilities\/question de protection des r\u00e9fugi\u00e9s.<\/li>\n<li>Seules les personnes reconnues et enregistr\u00e9es comme r\u00e9fugi\u00e9s par les autorit\u00e9s du Niger ou l\u2019UNHCR peuvent \u00eatre consid\u00e9- r\u00e9es pour la r\u00e9installation.<\/li>\n<li>L\u2019UNHCR identifie les r\u00e9fugi\u00e9s pour la r\u00e9installation par un monitoring des besoins de protection sp\u00e9cifiques et des vuln\u00e9rabilit\u00e9s.<\/li>\n<li>Comme les places de r\u00e9installation sont tr\u00e8s limit\u00e9es, l\u2019 UNHCR accorde une priorit\u00e9 pour les cas des r\u00e9fugi\u00e9s ayant des besoins de protection les plus urgents ainsi que les cas les plus vuln\u00e9rables.<\/li>\n<\/ul>\n<p><b>Pour plus des d\u00e9tails, veuilliez contacter la CNE ou le UNHCR, Centre d&rsquo;appel: 0 800 1212 (No Vert, Appel Gratuit)<\/b><\/p>\n","protected":false},"excerpt":{"rendered":"<p>Qu\u2019est-ce que la r\u00e9installation? La r\u00e9installation dans un pays tiers implique qu\u2019un r\u00e9fugi\u00e9 vivant dans un pays d\u2019asile soit r\u00e9install\u00e9 l\u00e9galement comme r\u00e9fugi\u00e9 dans un autre pays. La r\u00e9installation comme solution durable est une option limit\u00e9e et disponible que pour certains r\u00e9fugi\u00e9s remplissant des crit\u00e8res pr\u00e9cis. LA REINSTALLATION N\u00b4EST PAS UN DROIT. Qui peut \u00eatre [&hellip;]<\/p>\n","protected":false},"author":1,"featured_media":0,"parent":120,"menu_order":1,"comment_status":"closed","ping_status":"closed","template":"","meta":{"_acf_changed":false,"footnotes":""},"class_list":["post-128","page","type-page","status-publish","hentry"],"acf":[],"_links":{"self":[{"href":"https:\/\/help.unhcr.org\/niger\/wp-json\/wp\/v2\/pages\/128","targetHints":{"allow":["GET"]}}],"collection":[{"href":"https:\/\/help.unhcr.org\/niger\/wp-json\/wp\/v2\/pages"}],"about":[{"href":"https:\/\/help.unhcr.org\/niger\/wp-json\/wp\/v2\/types\/page"}],"author":[{"embeddable":true,"href":"https:\/\/help.unhcr.org\/niger\/wp-json\/wp\/v2\/users\/1"}],"replies":[{"embeddable":true,"href":"https:\/\/help.unhcr.org\/niger\/wp-json\/wp\/v2\/comments?post=128"}],"version-history":[{"count":2,"href":"https:\/\/help.unhcr.org\/niger\/wp-json\/wp\/v2\/pages\/128\/revisions"}],"predecessor-version":[{"id":187,"href":"https:\/\/help.unhcr.org\/niger\/wp-json\/wp\/v2\/pages\/128\/revisions\/187"}],"up":[{"embeddable":true,"href":"https:\/\/help.unhcr.org\/niger\/wp-json\/wp\/v2\/pages\/120"}],"wp:attachment":[{"href":"https:\/\/help.unhcr.org\/niger\/wp-json\/wp\/v2\/media?parent=128"}],"curies":[{"name":"wp","href":"https:\/\/api.w.org\/{rel}","templated":true}]}}