{"id":118,"date":"2017-03-09T14:11:28","date_gmt":"2017-03-09T14:11:28","guid":{"rendered":"http:\/\/help.unhcr.org\/niger\/?page_id=118"},"modified":"2017-03-15T10:53:22","modified_gmt":"2017-03-15T10:53:22","slug":"service-dassistance-medicale","status":"publish","type":"page","link":"https:\/\/help.unhcr.org\/niger\/programmes-de-soutien\/service-dassistance-medicale\/","title":{"rendered":"Service d\u2019assistance m\u00e9dicale"},"content":{"rendered":"<p><strong>Le Niger reconnait aux requ\u00e9rants d\u2019asile et r\u00e9fugi\u00e9s le droit \u00e0 la sant\u00e9 dans les m\u00eames conditions que pour ses propres citoyens (Art 10 Loi 97- 016).<\/strong> Par cons\u00e9quent, le r\u00e9fugi\u00e9 ou requ\u00e9rant d\u2019asile paie les m\u00eames frais que le Nig\u00e9rien dans tout \u00e9tablissement sanitaire public. Toutefois, en raison de sa vuln\u00e9rabilit\u00e9, il peut b\u00e9n\u00e9ficier d\u2019une assistance m\u00e9dicale au Guichet Unique.<\/p>\n<p><strong>a. Pendant les jours ouvrables <\/strong><\/p>\n<p>Du lundi au vendredi, aux horaires de r\u00e9ception, tout r\u00e9fugi\u00e9 muni de son attestation ou carte de r\u00e9fugi\u00e9 peut venir retirer un certificat de prise en charge m\u00e9dicale, \u00e0 pr\u00e9senter \u00e0 tout \u00e9tablissement sanitaire public. Ce certificat est la garantie pour l\u2019\u00e9tablissement sanitaire public que toutes les consultations m\u00e9dicales, les examens et les soins sont pris en charge par l\u2019UNHCR \u00e0 travers son partenaire QRC qui d\u00e9livre le document. Si le sp\u00e9cialiste de sant\u00e9 prescrit des m\u00e9dicaments, le patient doit d\u00e9poser l\u2019ordonnance aupr\u00e8s du service d\u2019assistance m\u00e9dicale qui met \u00e0 sa disposition, dans la m\u00eame journ\u00e9e, les m\u00e9dicaments en fonction des moyens disponibles. En aucun cas, il ne sera remis au patient de l\u2019argent pour acheter lui-m\u00eame ces m\u00e9dicaments.<\/p>\n<p><strong>b. Pendant les weekends, jours f\u00e9ri\u00e9s, la nuit ou en cas d\u2019urgence <\/strong><\/p>\n<p>Le patient peut se rendre directement dans un \u00e9tablissement public et payer les tarifs en vigueur au m\u00eame titre que les Nig\u00e9riens en pr\u00e9sentant ses documents de r\u00e9fugi\u00e9 ou requ\u00e9rant d\u2019asile. En cas d\u2019achat de m\u00e9dicaments, il devra prendre soin de faire apposer \u00ab PAYE COMPTANT \u00bb sur l\u2019ordonnance et joindre les re\u00e7us de caisse de la pharmacie. Le jour ouvrable suivant, il pourra d\u00e9poser ces documents au service d\u2019assistance m\u00e9dicale du Guichet Unique, qui proc\u00e8dera au remboursement, sur \u00e9tude des pi\u00e8ces.<\/p>\n<p><strong>En aucun cas le Guichet Unique ne remboursera des frais de consultation, d\u2019examens ou d\u2019ordonnance d\u2019une clinique ou cabinets m\u00e9dicaux priv\u00e9s. Seuls les frais pay\u00e9s \u00e0 un \u00e9tablissement public peuvent faire l\u2019objet d\u2019une demande de remboursement.<\/strong><\/p>\n","protected":false},"excerpt":{"rendered":"<p>Le Niger reconnait aux requ\u00e9rants d\u2019asile et r\u00e9fugi\u00e9s le droit \u00e0 la sant\u00e9 dans les m\u00eames conditions que pour ses propres citoyens (Art 10 Loi 97- 016). Par cons\u00e9quent, le r\u00e9fugi\u00e9 ou requ\u00e9rant d\u2019asile paie les m\u00eames frais que le Nig\u00e9rien dans tout \u00e9tablissement sanitaire public. Toutefois, en raison de sa vuln\u00e9rabilit\u00e9, il peut b\u00e9n\u00e9ficier [&hellip;]<\/p>\n","protected":false},"author":1,"featured_media":0,"parent":102,"menu_order":2,"comment_status":"closed","ping_status":"closed","template":"","meta":{"_acf_changed":false,"footnotes":""},"class_list":["post-118","page","type-page","status-publish","hentry"],"acf":[],"_links":{"self":[{"href":"https:\/\/help.unhcr.org\/niger\/wp-json\/wp\/v2\/pages\/118","targetHints":{"allow":["GET"]}}],"collection":[{"href":"https:\/\/help.unhcr.org\/niger\/wp-json\/wp\/v2\/pages"}],"about":[{"href":"https:\/\/help.unhcr.org\/niger\/wp-json\/wp\/v2\/types\/page"}],"author":[{"embeddable":true,"href":"https:\/\/help.unhcr.org\/niger\/wp-json\/wp\/v2\/users\/1"}],"replies":[{"embeddable":true,"href":"https:\/\/help.unhcr.org\/niger\/wp-json\/wp\/v2\/comments?post=118"}],"version-history":[{"count":2,"href":"https:\/\/help.unhcr.org\/niger\/wp-json\/wp\/v2\/pages\/118\/revisions"}],"predecessor-version":[{"id":192,"href":"https:\/\/help.unhcr.org\/niger\/wp-json\/wp\/v2\/pages\/118\/revisions\/192"}],"up":[{"embeddable":true,"href":"https:\/\/help.unhcr.org\/niger\/wp-json\/wp\/v2\/pages\/102"}],"wp:attachment":[{"href":"https:\/\/help.unhcr.org\/niger\/wp-json\/wp\/v2\/media?parent=118"}],"curies":[{"name":"wp","href":"https:\/\/api.w.org\/{rel}","templated":true}]}}