{"id":108,"date":"2017-03-09T14:05:54","date_gmt":"2017-03-09T14:05:54","guid":{"rendered":"http:\/\/help.unhcr.org\/niger\/?page_id=108"},"modified":"2017-03-15T10:31:33","modified_gmt":"2017-03-15T10:31:33","slug":"service-dappui-a-lautosuffisance","status":"publish","type":"page","link":"https:\/\/help.unhcr.org\/niger\/programmes-de-soutien\/service-dappui-a-lautosuffisance\/","title":{"rendered":"Service d\u2019appui \u00e0 l\u2019autosuffisance"},"content":{"rendered":"<p>Certains r\u00e9fugi\u00e9s et requ\u00e9rants d\u2019asile peuvent avoir besoin d\u2019\u00eatre soutenus pour se reconstruire une vie digne.<\/p>\n<p>En r\u00e9ponse, l\u2019UNHCR et ses partenaires les appuient \u00e0 travers un accompagnement social personnalise en vue de la r\u00e9alisation de leur projets. Lorsque ceux-ci ont une dimension \u00e9conomique, ils peuvent \u00eatre financ\u00e9s par le partenaire HI ou r\u00e9f\u00e9r\u00e9s vers des structures de micro finances.<\/p>\n<p>Sans exclure l\u2019accompagnement d\u00fb aux initiatives individuelles, le Guichet Unique accorde une attention privil\u00e9gi\u00e9e aux AGR de type communautaire (groupements, coop\u00e9ratives, etc.). En aucun cas l\u2019UNHCR et ses partenaires ne financent la cr\u00e9ation d\u2019entreprise priv\u00e9e. Par contre, ils peuvent r\u00e9f\u00e9rer les porteurs \u00e0 des structures sp\u00e9cialis\u00e9es.<\/p>\n<p><strong>Le demandeur d\u2019asile ou le r\u00e9fugi\u00e9 ne doit rien promettre, rien donner en \u00e9change, pour se faire enregistrer, ni pour se faire \u00e9tablir un document (attestation, carte de refugie ou TVC) ni pour obtenir une quelconque assistance (m\u00e9dicale, financi\u00e8re ou mat\u00e9rielle) fournie au Guichet Unique. Tout requ\u00e9rant d\u2019asile ou r\u00e9fugi\u00e9 qui rencontre des difficult\u00e9s ou manquements, \u00e0 cet \u00e9gard, a le droit de se plaindre au Bureau des Plaintes du Guichet Unique.<\/strong><\/p>\n","protected":false},"excerpt":{"rendered":"<p>Certains r\u00e9fugi\u00e9s et requ\u00e9rants d\u2019asile peuvent avoir besoin d\u2019\u00eatre soutenus pour se reconstruire une vie digne. En r\u00e9ponse, l\u2019UNHCR et ses partenaires les appuient \u00e0 travers un accompagnement social personnalise en vue de la r\u00e9alisation de leur projets. Lorsque ceux-ci ont une dimension \u00e9conomique, ils peuvent \u00eatre financ\u00e9s par le partenaire HI ou r\u00e9f\u00e9r\u00e9s vers [&hellip;]<\/p>\n","protected":false},"author":1,"featured_media":0,"parent":102,"menu_order":7,"comment_status":"closed","ping_status":"closed","template":"","meta":{"_acf_changed":false,"footnotes":""},"class_list":["post-108","page","type-page","status-publish","hentry"],"acf":[],"_links":{"self":[{"href":"https:\/\/help.unhcr.org\/niger\/wp-json\/wp\/v2\/pages\/108","targetHints":{"allow":["GET"]}}],"collection":[{"href":"https:\/\/help.unhcr.org\/niger\/wp-json\/wp\/v2\/pages"}],"about":[{"href":"https:\/\/help.unhcr.org\/niger\/wp-json\/wp\/v2\/types\/page"}],"author":[{"embeddable":true,"href":"https:\/\/help.unhcr.org\/niger\/wp-json\/wp\/v2\/users\/1"}],"replies":[{"embeddable":true,"href":"https:\/\/help.unhcr.org\/niger\/wp-json\/wp\/v2\/comments?post=108"}],"version-history":[{"count":2,"href":"https:\/\/help.unhcr.org\/niger\/wp-json\/wp\/v2\/pages\/108\/revisions"}],"predecessor-version":[{"id":185,"href":"https:\/\/help.unhcr.org\/niger\/wp-json\/wp\/v2\/pages\/108\/revisions\/185"}],"up":[{"embeddable":true,"href":"https:\/\/help.unhcr.org\/niger\/wp-json\/wp\/v2\/pages\/102"}],"wp:attachment":[{"href":"https:\/\/help.unhcr.org\/niger\/wp-json\/wp\/v2\/media?parent=108"}],"curies":[{"name":"wp","href":"https:\/\/api.w.org\/{rel}","templated":true}]}}