{"id":104,"date":"2017-03-09T14:04:45","date_gmt":"2017-03-09T14:04:45","guid":{"rendered":"http:\/\/help.unhcr.org\/niger\/?page_id=104"},"modified":"2017-03-15T10:54:21","modified_gmt":"2017-03-15T10:54:21","slug":"service-de-protection","status":"publish","type":"page","link":"https:\/\/help.unhcr.org\/niger\/programmes-de-soutien\/service-de-protection\/","title":{"rendered":"Service de protection"},"content":{"rendered":"<p><strong>a) Prise de rendez-vous.<\/strong><\/p>\n<p>Afin d\u2019obtenir un rendez-vous d\u2019enregistrement, le requ\u00e9rant doit se pr\u00e9senter le mercredi au service d\u2019enregistrement qui lui donnera un rendez-vous pour le lendemain, c\u2019est-\u00e0-dire le jeudi.<\/p>\n<p><strong>b) L\u2019enregistrement <\/strong><\/p>\n<p>L\u2019enregistrement vise \u00e0 recueillir toutes les donn\u00e9es personnelles du requ\u00e9rant y compris ses empreintes digitales dans la base de donn\u00e9es. Il doit se pr\u00e9senter avec toutes les personnes \u00e0 sa charge, et produire tous les documents en sa possession (passeport, carte d\u2019identit\u00e9, actes de naissance, de mariage ou de d\u00e9c\u00e8s, carte professionnelle, carte de membre de parti ou d\u2019association, etc.). L\u2019agent en prend copie et les lui restitue imm\u00e9diatement. Si n\u00e9cessaire, les agents pourront visiter sa maison, son lieu de travail ou l\u2019\u00e9cole de ses enfants.<\/p>\n<p><strong>c) L\u2019entretien et la d\u00e9termination du statut <\/strong><\/p>\n<p>Les Maliens sont re\u00e7us au Guichet Unique pour un entretien sommaire sur les raisons et circonstances de leur d\u00e9part du Mali et, b\u00e9n\u00e9ficient s\u2019il y a lieu, de la reconnaissance prima facie. Les personnes d\u2019une autre nationalit\u00e9 sont orient\u00e9es vers la CNE (si\u00e8ge), pour un entretien d\u2019\u00e9ligibilit\u00e9 au statut de refugie. Lors de l\u2019entretien, le requ\u00e9rant doit coop\u00e9rer, r\u00e9pondre honn\u00eatement et fournir tous renseignements pertinents et documents en sa possession pour \u00e9tablir le bien-fond\u00e9 de sa demande. Avec ces informations et les v\u00e9rifications requises, sa demande est analys\u00e9e conform\u00e9ment aux conventions pertinentes et \u00e0 la loi du Niger, en vue d\u2019une d\u00e9cision sur sa demande d\u2019asile.<\/p>\n<p><strong>d) La documentation <\/strong><\/p>\n<p>Les Maliens re\u00e7oivent au Guichet Unique une<strong> attestation de r\u00e9fugi\u00e9<\/strong>. Pour les requ\u00e9rants d\u2019autres nationalit\u00e9s, ils re\u00e7oivent d\u00e8s la soumission de votre demande, \u00e0 la CNE, une <strong>attestation provisoire<\/strong> de demande d\u2019asile, document les prot\u00e9geant notamment contre le refoulement. Une fois reconnus, il leur est d\u00e9livr\u00e9, ainsi qu\u2019\u00e0 chaque membre adulte de leur famille, une <strong>carte de r\u00e9fugi\u00e9<\/strong> tenant lieu de pi\u00e8ce d\u2019identit\u00e9 et autorisation de s\u00e9jour. S\u2019ils souhaitent voyager hors du Niger et \u00e0 l\u2019exclusion de leur pays d\u2019origine, il leur est d\u00e9livr\u00e9 un <strong>Titre de Voyage de la Convention (TVC).<\/strong><\/p>\n<p><strong>e) Mesures sp\u00e9cifiques de protection pour des vuln\u00e9rables <\/strong><\/p>\n<p>Les personnes vuln\u00e9rables sont davantage expos\u00e9es \u00e0 toutes sortes d\u2019abus et de violations de leurs droits. En partenariat avec divers acteurs institutionnels, le Guichet Unique \u0153uvre \u00e0 garantir le respect int\u00e9gral des droits de ces personnes, par des activit\u00e9s de pr\u00e9vention et des mesures de r\u00e9ponses appropri\u00e9es, notamment en ce qui concerne la protection des filles des femmes et autres vuln\u00e9rables contre les violences bas\u00e9es sur le genre (VBG), la protection des enfants contre tout risque de protection et le traitement \u00e9quitable requis pour les autres personnes \u00e0 besoins sp\u00e9cifiques<\/p>\n","protected":false},"excerpt":{"rendered":"<p>a) Prise de rendez-vous. Afin d\u2019obtenir un rendez-vous d\u2019enregistrement, le requ\u00e9rant doit se pr\u00e9senter le mercredi au service d\u2019enregistrement qui lui donnera un rendez-vous pour le lendemain, c\u2019est-\u00e0-dire le jeudi. b) L\u2019enregistrement L\u2019enregistrement vise \u00e0 recueillir toutes les donn\u00e9es personnelles du requ\u00e9rant y compris ses empreintes digitales dans la base de donn\u00e9es. Il doit se [&hellip;]<\/p>\n","protected":false},"author":1,"featured_media":0,"parent":102,"menu_order":1,"comment_status":"closed","ping_status":"closed","template":"","meta":{"_acf_changed":false,"footnotes":""},"class_list":["post-104","page","type-page","status-publish","hentry"],"acf":[],"_links":{"self":[{"href":"https:\/\/help.unhcr.org\/niger\/wp-json\/wp\/v2\/pages\/104","targetHints":{"allow":["GET"]}}],"collection":[{"href":"https:\/\/help.unhcr.org\/niger\/wp-json\/wp\/v2\/pages"}],"about":[{"href":"https:\/\/help.unhcr.org\/niger\/wp-json\/wp\/v2\/types\/page"}],"author":[{"embeddable":true,"href":"https:\/\/help.unhcr.org\/niger\/wp-json\/wp\/v2\/users\/1"}],"replies":[{"embeddable":true,"href":"https:\/\/help.unhcr.org\/niger\/wp-json\/wp\/v2\/comments?post=104"}],"version-history":[{"count":2,"href":"https:\/\/help.unhcr.org\/niger\/wp-json\/wp\/v2\/pages\/104\/revisions"}],"predecessor-version":[{"id":193,"href":"https:\/\/help.unhcr.org\/niger\/wp-json\/wp\/v2\/pages\/104\/revisions\/193"}],"up":[{"embeddable":true,"href":"https:\/\/help.unhcr.org\/niger\/wp-json\/wp\/v2\/pages\/102"}],"wp:attachment":[{"href":"https:\/\/help.unhcr.org\/niger\/wp-json\/wp\/v2\/media?parent=104"}],"curies":[{"name":"wp","href":"https:\/\/api.w.org\/{rel}","templated":true}]}}