{"id":202,"date":"2020-03-28T09:07:29","date_gmt":"2020-03-28T09:07:29","guid":{"rendered":"http:\/\/help.unhcr.org\/netherlands\/coronavirus-covid-19\/"},"modified":"2025-01-15T10:57:40","modified_gmt":"2025-01-15T10:57:40","slug":"coronavirus-covid-19","status":"publish","type":"page","link":"https:\/\/help.unhcr.org\/netherlands\/nl\/coronavirus-covid-19\/","title":{"rendered":"Coronavirus (COVID-19)"},"content":{"rendered":"\n<p>De uitbraak van het coronavirus treft veel landen wereldwijd, waaronder Nederland. Raadpleeg onderstaande bronnen die betrouwbare informatie in meerdere talen bieden.<\/p>\n\n\n\n<h3 class=\"wp-block-heading\"><a href=\"https:\/\/www.who.int\/emergencies\/diseases\/novel-coronavirus-2019\">World Health Organisation (WHO)<\/a><\/h3>\n\n\n\n<p> Hoe kun je jezelf beschermen \u2013&nbsp;<a href=\"https:\/\/www.who.int\/emergencies\/diseases\/novel-coronavirus-2019\/advice-for-public\">Engels<\/a>|&nbsp;<a href=\"https:\/\/www.who.int\/fr\/emergencies\/diseases\/novel-coronavirus-2019\/advice-for-public\">Frans<\/a>|&nbsp;<a href=\"https:\/\/www.who.int\/ar\/emergencies\/diseases\/novel-coronavirus-2019\/advice-for-public\">Arabisch<\/a>|&nbsp;<a href=\"https:\/\/www.who.int\/zh\/emergencies\/diseases\/novel-coronavirus-2019\/advice-for-public\">Chinees&nbsp;<\/a>|&nbsp;<a href=\"https:\/\/www.who.int\/ru\/emergencies\/diseases\/novel-coronavirus-2019\/advice-for-public\">Russisch<\/a>&nbsp;|&nbsp;<a href=\"https:\/\/www.who.int\/es\/emergencies\/diseases\/novel-coronavirus-2019\/advice-for-public\">Spaans<\/a><br><br> Vragen en antwoorden <a href=\"https:\/\/www.who.int\/news-room\/q-a-detail\/q-a-coronaviruses\">Engels<\/a>| <a href=\"https:\/\/www.who.int\/fr\/emergencies\/diseases\/novel-coronavirus-2019\/advice-for-public\/q-a-coronaviruses\">Frans<\/a>&nbsp;|&nbsp;<a href=\"https:\/\/www.who.int\/ar\/emergencies\/diseases\/novel-coronavirus-2019\/advice-for-public\/q-a-coronaviruses\">Arabisch<\/a>&nbsp;|&nbsp;<a href=\"https:\/\/www.who.int\/zh\/news-room\/q-a-detail\/q-a-coronaviruses\">Chinees<\/a>&nbsp;|&nbsp;<a href=\"https:\/\/www.who.int\/es\/emergencies\/diseases\/novel-coronavirus-2019\/advice-for-public\/q-a-coronaviruses\">Spaans<\/a><\/p>\n\n\n\n<h3 class=\"wp-block-heading\"><a href=\"https:\/\/www.rijksoverheid.nl\/onderwerpen\/coronavirus-covid-19\">Informatie van de Nederlandse overheid-&nbsp; Rijksinstituut voor Volksgezondheid en Milieu<\/a><\/h3>\n\n\n\n<p>Raadpleeg de <a href=\"https:\/\/www.rijksoverheid.nl\/onderwerpen\/coronavirus-covid-19\">website van het Rijksinstituut voor Volksgezondheid en Milieu (RIVM)<\/a> voor de laatste informatie over de situatie rond het coronavirus in Nederland.<\/p>\n\n\n\n<h3 class=\"wp-block-heading\"><a href=\"https:\/\/ind.nl\/Paginas\/Coronavirus.aspx\">Immigratie- en Naturalisatiedienst (IND)<\/a><\/h3>\n\n\n\n<p>Op de <a href=\"https:\/\/ind.nl\/Paginas\/Coronavirus.aspx\">website van de IND<\/a> kunt u de laatste informatie over de gevolgen van de uitbraak van het coronavirus voor uw aanvraag of verblijf in Nederland vinden.<\/p>\n\n\n\n<h3 class=\"wp-block-heading\"><a href=\"https:\/\/www.pharos.nl\/the-coronavirus\/\">Pharos<\/a><\/h3>\n\n\n\n<p>Om uzelf snel vertrouwd te maken met hoe u uzelf kunt beschermen en de verspreiding van het virus kunt voorkomen, raadpleegt u de website van Pharos voor handige informatie in verschillende talen &#8211; <a href=\"https:\/\/www.pharos.nl\/%d9%81%d9%8a%d8%b1%d9%88%d8%b3-%d9%83%d9%88%d8%b1%d9%88%d9%86%d8%a7\/\">Arabisch<\/a> | <a href=\"https:\/\/www.pharos.nl\/the-coronavirus\/\">Engels<\/a> | <a href=\"https:\/\/www.pharos.nl\/coronavirus\/\">Nederlands<\/a> | <a href=\"https:\/\/www.pharos.nl\/%e1%8a%ae%e1%88%ae%e1%8a%93-%e1%89%ab%e1%8b%ad%e1%88%a8%e1%88%b5\/\">Tigrinya<\/a> | <a href=\"https:\/\/www.pharos.nl\/koronavirusu\/\">Turks<\/a> <\/p>\n\n\n\n<p>Als u in een azc of opvanglocatie woont, raadpleeg\ndan uw \u2018My COA\u2019 app of bezoek de <a href=\"https:\/\/www.mycoa.nl\/nl\/instellingen?destination=frontpage\"><strong>\u2018My\nCOA\u2019 website<\/strong><\/a> voor actuele informatie over hoe u uzelf kunt beschermen\nen hoe u de verspreiding van het virus kunt voorkomen.<\/p>\n\n\n\n<p>Als u in een azc op andere opvanglocatie woont neem dan telefonisch contact op met de <strong>GZA (Gezondheidszorg Asielzoekers) <\/strong>via <strong>088- 112 2 112<\/strong> als u: in China, Iran, Singapore, Zuid-Korea of Itali\u00eb bent geweest \u00f3f bij iemand die het coronavirus heeft; koorts heeft (38 graden of hoger); \u00e9en of beide van deze klachten op u van toepassing zijn: hoesten, moeilijk ademhalen. <strong>Kom niet naar GZA op locatie om besmetting van anderen te voorkomen.<\/strong><\/p>\n\n\n\n<h3 class=\"wp-block-heading\"><a href=\"https:\/\/www.facebook.com\/C19helpdesk\/\">CAS Help Desk<\/a><\/h3>\n\n\n\n<p>Als u vragen heeft over de corona crisis en u spreekt <strong>Arabisch<\/strong> of <strong>Tigrinya<\/strong>, dan kunt u gratis bellen met de <strong><a href=\"https:\/\/www.facebook.com\/C19helpdesk\">CAS Help Desk<\/a><\/strong> op <strong>085-580 88 00 (iedere werkdag tussen 14:00 en 16:00)<\/strong>. De help desk kan helpen vragen over corona beantwoorden in uw eigen taal.<\/p>\n\n\n\n<hr class=\"wp-block-separator\" \/>\n\n\n\n<p><\/p>\n\n\n\n<h3 class=\"wp-block-heading\">Gerelateerde informatie<\/h3>\n\n\n\n<p><a href=\"https:\/\/help.unhcr.org\/netherlands\/nl\/where-to-seek-help\/\">Waar kan ik terecht voor hulp in Nederland?<\/a><\/p>\n","protected":false},"excerpt":{"rendered":"<p>De uitbraak van het coronavirus treft veel landen wereldwijd, waaronder Nederland. Raadpleeg onderstaande bronnen die betrouwbare informatie in meerdere talen bieden. World Health Organisation (WHO) Hoe kun je jezelf beschermen \u2013&nbsp;Engels|&nbsp;Frans|&nbsp;Arabisch|&nbsp;Chinees&nbsp;|&nbsp;Russisch&nbsp;|&nbsp;Spaans Vragen en antwoorden Engels| Frans&nbsp;|&nbsp;Arabisch&nbsp;|&nbsp;Chinees&nbsp;|&nbsp;Spaans Informatie van de Nederlandse overheid-&nbsp; Rijksinstituut voor Volksgezondheid en Milieu Raadpleeg de website van het Rijksinstituut voor Volksgezondheid en [&hellip;]<\/p>\n","protected":false},"author":1,"featured_media":0,"parent":0,"menu_order":1,"comment_status":"closed","ping_status":"closed","template":"","meta":{"_acf_changed":false,"footnotes":""},"class_list":["post-202","page","type-page","status-publish","hentry"],"acf":[],"_links":{"self":[{"href":"https:\/\/help.unhcr.org\/netherlands\/nl\/wp-json\/wp\/v2\/pages\/202","targetHints":{"allow":["GET"]}}],"collection":[{"href":"https:\/\/help.unhcr.org\/netherlands\/nl\/wp-json\/wp\/v2\/pages"}],"about":[{"href":"https:\/\/help.unhcr.org\/netherlands\/nl\/wp-json\/wp\/v2\/types\/page"}],"author":[{"embeddable":true,"href":"https:\/\/help.unhcr.org\/netherlands\/nl\/wp-json\/wp\/v2\/users\/1"}],"replies":[{"embeddable":true,"href":"https:\/\/help.unhcr.org\/netherlands\/nl\/wp-json\/wp\/v2\/comments?post=202"}],"version-history":[{"count":9,"href":"https:\/\/help.unhcr.org\/netherlands\/nl\/wp-json\/wp\/v2\/pages\/202\/revisions"}],"predecessor-version":[{"id":881,"href":"https:\/\/help.unhcr.org\/netherlands\/nl\/wp-json\/wp\/v2\/pages\/202\/revisions\/881"}],"wp:attachment":[{"href":"https:\/\/help.unhcr.org\/netherlands\/nl\/wp-json\/wp\/v2\/media?parent=202"}],"curies":[{"name":"wp","href":"https:\/\/api.w.org\/{rel}","templated":true}]}}