{"id":636,"date":"2020-02-24T11:09:12","date_gmt":"2020-02-24T11:09:12","guid":{"rendered":"https:\/\/help.unhcr.org\/netherlands\/asylum-in-the-netherlands\/"},"modified":"2025-01-15T10:29:43","modified_gmt":"2025-01-15T10:29:43","slug":"asylum-in-the-netherlands","status":"publish","type":"page","link":"https:\/\/help.unhcr.org\/netherlands\/es\/asylum-in-the-netherlands\/","title":{"rendered":"Asilo en los Pa\u00edses Bajos"},"content":{"rendered":"\n<p class=\"has-text-align-center has-background\" style=\"background-color:#fae800\"><strong>La informaci\u00f3n sobre el procedimiento de asilo en los Pa\u00edses Bajos se explica cuidadosamente en <strong>\u00e1rabe<\/strong><\/strong>, <strong>dari<\/strong>, <strong>farsi<\/strong>, <strong>franc\u00e9s<\/strong>, <strong>holand\u00e9s, ingl\u00e9s, ruso<\/strong>, <strong>somal\u00ed, tigrinya, turco y ucraniano<\/strong> <strong>en el sitio web <a rel=\"noreferrer noopener\" href=\"https:\/\/www.refugeehelp.nl\/\" target=\"_blank\">RefugeeHelp.nl<\/a>.<\/strong><\/p>\n\n\n\n<p>Adem\u00e1s, puede encontrar informaci\u00f3n sobre el procedimiento de asilo en los Pa\u00edses Bajos en el <a href=\"https:\/\/www.government.nl\/topics\/asylum-policy\/asylum-procedure\" target=\"_blank\" rel=\"noreferrer noopener\">sitio web del Gobierno de los Pa\u00edses Bajos<\/a>, as\u00ed como en el <a href=\"https:\/\/ind.nl\/en\" target=\"_blank\" rel=\"noreferrer noopener\">sitio web del IND<\/a>.<\/p>\n\n\n\n<h2 class=\"wp-block-heading\">Derechos y Obligaciones<\/h2>\n\n\n\n<p>Como solicitante de asilo registrado en los Pa\u00edses Bajos, tiene ciertos derechos y obligaciones.<\/p>\n\n\n\n<p>Lo m\u00e1s importante es que los solicitantes de asilo tienen derecho a la acogida.<\/p>\n\n\n\n<p>Este derecho de acogida est\u00e1 estipulado en el <em>Reglamento de Prestaciones para Solicitantes de Asilo y Otras Categor\u00edas de Extranjeros<\/em> (Rva), e incluye <strong>vivienda, monto semanal en dinero, acceso a la salud y educaci\u00f3n para los ni\u00f1os<\/strong>. El derecho a la acogida tambi\u00e9n conlleva ciertas obligaciones. A continuaci\u00f3n, encontrar\u00e1 el resumen de los derechos y obligaciones de los solicitantes de asilo.<\/p>\n\n\n\n<h3 class=\"wp-block-heading\">Derechos<\/h3>\n\n\n\n<ul class=\"wp-block-list\">\n<li>Los solicitantes de asilo reciben alojamiento en uno de los centros de recepci\u00f3n durante la duraci\u00f3n de su procedimiento de asilo.<\/li>\n\n\n\n<li>Los solicitantes de asilo reciben montos semanales en dinero para comprar alimentos y ropa, entre otras cosas.<\/li>\n\n\n\n<li>Los solicitantes de asilo tienen acceso a la atenci\u00f3n m\u00e9dica y est\u00e1n asegurados para la mayor\u00eda de los gastos m\u00e9dicos, as\u00ed como contra las consecuencias de la responsabilidad legal.<\/li>\n\n\n\n<li>Los ni\u00f1os tienen derecho a la educaci\u00f3n.<\/li>\n\n\n\n<li>Los solicitantes de asilo pueden trabajar en los Pa\u00edses Bajos.<\/li>\n\n\n\n<li>Los solicitantes de asilo tienen derecho a la asistencia jur\u00eddica de un abogado durante el procedimiento de asilo. Los solicitantes de asilo no tienen que pagar por su abogado.<\/li>\n\n\n\n<li>Una vez que a un solicitante de asilo se le ha otorgado el estatus de refugiado y un permiso de residencia, se le ofrecer\u00e1 alojamiento fuera del centro de acogida.<\/li>\n<\/ul>\n\n\n\n<h3 class=\"wp-block-heading\">Obligaciones<\/h3>\n\n\n\n<ul class=\"wp-block-list\">\n<li>Los residentes de un centro de acogida deben cumplir con las reglas de la casa del centro de acogida. Recibir\u00e1n estas normas a su llegada al centro.<\/li>\n\n\n\n<li>Los residentes deben presentarse peri\u00f3dicamente ante la COA y la Polic\u00eda de Extranjer\u00eda para el registro interno.<\/li>\n\n\n\n<li>Los solicitantes de asilo en los Pa\u00edses Bajos deben someterse a ex\u00e1menes m\u00e9dicos de tuberculosis y posibles tratamientos de seguimiento a su llegada.<\/li>\n\n\n\n<li>Los solicitantes de asilo que residen en centros de acogida deben registrarse en la Base de Datos de Registros Personales Municipales seis meses despu\u00e9s de su solicitud de asilo.<\/li>\n<\/ul>\n\n\n\n<p>Encuentre m\u00e1s informaci\u00f3n sobre los derechos y obligaciones de los solicitantes de asilo en los Pa\u00edses Bajos en el <a href=\"https:\/\/www.coa.nl\/en\/reception-of-asylum-seekers\/rights-and-obligations\" target=\"_blank\" rel=\"noreferrer noopener\">sitio web de COA<\/a>.<\/p>\n\n\n\n<hr class=\"wp-block-separator has-css-opacity\" \/>\n\n\n\n<h3 class=\"wp-block-heading\">Informaci\u00f3n relacionada<\/h3>\n\n\n\n<p><a href=\"https:\/\/help.unhcr.org\/netherlands\/es\/where-to-seek-help\/\">Explore la secci\u00f3n &#8220;\u00bfD\u00f3nde buscar ayuda?&#8221; para encontrar informaci\u00f3n sobre otros servicios \u00fatiles en los Pa\u00edses Bajos<\/a><br><a href=\"https:\/\/help.unhcr.org\/netherlands\/es\/asylum-in-the-netherlands\/\">Sobre ACNUR en los Pa\u00edses Bajos<\/a><\/p>\n","protected":false},"excerpt":{"rendered":"<p>La informaci\u00f3n sobre el procedimiento de asilo en los Pa\u00edses Bajos se explica cuidadosamente en \u00e1rabe, dari, farsi, franc\u00e9s, holand\u00e9s, ingl\u00e9s, ruso, somal\u00ed, tigrinya, turco y ucraniano en el sitio web RefugeeHelp.nl. Adem\u00e1s, puede encontrar informaci\u00f3n sobre el procedimiento de asilo en los Pa\u00edses Bajos en el sitio web del Gobierno de los Pa\u00edses Bajos, [&hellip;]<\/p>\n","protected":false},"author":1,"featured_media":0,"parent":0,"menu_order":2,"comment_status":"closed","ping_status":"closed","template":"","meta":{"_acf_changed":false,"footnotes":""},"class_list":["post-636","page","type-page","status-publish","hentry"],"acf":[],"_links":{"self":[{"href":"https:\/\/help.unhcr.org\/netherlands\/es\/wp-json\/wp\/v2\/pages\/636","targetHints":{"allow":["GET"]}}],"collection":[{"href":"https:\/\/help.unhcr.org\/netherlands\/es\/wp-json\/wp\/v2\/pages"}],"about":[{"href":"https:\/\/help.unhcr.org\/netherlands\/es\/wp-json\/wp\/v2\/types\/page"}],"author":[{"embeddable":true,"href":"https:\/\/help.unhcr.org\/netherlands\/es\/wp-json\/wp\/v2\/users\/1"}],"replies":[{"embeddable":true,"href":"https:\/\/help.unhcr.org\/netherlands\/es\/wp-json\/wp\/v2\/comments?post=636"}],"version-history":[{"count":5,"href":"https:\/\/help.unhcr.org\/netherlands\/es\/wp-json\/wp\/v2\/pages\/636\/revisions"}],"predecessor-version":[{"id":867,"href":"https:\/\/help.unhcr.org\/netherlands\/es\/wp-json\/wp\/v2\/pages\/636\/revisions\/867"}],"wp:attachment":[{"href":"https:\/\/help.unhcr.org\/netherlands\/es\/wp-json\/wp\/v2\/media?parent=636"}],"curies":[{"name":"wp","href":"https:\/\/api.w.org\/{rel}","templated":true}]}}