{"id":621,"date":"2020-02-24T10:31:33","date_gmt":"2020-02-24T10:31:33","guid":{"rendered":"https:\/\/help.unhcr.org\/netherlands\/where-to-seek-help\/lgbti\/"},"modified":"2023-05-01T14:09:12","modified_gmt":"2023-05-01T14:09:12","slug":"lgbti","status":"publish","type":"page","link":"https:\/\/help.unhcr.org\/netherlands\/es\/where-to-seek-help\/lgbti\/","title":{"rendered":"LGBTIQ+"},"content":{"rendered":"\n<p>Las siguientes organizaciones brindan servicios a los solicitantes de asilo LGBTIQ+ en los Pa\u00edses Bajos:<\/p>\n\n\n\n<h3 class=\"wp-block-heading\">COC los Pa\u00edses Bajos<\/h3>\n\n\n\n<p>COC los Pa\u00edses Bajos aboga por los derechos de las personas lesbianas, gays, bisexuales, transg\u00e9nero e intersexuales (personas LGBTIQ+). COC lucha por la despenalizaci\u00f3n de la orientaci\u00f3n sexual y la identidad de g\u00e9nero y por la igualdad de derechos, la emancipaci\u00f3n y la aceptaci\u00f3n social de las personas LGBTIQ+ en los Pa\u00edses Bajos y en todo el mundo. COC los Pa\u00edses Bajos organiza reuniones, eventos sociales, consultas legales y proyectos de amigos.<\/p>\n\n\n\n<p>Puede ponerse en contacto con COC a trav\u00e9s de <a href=\"mailto:info@switchboard.nl\">info@switchboard.nl<\/a> o al (020) 623 45 96. Puede encontrar m\u00e1s informaci\u00f3n sobre COC en <a href=\"https:\/\/www.coc.nl\/engels\" target=\"_blank\" rel=\"noreferrer noopener\">su sitio web<\/a>.<\/p>\n\n\n\n<h3 class=\"wp-block-heading\">LGBTI+ Asylum Support<\/h3>\n\n\n\n<p>LGBT Asylum Support es una ONG holandesa que apoya a solicitantes de asilo y refugiados lesbianas, gays, bisexuales, transg\u00e9nero e intersexuales (LGBTIQ+) en los Pa\u00edses Bajos. La organizaci\u00f3n vincula a las personas refugiadas y solicitantes de asilo LGBTIQ+ con otras organizaciones holandesas, defiende los derechos de las personas refugiadas y solicitantes de asilo LGBTIQ+ y brinda orientaci\u00f3n y apoyo social.<\/p>\n\n\n\n<p>Puede ponerse en contacto con LGBT Asylum Support en <a href=\"mailto:info@lgbtasylumsupport.nl\">info@lgbtasylumsupport.nl<\/a> y encontrar m\u00e1s informaci\u00f3n en <a href=\"http:\/\/lgbtasylumsupport.nl\/en\/\" target=\"_blank\" rel=\"noreferrer noopener\">su sitio web<\/a>.<\/p>\n\n\n\n<hr class=\"wp-block-separator has-css-opacity\" \/>\n\n\n\n<h3 class=\"wp-block-heading\">Informaci\u00f3n relacionada<\/h3>\n\n\n\n<p><a href=\"https:\/\/help.unhcr.org\/netherlands\/es\/where-to-seek-help\/\">Explore la secci\u00f3n \u201c\u00bfD\u00f3nde buscar ayuda?\u201d para encontrar informaci\u00f3n sobre otros servicios \u00fatiles en los Pa\u00edses Bajos<\/a><br><a href=\"https:\/\/help.unhcr.org\/netherlands\/es\/asylum-in-the-netherlands\/\">Proceso de asilo en los Pa\u00edses Bajos<\/a><\/p>\n","protected":false},"excerpt":{"rendered":"<p>Las siguientes organizaciones brindan servicios a los solicitantes de asilo LGBTIQ+ en los Pa\u00edses Bajos: COC los Pa\u00edses Bajos COC los Pa\u00edses Bajos aboga por los derechos de las personas lesbianas, gays, bisexuales, transg\u00e9nero e intersexuales (personas LGBTIQ+). COC lucha por la despenalizaci\u00f3n de la orientaci\u00f3n sexual y la identidad de g\u00e9nero y por la [&hellip;]<\/p>\n","protected":false},"author":1,"featured_media":0,"parent":533,"menu_order":9,"comment_status":"closed","ping_status":"closed","template":"","meta":{"_acf_changed":false,"footnotes":""},"class_list":["post-621","page","type-page","status-publish","hentry"],"acf":[],"_links":{"self":[{"href":"https:\/\/help.unhcr.org\/netherlands\/es\/wp-json\/wp\/v2\/pages\/621","targetHints":{"allow":["GET"]}}],"collection":[{"href":"https:\/\/help.unhcr.org\/netherlands\/es\/wp-json\/wp\/v2\/pages"}],"about":[{"href":"https:\/\/help.unhcr.org\/netherlands\/es\/wp-json\/wp\/v2\/types\/page"}],"author":[{"embeddable":true,"href":"https:\/\/help.unhcr.org\/netherlands\/es\/wp-json\/wp\/v2\/users\/1"}],"replies":[{"embeddable":true,"href":"https:\/\/help.unhcr.org\/netherlands\/es\/wp-json\/wp\/v2\/comments?post=621"}],"version-history":[{"count":4,"href":"https:\/\/help.unhcr.org\/netherlands\/es\/wp-json\/wp\/v2\/pages\/621\/revisions"}],"predecessor-version":[{"id":749,"href":"https:\/\/help.unhcr.org\/netherlands\/es\/wp-json\/wp\/v2\/pages\/621\/revisions\/749"}],"up":[{"embeddable":true,"href":"https:\/\/help.unhcr.org\/netherlands\/es\/wp-json\/wp\/v2\/pages\/533"}],"wp:attachment":[{"href":"https:\/\/help.unhcr.org\/netherlands\/es\/wp-json\/wp\/v2\/media?parent=621"}],"curies":[{"name":"wp","href":"https:\/\/api.w.org\/{rel}","templated":true}]}}