{"id":587,"date":"2020-02-24T10:40:11","date_gmt":"2020-02-24T10:40:11","guid":{"rendered":"https:\/\/help.unhcr.org\/netherlands\/where-to-seek-help\/services-for-children\/"},"modified":"2022-07-18T15:11:28","modified_gmt":"2022-07-18T15:11:28","slug":"services-for-children","status":"publish","type":"page","link":"https:\/\/help.unhcr.org\/netherlands\/es\/where-to-seek-help\/services-for-children\/","title":{"rendered":"Servicios para ni\u00f1os"},"content":{"rendered":"\n<p>Las siguientes organizaciones ofrecen servicios a los ni\u00f1os que buscan asilo en los Pa\u00edses Bajos:<\/p>\n\n\n\n<h3 class=\"wp-block-heading\">Nidos <\/h3>\n\n\n\n<p>Nidos es responsable de garantizar la custodia de los ni\u00f1os no acompa\u00f1ados y separados que llegan a los Pa\u00edses Bajos sin sus padres\/cuidadores. Los tutores de Nidos se re\u00fanen con los ni\u00f1os cuando llegan al centro de solicitud de asilo central para informarles sobre los procesos y organizar su ubicaci\u00f3n en un alojamiento de acogida. Nidos encuentra familias de acogida para todos los ni\u00f1os no acompa\u00f1ados que llegan a los Pa\u00edses Bajos menores de 15 a\u00f1os.<\/p>\n\n\n\n<p>Encuentre m\u00e1s informaci\u00f3n sobre Nidos en <a href=\"https:\/\/www.nidos.nl\/\" target=\"_blank\" rel=\"noreferrer noopener\">su sitio web<\/a>. Se puede contactar a Nidos en <a href=\"mailto:contact@nidos.nl\" target=\"_blank\" rel=\"noreferrer noopener\">contact@nidos.nl<\/a> o 0885011200.<\/p>\n\n\n\n<h3 class=\"wp-block-heading\">Defence for Children<\/h3>\n\n\n\n<p>Defence for Children brinda informaci\u00f3n y asesoramiento legal a ni\u00f1os, j\u00f3venes, padres, maestros, abogados, trabajadores sociales y otras partes interesadas. Pueden ponerse en contacto con instituciones, trabajadores sociales, abogados y otros expertos, en su nombre, con su consentimiento. Cuentan con una mesa de ayuda especializada en derechos del ni\u00f1o que puede brindarle asesoramiento y apoyo legal.<\/p>\n\n\n\n<p>Puede llamar a su servicio de asistencia al 071 516 09 80 o enviarles su solicitud a trav\u00e9s de <a href=\"https:\/\/defenceforchildren.nl\/contact\/\" target=\"_blank\" rel=\"noreferrer noopener\">su sitio web<\/a>.<\/p>\n\n\n\n<h3 class=\"wp-block-heading\">De Kindertelefoon &#8211; Tell-me<\/h3>\n\n\n\n<p>De Kindertelefoon (L\u00ednea Internacional de Ayuda para Ni\u00f1os) la l\u00ednea de ayuda telef\u00f3nica &#8216;Tell-me&#8217; se cre\u00f3 espec\u00edficamente para ni\u00f1os que viven en centros de acogida (AZC) en los Pa\u00edses Bajos.<\/p>\n\n\n\n<p>Si tiene entre 8 y 18 a\u00f1os, puede hablar sobre sus inquietudes, sobre su hogar, seguridad, dinero, familia, atenci\u00f3n m\u00e9dica y educaci\u00f3n de forma an\u00f3nima llamando al 0800-0432 o puede <a href=\"https:\/\/www.kindertelefoon.nl\/chat\" target=\"_blank\" rel=\"noreferrer noopener\">chatear<\/a> en l\u00ednea.<\/p>\n\n\n\n<h3 class=\"wp-block-heading\">Samah<\/h3>\n\n\n\n<p>El servicio de asistencia SAMAH se cre\u00f3 para ayudar a los ni\u00f1os no acompa\u00f1ados y separados que solicitan asilo en los Pa\u00edses Bajos (ni\u00f1os que llegaron a los Pa\u00edses Bajos sin sus padres o cuidadores), as\u00ed como para brindar asesoramiento a los profesionales y voluntarios que trabajan con estos ni\u00f1os.<\/p>\n\n\n\n<p>Puede llamar a SAMAH o enviarles un mensaje de WhatsApp al 06 360 594 21, enviarles un correo electr\u00f3nico a <a href=\"mailto:helpdesk@samah.nl\">helpdesk@samah.nl<\/a> o encontrar m\u00e1s informaci\u00f3n en <a href=\"https:\/\/www.samah.nl\/\" target=\"_blank\" rel=\"noreferrer noopener\">su sitio web<\/a>.<\/p>\n\n\n\n<h3 class=\"wp-block-heading\">La Defensor\u00eda de Ni\u00f1os (Kinderombudsman)<\/h3>\n\n\n\n<p>La Defensor\u00eda de Ni\u00f1os supervisa si el gobierno central y local y las organizaciones privadas respetan los derechos del ni\u00f1o en los Pa\u00edses Bajos en los \u00e1mbitos de la educaci\u00f3n, el cuidado de los ni\u00f1os, el bienestar infantil y la atenci\u00f3n en salud. La Defensor\u00eda de Ni\u00f1os brinda asesoramiento al gobierno y al Parlamento sobre las leyes y pol\u00edticas que tienen un efecto sobre los derechos del ni\u00f1o.<\/p>\n\n\n\n<p>Si desea denunciar un caso en el que se violaron los derechos del ni\u00f1o, puede comunicarse con la oficina en el 0800 8765432 o en <a href=\"mailto:ombudswerk@dekinderombudsman.nl\">ombudswerk@dekinderombudsman.nl<\/a>. Tambi\u00e9n puede encontrar m\u00e1s informaci\u00f3n sobre la Defensor\u00eda de Ni\u00f1os en <a href=\"https:\/\/www.kinderombudsman.nl\/en\/netherlands-ombudsman-for-children\" target=\"_blank\" rel=\"noreferrer noopener\">su sitio web<\/a>.<\/p>\n\n\n\n<hr class=\"wp-block-separator\" \/>\n\n\n\n<h3 class=\"wp-block-heading\">Informaci\u00f3n relacionada<\/h3>\n\n\n\n<p><a href=\"https:\/\/help.unhcr.org\/netherlands\/es\/where-to-seek-help\/\">Explore la secci\u00f3n &#8220;\u00bfD\u00f3nde buscar ayuda?&#8221; para encontrar informaci\u00f3n sobre otros servicios \u00fatiles en los Pa\u00edses Bajos<\/a><br><a href=\"https:\/\/help.unhcr.org\/netherlands\/es\/asylum-in-the-netherlands\/\">Proceso de asilo en los Pa\u00edses Bajos<\/a><\/p>\n","protected":false},"excerpt":{"rendered":"<p>Las siguientes organizaciones ofrecen servicios a los ni\u00f1os que buscan asilo en los Pa\u00edses Bajos: Nidos Nidos es responsable de garantizar la custodia de los ni\u00f1os no acompa\u00f1ados y separados que llegan a los Pa\u00edses Bajos sin sus padres\/cuidadores. Los tutores de Nidos se re\u00fanen con los ni\u00f1os cuando llegan al centro de solicitud de [&hellip;]<\/p>\n","protected":false},"author":1,"featured_media":0,"parent":533,"menu_order":9,"comment_status":"closed","ping_status":"closed","template":"","meta":{"_acf_changed":false,"footnotes":""},"class_list":["post-587","page","type-page","status-publish","hentry"],"acf":[],"_links":{"self":[{"href":"https:\/\/help.unhcr.org\/netherlands\/es\/wp-json\/wp\/v2\/pages\/587","targetHints":{"allow":["GET"]}}],"collection":[{"href":"https:\/\/help.unhcr.org\/netherlands\/es\/wp-json\/wp\/v2\/pages"}],"about":[{"href":"https:\/\/help.unhcr.org\/netherlands\/es\/wp-json\/wp\/v2\/types\/page"}],"author":[{"embeddable":true,"href":"https:\/\/help.unhcr.org\/netherlands\/es\/wp-json\/wp\/v2\/users\/1"}],"replies":[{"embeddable":true,"href":"https:\/\/help.unhcr.org\/netherlands\/es\/wp-json\/wp\/v2\/comments?post=587"}],"version-history":[{"count":5,"href":"https:\/\/help.unhcr.org\/netherlands\/es\/wp-json\/wp\/v2\/pages\/587\/revisions"}],"predecessor-version":[{"id":668,"href":"https:\/\/help.unhcr.org\/netherlands\/es\/wp-json\/wp\/v2\/pages\/587\/revisions\/668"}],"up":[{"embeddable":true,"href":"https:\/\/help.unhcr.org\/netherlands\/es\/wp-json\/wp\/v2\/pages\/533"}],"wp:attachment":[{"href":"https:\/\/help.unhcr.org\/netherlands\/es\/wp-json\/wp\/v2\/media?parent=587"}],"curies":[{"name":"wp","href":"https:\/\/api.w.org\/{rel}","templated":true}]}}