{"id":581,"date":"2020-02-24T10:29:56","date_gmt":"2020-02-24T10:29:56","guid":{"rendered":"https:\/\/help.unhcr.org\/netherlands\/where-to-seek-help\/education\/"},"modified":"2022-07-18T15:11:44","modified_gmt":"2022-07-18T15:11:44","slug":"education","status":"publish","type":"page","link":"https:\/\/help.unhcr.org\/netherlands\/es\/where-to-seek-help\/education\/","title":{"rendered":"Educaci\u00f3n"},"content":{"rendered":"\n<p>Las siguientes organizaciones ofrecen servicios a solicitantes de asilo y refugiados que desean estudiar en los Pa\u00edses Bajos:<\/p>\n\n\n\n<h3 class=\"wp-block-heading\">UAF<\/h3>\n\n\n\n<p>UAF brinda apoyo a estudiantes y profesionales refugiados en sus estudios y en la b\u00fasqueda de un empleo adecuado en el mercado laboral holand\u00e9s. Asesoran a los refugiados en funci\u00f3n de su conocimiento y experiencia, y construyen puentes entre los refugiados, las instituciones educativas, los gobiernos (locales) y los empleadores. Ofrecen servicios como becas financieras, tutor\u00edas y cursos de idiomas.<\/p>\n\n\n\n<p>Te comunicas con la UAF al 030 \u2013 252 08 35 (de lunes a jueves de 9:00 a 17:00) o enviando un mensaje a su cuenta de <a href=\"https:\/\/www.facebook.com\/UAFnl\/\" target=\"_blank\" rel=\"noreferrer noopener\">Facebook<\/a>, <a href=\"https:\/\/www.instagram.com\/uafnl\/\" target=\"_blank\" rel=\"noreferrer noopener\">Instagram<\/a> o <a href=\"https:\/\/twitter.com\/uafnl\" target=\"_blank\" rel=\"noreferrer noopener\">Twitter<\/a>. Adicionalmente, puede encontrar m\u00e1s informaci\u00f3n en el <a href=\"https:\/\/www.uaf.nl\/ondersteuning\/\" target=\"_blank\" rel=\"noreferrer noopener\">sitio web de la UAF<\/a>.<\/p>\n\n\n\n<h3 class=\"wp-block-heading\">Estudiar en los Pa\u00edses Bajos \u2013 Nuffic<\/h3>\n\n\n\n<p>Los refugiados que deseen matricularse en educaci\u00f3n vocacional intermedia, educaci\u00f3n vocacional superior o educaci\u00f3n universitaria pueden encontrar informaci\u00f3n sobre c\u00f3mo estudiar en los Pa\u00edses Bajos en <a href=\"https:\/\/www.studyinholland.nl\/plan-your-stay\/procedures-for-refugees\" target=\"_blank\" rel=\"noreferrer noopener\">este sitio web<\/a>.<\/p>\n\n\n\n<h3 class=\"wp-block-heading\">InclUUsion \u2013 Universidad de Utrecht<\/h3>\n\n\n\n<p>Los refugiados y solicitantes de asilo que hayan estudiado en la universidad de su pa\u00eds de origen y tengan un buen dominio del idioma ingl\u00e9s pueden tomar cursos gratuitos de licenciatura en la Universidad de Utrecht (Universiteit Utrecht).<\/p>\n\n\n\n<p>Para obtener m\u00e1s informaci\u00f3n, puede ponerse en contacto con Incluusion en <a href=\"mailto:incluusion@uu.nl\">incluusion@uu.nl<\/a> o +31 6 42221448 y visitar <a href=\"https:\/\/www.uu.nl\/en\/education\/incluusion\" target=\"_blank\" rel=\"noreferrer noopener\">su sitio web<\/a>. Si desea inscribirse en los cursos, puede hacerlo <a href=\"https:\/\/www.uu.nl\/en\/education\/incluusion\/apply-for-incluusion-courses-as-refugee\" target=\"_blank\" rel=\"noreferrer noopener\">aqu\u00ed<\/a>.<\/p>\n\n\n\n<h3 class=\"wp-block-heading\">Worth-while-Universiteit Wageningen (WURc<\/h3>\n\n\n\n<p>WUR ofrece a los refugiados y solicitantes de asilo la oportunidad de seguir cursos en la Universidad de Wageningen. Los cursos est\u00e1n disponibles en ingl\u00e9s o en holand\u00e9s a nivel de licenciatura y maestr\u00eda en los cinco campos disciplinarios dentro de WUR: agrotecnolog\u00eda y ciencias de los alimentos, ciencias animales, ciencias ambientales, ciencias de las plantas y ciencias sociales.<\/p>\n\n\n\n<p>Puedes encontrar m\u00e1s informaci\u00f3n sobre el programa en <a rel=\"noreferrer noopener\" href=\"https:\/\/www.wur.nl\/en\/Education-Programmes\/WURth-while.htm\" target=\"_blank\">su sitio web<\/a>, incluyendo una <a rel=\"noreferrer noopener\" href=\"https:\/\/www.wur.nl\/en\/Education-Programmes\/WURth-while\/Available-courses-WURth-while.htm\" target=\"_blank\">lista con todos los cursos y enlaces<\/a>.<\/p>\n\n\n\n<hr class=\"wp-block-separator\" \/>\n\n\n\n<h3 class=\"wp-block-heading\">Informaci\u00f3n relacionada<\/h3>\n\n\n\n<p><a href=\"https:\/\/help.unhcr.org\/netherlands\/es\/where-to-seek-help\/\">Explore la secci\u00f3n &#8220;\u00bfD\u00f3nde buscar ayuda?&#8221; para encontrar informaci\u00f3n sobre otros servicios \u00fatiles en los Pa\u00edses Bajos<\/a><br><a href=\"https:\/\/help.unhcr.org\/netherlands\/es\/asylum-in-the-netherlands\/\">Proceso de asilo en los Pa\u00edses Bajos<\/a><\/p>\n","protected":false},"excerpt":{"rendered":"<p>Las siguientes organizaciones ofrecen servicios a solicitantes de asilo y refugiados que desean estudiar en los Pa\u00edses Bajos: UAF UAF brinda apoyo a estudiantes y profesionales refugiados en sus estudios y en la b\u00fasqueda de un empleo adecuado en el mercado laboral holand\u00e9s. Asesoran a los refugiados en funci\u00f3n de su conocimiento y experiencia, y [&hellip;]<\/p>\n","protected":false},"author":1,"featured_media":0,"parent":533,"menu_order":8,"comment_status":"closed","ping_status":"closed","template":"","meta":{"_acf_changed":false,"footnotes":""},"class_list":["post-581","page","type-page","status-publish","hentry"],"acf":[],"_links":{"self":[{"href":"https:\/\/help.unhcr.org\/netherlands\/es\/wp-json\/wp\/v2\/pages\/581","targetHints":{"allow":["GET"]}}],"collection":[{"href":"https:\/\/help.unhcr.org\/netherlands\/es\/wp-json\/wp\/v2\/pages"}],"about":[{"href":"https:\/\/help.unhcr.org\/netherlands\/es\/wp-json\/wp\/v2\/types\/page"}],"author":[{"embeddable":true,"href":"https:\/\/help.unhcr.org\/netherlands\/es\/wp-json\/wp\/v2\/users\/1"}],"replies":[{"embeddable":true,"href":"https:\/\/help.unhcr.org\/netherlands\/es\/wp-json\/wp\/v2\/comments?post=581"}],"version-history":[{"count":7,"href":"https:\/\/help.unhcr.org\/netherlands\/es\/wp-json\/wp\/v2\/pages\/581\/revisions"}],"predecessor-version":[{"id":669,"href":"https:\/\/help.unhcr.org\/netherlands\/es\/wp-json\/wp\/v2\/pages\/581\/revisions\/669"}],"up":[{"embeddable":true,"href":"https:\/\/help.unhcr.org\/netherlands\/es\/wp-json\/wp\/v2\/pages\/533"}],"wp:attachment":[{"href":"https:\/\/help.unhcr.org\/netherlands\/es\/wp-json\/wp\/v2\/media?parent=581"}],"curies":[{"name":"wp","href":"https:\/\/api.w.org\/{rel}","templated":true}]}}