{"id":577,"date":"2020-02-24T11:00:37","date_gmt":"2020-02-24T11:00:37","guid":{"rendered":"https:\/\/help.unhcr.org\/netherlands\/where-to-seek-help\/for-survivors-of-human-trafficking\/"},"modified":"2022-07-18T14:26:17","modified_gmt":"2022-07-18T14:26:17","slug":"for-survivors-of-human-trafficking","status":"publish","type":"page","link":"https:\/\/help.unhcr.org\/netherlands\/es\/where-to-seek-help\/for-survivors-of-human-trafficking\/","title":{"rendered":"Para los sobrevivientes de la trata de personas"},"content":{"rendered":"\n<p>Las siguientes organizaciones ofrecen servicios a solicitantes de asilo y refugiados que son sobrevivientes de la trata de personas.<\/p>\n\n\n\n<h3 class=\"wp-block-heading\">CoMensha<\/h3>\n\n\n\n<p>CoMensha es el Centro Nacional de Coordinaci\u00f3n contra la Trata de Personas. Est\u00e1n comprometidos a defender los intereses y derechos de los sobrevivientes de la trata de personas en los Pa\u00edses Bajos y aquellos que pueden estar en riesgo de trata de personas, as\u00ed como los sobrevivientes de explotaci\u00f3n sexual, explotaci\u00f3n laboral, explotaci\u00f3n criminal y extracci\u00f3n forzada de \u00f3rganos.<\/p>\n\n\n\n<p>Puede comunicarse con CoMensha al 033 448 11 86 o <a href=\"mailto:info@comensha.nl\" target=\"_blank\" rel=\"noreferrer noopener\">info@comensha.nl<\/a>, y encontrar m\u00e1s informaci\u00f3n en <a href=\"https:\/\/www.comensha.nl\/\">su sitio web<\/a>.<\/p>\n\n\n\n<h3 class=\"wp-block-heading\">FairWork<\/h3>\n\n\n\n<p>FairWork ayuda a los sobrevivientes de la esclavitud moderna y la trata de personas en los Pa\u00edses Bajos. FairWork ofrece asistencia en situaciones en las que los empleados son explotados por su jefe, los empleados se ven obligados a realizar trabajos peligrosos, los empleados se ven obligados a entregar sus pasaportes, los empleados no reciben un pago suficiente o no reciben ning\u00fan salario.<\/p>\n\n\n\n<p>Si es sobreviviente de trata de personas o trabajo forzoso\/explotaci\u00f3n laboral, puede encontrar m\u00e1s informaci\u00f3n en el <a href=\"https:\/\/www.fairwork.nu\/en\/homepage\/\" target=\"_blank\" rel=\"noreferrer noopener\">sitio web de FairWork<\/a>, por ejemplo, las respuestas a las preguntas frecuentes. El sitio web est\u00e1 disponible en 18 idiomas diferentes. Puede ponerse en contacto con FairWork en el 020 760 08 09 o en <a href=\"mailto:info@fairwork.nu\" target=\"_blank\" rel=\"noreferrer noopener\">info@fairwork.nu<\/a>.<\/p>\n\n\n\n<h3 class=\"wp-block-heading\">Fier \/ Centrum Kinderhandel Mensenhandel (CKM)<\/h3>\n\n\n\n<p>La l\u00ednea de consejer\u00eda de Fier est\u00e1 disponible las 24 horas. Ellos pueden ayudarlo en caso de que haya buscado asesoramiento o ayuda sobre la trata de personas. Es posible permanecer en el anonimato durante la conversaci\u00f3n.<\/p>\n\n\n\n<p>Puede llamar a Fier al 088 2080 000. Adem\u00e1s, puede contactarlos en <a href=\"mailto:aanmeldingen@fier.nl\" target=\"_blank\" rel=\"noreferrer noopener\">aanmeldingen@fier.nl<\/a> o usar su servicio de <a href=\"https:\/\/www.fier.nl\/chat\" target=\"_blank\" rel=\"noreferrer noopener\">chat<\/a>. Se puede encontrar m\u00e1s informaci\u00f3n en <a href=\"https:\/\/www.fier.nl\/english\" target=\"_blank\" rel=\"noreferrer noopener\">su sitio web<\/a> y en el <a href=\"http:\/\/www.ckm-fier.nl\/pages\/home\" target=\"_blank\" rel=\"noreferrer noopener\">sitio web de CKM<\/a>.<\/p>\n","protected":false},"excerpt":{"rendered":"<p>Las siguientes organizaciones ofrecen servicios a solicitantes de asilo y refugiados que son sobrevivientes de la trata de personas. CoMensha CoMensha es el Centro Nacional de Coordinaci\u00f3n contra la Trata de Personas. Est\u00e1n comprometidos a defender los intereses y derechos de los sobrevivientes de la trata de personas en los Pa\u00edses Bajos y aquellos que [&hellip;]<\/p>\n","protected":false},"author":1,"featured_media":0,"parent":533,"menu_order":6,"comment_status":"closed","ping_status":"closed","template":"","meta":{"_acf_changed":false,"footnotes":""},"class_list":["post-577","page","type-page","status-publish","hentry"],"acf":[],"_links":{"self":[{"href":"https:\/\/help.unhcr.org\/netherlands\/es\/wp-json\/wp\/v2\/pages\/577","targetHints":{"allow":["GET"]}}],"collection":[{"href":"https:\/\/help.unhcr.org\/netherlands\/es\/wp-json\/wp\/v2\/pages"}],"about":[{"href":"https:\/\/help.unhcr.org\/netherlands\/es\/wp-json\/wp\/v2\/types\/page"}],"author":[{"embeddable":true,"href":"https:\/\/help.unhcr.org\/netherlands\/es\/wp-json\/wp\/v2\/users\/1"}],"replies":[{"embeddable":true,"href":"https:\/\/help.unhcr.org\/netherlands\/es\/wp-json\/wp\/v2\/comments?post=577"}],"version-history":[{"count":7,"href":"https:\/\/help.unhcr.org\/netherlands\/es\/wp-json\/wp\/v2\/pages\/577\/revisions"}],"predecessor-version":[{"id":631,"href":"https:\/\/help.unhcr.org\/netherlands\/es\/wp-json\/wp\/v2\/pages\/577\/revisions\/631"}],"up":[{"embeddable":true,"href":"https:\/\/help.unhcr.org\/netherlands\/es\/wp-json\/wp\/v2\/pages\/533"}],"wp:attachment":[{"href":"https:\/\/help.unhcr.org\/netherlands\/es\/wp-json\/wp\/v2\/media?parent=577"}],"curies":[{"name":"wp","href":"https:\/\/api.w.org\/{rel}","templated":true}]}}