{"id":566,"date":"2020-02-24T11:01:49","date_gmt":"2020-02-24T11:01:49","guid":{"rendered":"https:\/\/help.unhcr.org\/netherlands\/where-to-seek-help\/tracing-family-members\/"},"modified":"2025-01-15T10:56:31","modified_gmt":"2025-01-15T10:56:31","slug":"tracing-family-members","status":"publish","type":"page","link":"https:\/\/help.unhcr.org\/netherlands\/es\/where-to-seek-help\/tracing-family-members\/","title":{"rendered":"Rastreo de integrantes de la familia"},"content":{"rendered":"\n<h2 class=\"wp-block-heading\">Rastreo<\/h2>\n\n\n\n<p>La estructura organizacional del ACNUR no est\u00e1 dise\u00f1ada para solicitudes de rastreo. Sin embargo, podemos ayudar a rastrear a las personas registradas en ACNUR. Para que podamos hacer esto, es necesario que haya indicaciones de que la persona est\u00e1 registrada con ACNUR y\/o reside en un campamento de ACNUR en un pa\u00eds espec\u00edfico. Si este es el caso, no dude en contactarnos para que podamos enviarle un formulario de solicitud de verificaci\u00f3n. Cuanta m\u00e1s informaci\u00f3n tenga sobre la persona que desea rastrear, mayores ser\u00e1n las posibilidades de que podamos rastrearla.<\/p>\n\n\n\n<p>Sin embargo, si la persona no reside en un campamento de ACNUR y\/o no hay indicios de que la persona est\u00e9 registrada con ACNUR en un pa\u00eds espec\u00edfico, lo derivaremos amablemente al <a href=\"https:\/\/afdeling.rodekruis.nl\/en\/restoring-family-links\/\" target=\"_blank\" rel=\"noreferrer noopener\">Equipo de Restablecimiento de V\u00ednculos Familiares de la Cruz Roja<\/a>. La Cruz Roja tiene una amplia experiencia en la b\u00fasqueda de familiares desaparecidos como resultado de guerras, conflictos, desastres naturales o huidas. Si desea su ayuda para localizar a familiares desaparecidos, puede completar el <a href=\"https:\/\/afdeling.rodekruis.nl\/en\/restoring-family-links\/#contact\" target=\"_blank\" rel=\"noreferrer noopener\">formulario de contacto<\/a> en su sitio web.<\/p>\n\n\n\n<h3 class=\"wp-block-heading\">Cruz Roja \u2013 Restablecimiento de V\u00ednculos Familiares<\/h3>\n\n\n\n<p>La Cruz Roja ayuda a los solicitantes de asilo y refugiados a localizar a los integrantes de su familia que han desaparecido como resultado de una guerra, un conflicto, un desastre natural o una huida.<\/p>\n\n\n\n<p>Si busca ayuda para localizar a un familiar desaparecido, puede completar el <a href=\"https:\/\/www.rodekruis.nl\/en\/restoring-family-links\/\" target=\"_blank\" rel=\"noreferrer noopener\">formulario de contacto<\/a> en su sitio web.<\/p>\n\n\n\n<hr class=\"wp-block-separator has-css-opacity\" \/>\n\n\n\n<h2 class=\"wp-block-heading\">Informaci\u00f3n relacionada <\/h2>\n\n\n\n<p><a href=\"https:\/\/help.unhcr.org\/netherlands\/where-to-seek-help\/\">Explore la secci\u00f3n &#8220;\u00bfD\u00f3nde buscar ayuda?&#8221; para encontrar informaci\u00f3n sobre otros servicios \u00fatiles en los Pa\u00edses Bajos<\/a><br><a href=\"https:\/\/help.unhcr.org\/netherlands\/es\/family-reunification\/\">Reunificaci\u00f3n Familiar<\/a><\/p>\n","protected":false},"excerpt":{"rendered":"<p>Rastreo La estructura organizacional del ACNUR no est\u00e1 dise\u00f1ada para solicitudes de rastreo. Sin embargo, podemos ayudar a rastrear a las personas registradas en ACNUR. Para que podamos hacer esto, es necesario que haya indicaciones de que la persona est\u00e1 registrada con ACNUR y\/o reside en un campamento de ACNUR en un pa\u00eds espec\u00edfico. Si [&hellip;]<\/p>\n","protected":false},"author":1,"featured_media":0,"parent":533,"menu_order":4,"comment_status":"closed","ping_status":"closed","template":"","meta":{"_acf_changed":false,"footnotes":""},"class_list":["post-566","page","type-page","status-publish","hentry"],"acf":[],"_links":{"self":[{"href":"https:\/\/help.unhcr.org\/netherlands\/es\/wp-json\/wp\/v2\/pages\/566","targetHints":{"allow":["GET"]}}],"collection":[{"href":"https:\/\/help.unhcr.org\/netherlands\/es\/wp-json\/wp\/v2\/pages"}],"about":[{"href":"https:\/\/help.unhcr.org\/netherlands\/es\/wp-json\/wp\/v2\/types\/page"}],"author":[{"embeddable":true,"href":"https:\/\/help.unhcr.org\/netherlands\/es\/wp-json\/wp\/v2\/users\/1"}],"replies":[{"embeddable":true,"href":"https:\/\/help.unhcr.org\/netherlands\/es\/wp-json\/wp\/v2\/comments?post=566"}],"version-history":[{"count":7,"href":"https:\/\/help.unhcr.org\/netherlands\/es\/wp-json\/wp\/v2\/pages\/566\/revisions"}],"predecessor-version":[{"id":879,"href":"https:\/\/help.unhcr.org\/netherlands\/es\/wp-json\/wp\/v2\/pages\/566\/revisions\/879"}],"up":[{"embeddable":true,"href":"https:\/\/help.unhcr.org\/netherlands\/es\/wp-json\/wp\/v2\/pages\/533"}],"wp:attachment":[{"href":"https:\/\/help.unhcr.org\/netherlands\/es\/wp-json\/wp\/v2\/media?parent=566"}],"curies":[{"name":"wp","href":"https:\/\/api.w.org\/{rel}","templated":true}]}}