{"id":560,"date":"2020-02-24T10:59:03","date_gmt":"2020-02-24T10:59:03","guid":{"rendered":"https:\/\/help.unhcr.org\/netherlands\/where-to-seek-help\/legal-aid\/"},"modified":"2025-04-02T09:30:22","modified_gmt":"2025-04-02T09:30:22","slug":"legal-aid","status":"publish","type":"page","link":"https:\/\/help.unhcr.org\/netherlands\/es\/where-to-seek-help\/legal-aid\/","title":{"rendered":"Asistencia jur\u00eddica"},"content":{"rendered":"\n<p>Las siguientes organizaciones ofrecen asistencia y servicios legales a los solicitantes de asilo cuya solicitud de asilo ha sido rechazada:<\/p>\n\n\n\n<h3 class=\"wp-block-heading\">ASKV Refugee Support<\/h3>\n\n\n\n<p>ASKV Refugee Support es una organizaci\u00f3n con sede en \u00c1msterdam que brinda asistencia legal y apoyo social a los solicitantes de asilo rechazados en los Pa\u00edses Bajos.<\/p>\n\n\n\n<p>ASKV apoya a los solicitantes de asilo indocumentados brind\u00e1ndoles refugio, asistencia legal y social, actividades diurnas y capacitaci\u00f3n vocacional. ASKV tambi\u00e9n organiza capacitaci\u00f3n en holand\u00e9s, cursos enfocados en habilidades empresariales y seminarios de orientaci\u00f3n futura para aumentar el conocimiento, la competencia y la confianza. Adem\u00e1s de la asistencia directa, ASKV aboga por los derechos de los refugiados.<\/p>\n\n\n\n<p>Puede comunicarse con ASKV al +31 (0)20 627 2408, <a href=\"mailto:info@askv.nl\" target=\"_blank\" rel=\"noreferrer noopener\">info@askv.nl<\/a> o visitar su oficina en Chris Lebeaustraat 4, 1062 DC Amsterdam. Puede encontrar m\u00e1s informaci\u00f3n sobre ASKV en <a href=\"https:\/\/www.askv.nl\/about-askv\/\" target=\"_blank\" rel=\"noreferrer noopener\">su sitio web<\/a>.<\/p>\n\n\n\n<h3 class=\"wp-block-heading\">Fundaci\u00f3n INLIA (Red Internacional de Iniciativas Locales con Solicitantes de Asilo)<\/h3>\n\n\n\n<p>INLIA se encuentra en Groningen (Jacobijnerstraat 5 9712 HZ Groningen) y brinda asesoramiento legal gratuito, alojamiento y otros tipos de asistencia a los solicitantes de asilo. Puede contactarlos al 050 313 8181 o <a href=\"mailto:info@inlia.nl\" target=\"_blank\" rel=\"noreferrer noopener\">info@inlia.nl<\/a>. Puedes encontrar m\u00e1s informaci\u00f3n sobre sus horarios de visita y su organizaci\u00f3n <a href=\"https:\/\/www.inlia.nl\/en\" target=\"_blank\" rel=\"noreferrer noopener\">en su web<\/a>.<\/p>\n\n\n\n<h3 class=\"wp-block-heading\">Vluchtelingen in de Knel<\/h3>\n\n\n\n<p>Vluchtelingen in de Knel ayuda a los solicitantes de asilo no europeos cuya solicitud de asilo ha sido rechazada. Su objetivo es proteger los derechos b\u00e1sicos de los solicitantes de asilo, incluso proporcionando alimentos, ropa, la atenci\u00f3n m\u00e9dica necesaria y el acceso al sistema legal holand\u00e9s, la vida familiar, la libertad de movimiento y el desarrollo personal.<\/p>\n\n\n\n<p>Si es un solicitante de asilo no europeo cuya solicitud ha sido rechazada y necesita refugio, puede encontrar m\u00e1s informaci\u00f3n <a href=\"https:\/\/www.vluchtelingenindeknel.nl\/opvang-en-begeleiding\/ikhebopvangnodig\/\" target=\"_blank\" rel=\"noreferrer noopener\">en el sitio web de Vluchtelingen in de Knel<\/a>. Vluchtelingen in de Knel se encuentra en Eindhoven, en Hoogstraat 301B 5654 NB Eindhoven. El horario de apertura de su oficina es de 9.00 a 12.30 y de 14.00 a 16.00 horas, de lunes a jueves. Tambi\u00e9n puede comunicarse con Vluchtelingen in de Knel al 040-2569517 e <a href=\"mailto:info@vluchtelingenindeknel.nl\" target=\"_blank\" rel=\"noreferrer noopener\">info@vluchtelingenindeknel.nl<\/a>.<\/p>\n\n\n\n<hr class=\"wp-block-separator has-css-opacity\" \/>\n\n\n\n<h2 class=\"wp-block-heading\">Informaci\u00f3n relacionada<\/h2>\n\n\n\n<p><a href=\"https:\/\/help.unhcr.org\/netherlands\/es\/where-to-seek-help\/\">Explore la secci\u00f3n &#8220;\u00bfD\u00f3nde buscar ayuda?&#8221; para encontrar informaci\u00f3n sobre otros servicios \u00fatiles en los Pa\u00edses Bajos<\/a><br><a href=\"https:\/\/help.unhcr.org\/netherlands\/es\/asylum-in-the-netherlands\/\">Proceso de asilo en los Pa\u00edses Bajos<\/a><\/p>\n","protected":false},"excerpt":{"rendered":"<p>Las siguientes organizaciones ofrecen asistencia y servicios legales a los solicitantes de asilo cuya solicitud de asilo ha sido rechazada: ASKV Refugee Support ASKV Refugee Support es una organizaci\u00f3n con sede en \u00c1msterdam que brinda asistencia legal y apoyo social a los solicitantes de asilo rechazados en los Pa\u00edses Bajos. ASKV apoya a los solicitantes [&hellip;]<\/p>\n","protected":false},"author":1,"featured_media":0,"parent":533,"menu_order":3,"comment_status":"closed","ping_status":"closed","template":"","meta":{"_acf_changed":false,"footnotes":""},"class_list":["post-560","page","type-page","status-publish","hentry"],"acf":[],"_links":{"self":[{"href":"https:\/\/help.unhcr.org\/netherlands\/es\/wp-json\/wp\/v2\/pages\/560","targetHints":{"allow":["GET"]}}],"collection":[{"href":"https:\/\/help.unhcr.org\/netherlands\/es\/wp-json\/wp\/v2\/pages"}],"about":[{"href":"https:\/\/help.unhcr.org\/netherlands\/es\/wp-json\/wp\/v2\/types\/page"}],"author":[{"embeddable":true,"href":"https:\/\/help.unhcr.org\/netherlands\/es\/wp-json\/wp\/v2\/users\/1"}],"replies":[{"embeddable":true,"href":"https:\/\/help.unhcr.org\/netherlands\/es\/wp-json\/wp\/v2\/comments?post=560"}],"version-history":[{"count":9,"href":"https:\/\/help.unhcr.org\/netherlands\/es\/wp-json\/wp\/v2\/pages\/560\/revisions"}],"predecessor-version":[{"id":930,"href":"https:\/\/help.unhcr.org\/netherlands\/es\/wp-json\/wp\/v2\/pages\/560\/revisions\/930"}],"up":[{"embeddable":true,"href":"https:\/\/help.unhcr.org\/netherlands\/es\/wp-json\/wp\/v2\/pages\/533"}],"wp:attachment":[{"href":"https:\/\/help.unhcr.org\/netherlands\/es\/wp-json\/wp\/v2\/media?parent=560"}],"curies":[{"name":"wp","href":"https:\/\/api.w.org\/{rel}","templated":true}]}}