{"id":551,"date":"2020-02-24T10:26:55","date_gmt":"2020-02-24T10:26:55","guid":{"rendered":"https:\/\/help.unhcr.org\/netherlands\/where-to-seek-help\/employment\/"},"modified":"2025-01-15T11:01:05","modified_gmt":"2025-01-15T11:01:05","slug":"employment","status":"publish","type":"page","link":"https:\/\/help.unhcr.org\/netherlands\/es\/where-to-seek-help\/employment\/","title":{"rendered":"Empleo"},"content":{"rendered":"\n<p class=\"has-text-align-center has-black-color has-text-color has-background\" style=\"background-color:#faeb00\"><strong>\u00bfEstas buscando un trabajo? P\u00f3ngase en contacto con empleadores en los Pa\u00edses Bajos en la feria de empleo el martes 29 de enero 2025 en el Amsterdam ArenA. <a href=\"https:\/\/jobfairs.indeed.com\/amsterdam_en\" data-type=\"link\" data-id=\"https:\/\/jobfairs.indeed.com\/amsterdam-en\" target=\"_blank\" rel=\"noreferrer noopener\">Para obtener m\u00e1s informaci\u00f3n y registrarse, haga clic aqu\u00ed.<\/a><\/strong><\/p>\n\n\n\n<p>Las siguientes organizaciones ofrecen servicios a refugiados con permiso de residencia en los Pa\u00edses Bajos:<\/p>\n\n\n\n<h3 class=\"wp-block-heading\">Refugee Start Force<\/h3>\n\n\n\n<p>Refugee Start Force es una red comunitaria y de reclutamiento que ayuda a los refugiados que buscan trabajo a ponerse en contacto con los empleadores. Puede encontrar m\u00e1s informaci\u00f3n en <a href=\"https:\/\/refugeestartforce.eu\/\" target=\"_blank\" rel=\"noreferrer noopener\">su sitio web<\/a>, o puede contactarlos en <a href=\"mailto:info@refugeestartforce.eu\" target=\"_blank\" rel=\"noreferrer noopener\">info@refugeestartforce.eu<\/a>.<\/p>\n\n\n\n<h3 class=\"wp-block-heading\">Refugee Talent Hub<\/h3>\n\n\n\n<p>Refugee Talent Hub establece el primer contacto entre empleadores y refugiados que buscan trabajo. Organizan \u201cMeet &amp; Greets\u201d, talleres y trayectorias-experiencias con empleadores. El objetivo de todas estas actividades es aumentar las oportunidades laborales para los refugiados y ayudar a los refugiados a construir su CV.<\/p>\n\n\n\n<p>Puede registrarse para ser parte de su programa en el sitio web Refugee Talent Hub. Para obtener m\u00e1s informaci\u00f3n, comun\u00edquese con Refugee Talent Hub a trav\u00e9s de <a href=\"mailto:info@refugeetalenthub.com\" target=\"_blank\" rel=\"noreferrer noopener\">info@refugeetalenthub.com<\/a>, o busque m\u00e1s informaci\u00f3n en <a href=\"https:\/\/refugeetalenthub.com\/en\/\" target=\"_blank\" rel=\"noreferrer noopener\">su sitio web<\/a>.<\/p>\n\n\n\n<h3 class=\"wp-block-heading\">Fursa<\/h3>\n\n\n\n<p>Fursa es una plataforma que ayuda a los talentos de los refugiados a obtener un trabajo remunerado en los Pa\u00edses Bajos al unir estos talentos con los empleadores y prepararlos para el mercado holand\u00e9s. Para obtener m\u00e1s informaci\u00f3n, visite su sitio web o p\u00f3ngase en contacto con Fursa en <a href=\"mailto:info@fursaforchange.com\" target=\"_blank\" rel=\"noreferrer noopener\">info@fursaforchange.com<\/a>.<\/p>\n\n\n\n<h3 class=\"wp-block-heading\">Werkclub <\/h3>\n\n\n\n<p>WeWerkclub ofrece formaci\u00f3n profesional en Utrecht, Eindhoven y Rotterdam a refugiados que buscan trabajo o buscan desarrollar a\u00fan m\u00e1s sus habilidades. Puede encontrar m\u00e1s informaci\u00f3n sobre Werkclub en <a href=\"https:\/\/www.fursaforchange.com\/\" target=\"_blank\" rel=\"noreferrer noopener\">su sitio web<\/a> (en holand\u00e9s) o contactarlos en <a href=\"mailto:info@werkclub.nl\" target=\"_blank\" rel=\"noreferrer noopener\">info@werkclub.nl<\/a>.<\/p>\n\n\n\n<h3 class=\"wp-block-heading\">New Dutch Connections<\/h3>\n\n\n\n<p>New Dutch Connections ofrece talleres para refugiados en Utrecht, Rotterdam, Den Haag, Tilburg, Emmen, Burgum, Drachten y Arnhem. Adem\u00e1s, emparejan a los refugiados con entrenadores y amigos que pueden ayudarlo a desarrollar a\u00fan m\u00e1s sus habilidades profesionales.<\/p>\n\n\n\n<p>Puede inscribirse en su programa, encontrar m\u00e1s informaci\u00f3n en su sitio web (en holand\u00e9s) o contactarlos en <a href=\"mailto:info@newdutchconnections.nl\" target=\"_blank\" rel=\"noreferrer noopener\">info@newdutchconnections.nl<\/a>.<\/p>\n\n\n\n<h3 class=\"wp-block-heading\">Forward<strong>\u00b7<\/strong>Inc<\/h3>\n\n\n\n<p>Los refugiados que deseen aprender sobre emprendimiento o iniciar, lanzar o hacer crecer su negocio pueden inscribirse en uno de los programas de Forward\u00b7Inc, que se llevan a cabo en l\u00ednea o en entornos h\u00edbridos en Amsterdam y Rotterdam. Sus programas est\u00e1n dirigidos a personas con antecedentes de desplazamiento forzoso o inmigrantes de pa\u00edses no pertenecientes a la OCDE, y la organizaci\u00f3n opera en ingl\u00e9s. Puede encontrar m\u00e1s informaci\u00f3n sobre Forward\u00b7Inc y los programas que ofrecen  en <a href=\"https:\/\/forwardincubator.com\/\" target=\"_blank\" rel=\"noreferrer noopener\">su sitio web<\/a>.<\/p>\n\n\n\n<h3 class=\"wp-block-heading\">Blue Road Academy<\/h3>\n\n\n\n<p>Blue Road Academy capacita a los reci\u00e9n llegados en tecnolog\u00eda durante un programa de dos meses. Los participantes est\u00e1n preparados para una carrera en la industria tecnol\u00f3gica y para un puesto junior relacionado con la plataforma de CRM Salesforce. Blue Road Academy tambi\u00e9n conecta a los participantes con socios de reclutamiento y contin\u00faa la orientaci\u00f3n a trav\u00e9s de un programa de tutor\u00eda. Puede encontrar m\u00e1s informaci\u00f3n en el sitio web de <a rel=\"noreferrer noopener\" href=\"http:\/\/www.blueroadacademy.com\" target=\"_blank\">Blue Road Academy<\/a>.<\/p>\n\n\n\n<hr class=\"wp-block-separator has-css-opacity\" \/>\n\n\n\n<h3 class=\"wp-block-heading\">Informaci\u00f3n relacionada<\/h3>\n\n\n\n<p><a href=\"https:\/\/help.unhcr.org\/netherlands\/es\/where-to-seek-help\/\">Explore la secci\u00f3n &#8220;\u00bfD\u00f3nde buscar ayuda?&#8221; para encontrar informaci\u00f3n sobre otros servicios \u00fatiles en los Pa\u00edses Bajos<\/a><br><a href=\"https:\/\/help.unhcr.org\/netherlands\/es\/asylum-in-the-netherlands\/\">Proceso de asilo en los Pa\u00edses Bajos<\/a><\/p>\n","protected":false},"excerpt":{"rendered":"<p>\u00bfEstas buscando un trabajo? P\u00f3ngase en contacto con empleadores en los Pa\u00edses Bajos en la feria de empleo el martes 29 de enero 2025 en el Amsterdam ArenA. Para obtener m\u00e1s informaci\u00f3n y registrarse, haga clic aqu\u00ed. Las siguientes organizaciones ofrecen servicios a refugiados con permiso de residencia en los Pa\u00edses Bajos: Refugee Start Force [&hellip;]<\/p>\n","protected":false},"author":1,"featured_media":0,"parent":533,"menu_order":7,"comment_status":"closed","ping_status":"closed","template":"","meta":{"_acf_changed":false,"footnotes":""},"class_list":["post-551","page","type-page","status-publish","hentry"],"acf":[],"_links":{"self":[{"href":"https:\/\/help.unhcr.org\/netherlands\/es\/wp-json\/wp\/v2\/pages\/551","targetHints":{"allow":["GET"]}}],"collection":[{"href":"https:\/\/help.unhcr.org\/netherlands\/es\/wp-json\/wp\/v2\/pages"}],"about":[{"href":"https:\/\/help.unhcr.org\/netherlands\/es\/wp-json\/wp\/v2\/types\/page"}],"author":[{"embeddable":true,"href":"https:\/\/help.unhcr.org\/netherlands\/es\/wp-json\/wp\/v2\/users\/1"}],"replies":[{"embeddable":true,"href":"https:\/\/help.unhcr.org\/netherlands\/es\/wp-json\/wp\/v2\/comments?post=551"}],"version-history":[{"count":8,"href":"https:\/\/help.unhcr.org\/netherlands\/es\/wp-json\/wp\/v2\/pages\/551\/revisions"}],"predecessor-version":[{"id":886,"href":"https:\/\/help.unhcr.org\/netherlands\/es\/wp-json\/wp\/v2\/pages\/551\/revisions\/886"}],"up":[{"embeddable":true,"href":"https:\/\/help.unhcr.org\/netherlands\/es\/wp-json\/wp\/v2\/pages\/533"}],"wp:attachment":[{"href":"https:\/\/help.unhcr.org\/netherlands\/es\/wp-json\/wp\/v2\/media?parent=551"}],"curies":[{"name":"wp","href":"https:\/\/api.w.org\/{rel}","templated":true}]}}