{"id":542,"date":"2020-02-24T10:24:24","date_gmt":"2020-02-24T10:24:24","guid":{"rendered":"https:\/\/help.unhcr.org\/netherlands\/where-to-seek-help\/health-care\/"},"modified":"2022-07-18T15:08:23","modified_gmt":"2022-07-18T15:08:23","slug":"health-care","status":"publish","type":"page","link":"https:\/\/help.unhcr.org\/netherlands\/es\/where-to-seek-help\/health-care\/","title":{"rendered":"Salud"},"content":{"rendered":"\n<p>Las siguientes organizaciones ofrecen servicios de atenci\u00f3n m\u00e9dica a los solicitantes de asilo en los Pa\u00edses Bajos:<\/p>\n\n\n\n<h3 class=\"wp-block-heading\">GezondheidsZorg Asielzoekers (GZA)<\/h3>\n\n\n\n<p>GZA (Atenci\u00f3n m\u00e9dica para solicitantes de asilo) brinda atenci\u00f3n m\u00e9dica general a los solicitantes de asilo. El papel del m\u00e9dico generalista (&#8216;huisarts&#8217;) en el sistema de salud holand\u00e9s es fundamental para toda la atenci\u00f3n m\u00e9dica.<\/p>\n\n\n\n<p>En casi todos los centros de recepci\u00f3n (AZC), GZA tiene un centro de atenci\u00f3n m\u00e9dica donde puede acudir para recibir atenci\u00f3n m\u00e9dica durante las horas de consulta o hacer una cita con un profesional de la salud, como un asistente m\u00e9dico, enfermera, POH-GGZ (Enfermera practicante de salud mental) o m\u00e9dico general. Si tiene una pregunta m\u00e9dica, puede visitar GZA en su centro de recepci\u00f3n (AZC) o llamar a Praktijklijn (l\u00ednea directa de GZA) a trav\u00e9s del <a href=\"tel:+31881122112\">088 \u2013 112 2 112<\/a>. Puede comunicarse con Praktijklijn las 24 horas del d\u00eda para emergencias m\u00e9dicas. Si desea concertar una cita, puede llamar al Praktijklijn entre las 8:30 y las 17:00 h (de lunes a viernes). Si desea ver a un dentista, puede llamar al <a href=\"tel:+31881122132\">088 \u2013 112 2 132<\/a>.<\/p>\n\n\n\n<p>Puede encontrar m\u00e1s informaci\u00f3n sobre GZA en <a href=\"https:\/\/www.gzasielzoekers.nl\/en\/\" target=\"_blank\" rel=\"noreferrer noopener\">su sitio web<\/a> <a href=\"https:\/\/www.gzasielzoekers.nl\/\" target=\"_blank\" rel=\"noreferrer noopener\">en holand\u00e9s<\/a>, <a href=\"https:\/\/www.gzasielzoekers.nl\/en\/\" target=\"_blank\" rel=\"noreferrer noopener\">ingl\u00e9s<\/a> y <a href=\"https:\/\/www.gzasielzoekers.nl\/ar\" target=\"_blank\" rel=\"noreferrer noopener\">\u00e1rabe<\/a>.<\/p>\n\n\n\n<h3 class=\"wp-block-heading\">Gezond en los Pa\u00edses Bajos<\/h3>\n\n\n\n<p>En <a href=\"https:\/\/www.gezondinnederland.info\/\" target=\"_blank\" rel=\"noreferrer noopener\">el sitio web Gezond in Nederland<\/a> (&#8216;Saludable en los Pa\u00edses Bajos&#8217;) puede encontrar informaci\u00f3n sobre la atenci\u00f3n m\u00e9dica en los Pa\u00edses Bajos en holand\u00e9s, <a href=\"https:\/\/www.gezondinnederland.info\/ti\/\" target=\"_blank\" rel=\"noreferrer noopener\">tigrinya<\/a> y <a href=\"https:\/\/www.gezondinnederland.info\/\" target=\"_blank\" rel=\"noreferrer noopener\">\u00e1rabe<\/a>.<\/p>\n\n\n\n<hr class=\"wp-block-separator\" \/>\n\n\n\n<h3 class=\"wp-block-heading\">Informaci\u00f3n relacionada<\/h3>\n\n\n\n<p><a href=\"https:\/\/help.unhcr.org\/netherlands\/es\/where-to-seek-help\/\">Explore la secci\u00f3n &#8220;\u00bfD\u00f3nde buscar ayuda?&#8221; para encontrar informaci\u00f3n sobre otros servicios \u00fatiles en los Pa\u00edses Bajos<\/a><br><a href=\"https:\/\/help.unhcr.org\/netherlands\/es\/asylum-in-the-netherlands\/\">Proceso de asilo en los Pa\u00edses Bajos<\/a><\/p>\n","protected":false},"excerpt":{"rendered":"<p>Las siguientes organizaciones ofrecen servicios de atenci\u00f3n m\u00e9dica a los solicitantes de asilo en los Pa\u00edses Bajos: GezondheidsZorg Asielzoekers (GZA) GZA (Atenci\u00f3n m\u00e9dica para solicitantes de asilo) brinda atenci\u00f3n m\u00e9dica general a los solicitantes de asilo. El papel del m\u00e9dico generalista (&#8216;huisarts&#8217;) en el sistema de salud holand\u00e9s es fundamental para toda la atenci\u00f3n m\u00e9dica. [&hellip;]<\/p>\n","protected":false},"author":1,"featured_media":0,"parent":533,"menu_order":2,"comment_status":"closed","ping_status":"closed","template":"","meta":{"_acf_changed":false,"footnotes":""},"class_list":["post-542","page","type-page","status-publish","hentry"],"acf":[],"_links":{"self":[{"href":"https:\/\/help.unhcr.org\/netherlands\/es\/wp-json\/wp\/v2\/pages\/542","targetHints":{"allow":["GET"]}}],"collection":[{"href":"https:\/\/help.unhcr.org\/netherlands\/es\/wp-json\/wp\/v2\/pages"}],"about":[{"href":"https:\/\/help.unhcr.org\/netherlands\/es\/wp-json\/wp\/v2\/types\/page"}],"author":[{"embeddable":true,"href":"https:\/\/help.unhcr.org\/netherlands\/es\/wp-json\/wp\/v2\/users\/1"}],"replies":[{"embeddable":true,"href":"https:\/\/help.unhcr.org\/netherlands\/es\/wp-json\/wp\/v2\/comments?post=542"}],"version-history":[{"count":5,"href":"https:\/\/help.unhcr.org\/netherlands\/es\/wp-json\/wp\/v2\/pages\/542\/revisions"}],"predecessor-version":[{"id":662,"href":"https:\/\/help.unhcr.org\/netherlands\/es\/wp-json\/wp\/v2\/pages\/542\/revisions\/662"}],"up":[{"embeddable":true,"href":"https:\/\/help.unhcr.org\/netherlands\/es\/wp-json\/wp\/v2\/pages\/533"}],"wp:attachment":[{"href":"https:\/\/help.unhcr.org\/netherlands\/es\/wp-json\/wp\/v2\/media?parent=542"}],"curies":[{"name":"wp","href":"https:\/\/api.w.org\/{rel}","templated":true}]}}