{"id":539,"date":"2020-02-24T10:21:12","date_gmt":"2020-02-24T10:21:12","guid":{"rendered":"https:\/\/help.unhcr.org\/netherlands\/where-to-seek-help\/general-services\/"},"modified":"2023-04-12T08:41:31","modified_gmt":"2023-04-12T08:41:31","slug":"general-services","status":"publish","type":"page","link":"https:\/\/help.unhcr.org\/netherlands\/es\/where-to-seek-help\/general-services\/","title":{"rendered":"Servicios en General"},"content":{"rendered":"\n<p>Las siguientes organizaciones ofrecen servicios generales a los solicitantes de asilo en los Pa\u00edses Bajos:<\/p>\n\n\n\n<h3 class=\"wp-block-heading\">Servicio de Inmigraci\u00f3n y Naturalizaci\u00f3n (IND)<\/h3>\n\n\n\n<p>El Servicio de Inmigraci\u00f3n y Naturalizaci\u00f3n (IND) del Ministerio de Justicia y Seguridad procesa y decide sobre las solicitudes de asilo en los Pa\u00edses Bajos en nombre del gobierno holand\u00e9s. Otros procedimientos, como la reunificaci\u00f3n familiar y la naturalizaci\u00f3n, tambi\u00e9n son decididos por el IND.<\/p>\n\n\n\n<p><a href=\"https:\/\/ind.nl\/en\/residence-permits\/asylum\" target=\"_blank\" rel=\"noreferrer noopener\">El sitio web del IND<\/a> contiene informaci\u00f3n \u00fatil sobre su procedimiento de asilo en los Pa\u00edses Bajos y proporciona <a href=\"https:\/\/ind.nl\/en\/service-and-contact\/frequently-asked-questions\" target=\"_blank\" rel=\"noreferrer noopener\">respuestas a las preguntas m\u00e1s frecuentes<\/a>. Si desea ponerse en contacto con el IND sobre su caso, la mejor manera de hacerlo ser\u00eda poni\u00e9ndose en contacto con su persona de contacto del IND. Si a\u00fan no tiene una persona de contacto o si no sabe qui\u00e9n es su persona de contacto, puede llamar al IND al 088 043 0430 (+31 88 043 0430 si llama desde el extranjero) o completar el <a href=\"https:\/\/ind.nl\/en\/service-and-contact\/contact-with-ind\/e-mail\" target=\"_blank\" rel=\"noreferrer noopener\">formulario de contacto en su sitio web<\/a>.<\/p>\n\n\n\n<h3 class=\"wp-block-heading\">VluchtelingenWerk Nederland (VWN) \/ RefugeeHelp.nl<\/h3>\n\n\n\n<p>El Consejo Holand\u00e9s para Refugiados es una organizaci\u00f3n destinada a proteger los intereses de los refugiados y solicitantes de asilo en los Pa\u00edses Bajos. Su personal profesional y muchos voluntarios est\u00e1n comprometidos a ayudar a los solicitantes de asilo y refugiados. Puede ponerse en contacto con ellos para obtener asesoramiento y asistencia, por ejemplo para:<\/p>\n\n\n\n<ul class=\"wp-block-list\"><li>Informaci\u00f3n sobre tr\u00e1mites, acogida e integraci\u00f3n;<\/li><li>Asesoramiento y defensa jur\u00eddica en su procedimiento de asilo o procedimiento de reunificaci\u00f3n familiar; y<\/li><li>Apoyo y orientaci\u00f3n personal.<\/li><\/ul>\n\n\n\n<p>Puede encontrar la oficina m\u00e1s cercana a usted y la informaci\u00f3n de contacto de esa oficina en el sitio web <a href=\"https:\/\/www.refugeehelp.nl\/\" target=\"_blank\" rel=\"noreferrer noopener\">RefugeeHelp.nl<\/a>. Adem\u00e1s de informaci\u00f3n de contacto, el sitio web contiene informaci\u00f3n dirigida a refugiados y solicitantes de asilo en los Pa\u00edses Bajos en muchos idiomas diferentes. Por ejemplo, informaci\u00f3n sobre el procedimiento de asilo en los Pa\u00edses Bajos, integraci\u00f3n, educaci\u00f3n y reunificaci\u00f3n familiar.<\/p>\n\n\n\n<h3 class=\"wp-block-heading\">Agencia Central para la Recepci\u00f3n de Solicitantes de Asilo (COA)<\/h3>\n\n\n\n<p>La Agencia Central para la Recepci\u00f3n de Solicitantes de Asilo (COA) brinda acogida durante el procedimiento de asilo en nombre del gobierno holand\u00e9s. La acogida consiste en alojamiento, comidas (o compensaci\u00f3n para comprar alimentos), un monto diario en dinero, orientaci\u00f3n y acceso a atenci\u00f3n m\u00e9dica. COA est\u00e1 en la mejor posici\u00f3n para ayudarlo con cualquier pregunta relacionada con estos temas.<\/p>\n\n\n\n<p>Puede ponerse en contacto con COA dirigi\u00e9ndose al mostrador de informaci\u00f3n en su centro de recepci\u00f3n (AZC). Puede encontrar m\u00e1s informaci\u00f3n sobre COA en <a href=\"https:\/\/www.mycoa.nl\/nl\" target=\"_blank\" rel=\"noreferrer noopener\">su sitio web<\/a>.<\/p>\n\n\n\n<hr class=\"wp-block-separator has-css-opacity\" \/>\n\n\n\n<h3 class=\"wp-block-heading\">Related information<\/h3>\n\n\n\n<p><a href=\"https:\/\/help.unhcr.org\/netherlands\/es\/where-to-seek-help\/\">Browse the &#8216;Where to seek help?&#8217; section to find information about other helpful services in the Netherlands<br><\/a><a href=\"https:\/\/help.unhcr.org\/netherlands\/es\/asylum-in-the-netherlands\/\"> Asylum process in the Netherlands<\/a><\/p>\n\n\n\n<p><\/p>\n","protected":false},"excerpt":{"rendered":"<p>Las siguientes organizaciones ofrecen servicios generales a los solicitantes de asilo en los Pa\u00edses Bajos: Servicio de Inmigraci\u00f3n y Naturalizaci\u00f3n (IND) El Servicio de Inmigraci\u00f3n y Naturalizaci\u00f3n (IND) del Ministerio de Justicia y Seguridad procesa y decide sobre las solicitudes de asilo en los Pa\u00edses Bajos en nombre del gobierno holand\u00e9s. Otros procedimientos, como la [&hellip;]<\/p>\n","protected":false},"author":1,"featured_media":0,"parent":533,"menu_order":1,"comment_status":"closed","ping_status":"closed","template":"","meta":{"_acf_changed":false,"footnotes":""},"class_list":["post-539","page","type-page","status-publish","hentry"],"acf":[],"_links":{"self":[{"href":"https:\/\/help.unhcr.org\/netherlands\/es\/wp-json\/wp\/v2\/pages\/539","targetHints":{"allow":["GET"]}}],"collection":[{"href":"https:\/\/help.unhcr.org\/netherlands\/es\/wp-json\/wp\/v2\/pages"}],"about":[{"href":"https:\/\/help.unhcr.org\/netherlands\/es\/wp-json\/wp\/v2\/types\/page"}],"author":[{"embeddable":true,"href":"https:\/\/help.unhcr.org\/netherlands\/es\/wp-json\/wp\/v2\/users\/1"}],"replies":[{"embeddable":true,"href":"https:\/\/help.unhcr.org\/netherlands\/es\/wp-json\/wp\/v2\/comments?post=539"}],"version-history":[{"count":3,"href":"https:\/\/help.unhcr.org\/netherlands\/es\/wp-json\/wp\/v2\/pages\/539\/revisions"}],"predecessor-version":[{"id":746,"href":"https:\/\/help.unhcr.org\/netherlands\/es\/wp-json\/wp\/v2\/pages\/539\/revisions\/746"}],"up":[{"embeddable":true,"href":"https:\/\/help.unhcr.org\/netherlands\/es\/wp-json\/wp\/v2\/pages\/533"}],"wp:attachment":[{"href":"https:\/\/help.unhcr.org\/netherlands\/es\/wp-json\/wp\/v2\/media?parent=539"}],"curies":[{"name":"wp","href":"https:\/\/api.w.org\/{rel}","templated":true}]}}