{"id":536,"date":"2020-02-21T13:01:23","date_gmt":"2020-02-21T13:01:23","guid":{"rendered":"https:\/\/help.unhcr.org\/netherlands\/where-to-seek-help\/emergency\/"},"modified":"2022-07-18T15:06:34","modified_gmt":"2022-07-18T15:06:34","slug":"emergency","status":"publish","type":"page","link":"https:\/\/help.unhcr.org\/netherlands\/es\/where-to-seek-help\/emergency\/","title":{"rendered":"Emergencia"},"content":{"rendered":"\n<h3 class=\"wp-block-heading\">112<\/h3>\n\n\n\n<p>En caso de una situaci\u00f3n que ponga en peligro la vida, o en caso de una situaci\u00f3n delictiva aguda, puede llamar al 112, el n\u00famero de tel\u00e9fono de emergencia holand\u00e9s, desde cualquier lugar de los Pa\u00edses Bajos. Puedes llamar al 112 en caso de emergencia, as\u00ed cuando tu propia vida o la de otra persona est\u00e9 en peligro directo, o cuando est\u00e9s presenciando un delito. Cuando llame al 112, aseg\u00farese de indicar 1) qu\u00e9 est\u00e1 pasando 2) d\u00f3nde se encuentra y 3) qu\u00e9 servicios de emergencia parecen necesitar (polic\u00eda, departamento de bomberos, ambulancia).<\/p>\n\n\n\n<h3 class=\"wp-block-heading\">L\u00ednea directa de emergencia de GZA \u2013 GezondheidsZorg Asielzoekers (GZA)<\/h3>\n\n\n\n<p>GZA (Asylum-Seeker Healthcare) es una organizaci\u00f3n responsable de la atenci\u00f3n m\u00e9dica dentro de los centros de acogida para solicitantes de asilo en los Pa\u00edses Bajos. En caso de que necesite atenci\u00f3n m\u00e9dica urgente, puede comunicarse con la l\u00ednea directa de GZA al <a href=\"tel:+31881122112\">088 \u2013 112 2 112<\/a> las 24 horas del d\u00eda. En caso de emergencia, aseg\u00farese de elegir 1 en el men\u00fa del tel\u00e9fono. Si reside en un centro de acogida (AZC), puede preguntar al personal del centro de acogida si hay un tel\u00e9fono GZA exclusivo (a menudo situado en la recepci\u00f3n del AZC) disponible en las instalaciones que se puede utilizar de forma gratuita.<\/p>\n\n\n\n<h3 class=\"wp-block-heading\">113 Prevenci\u00f3n del Suicidio<\/h3>\n\n\n\n<p>113 Prevenci\u00f3n del Suicidio es una organizaci\u00f3n para todas las personas que luchan contra los pensamientos suicidas. Puede comunicarse con sus voluntarios capacitados las 24 horas del d\u00eda. Todas las llamadas telef\u00f3nicas y conversaciones con 113 Prevenci\u00f3n del Suicidio son completamente an\u00f3nimas y confidenciales. Todo lo que necesita decirles a los voluntarios es un nombre, no es necesario que sea su propio nombre. No se solicitar\u00e1 m\u00e1s informaci\u00f3n durante ning\u00fan punto de su conversaci\u00f3n.<\/p>\n\n\n\n<p>Puede comunicarse con el 113 Prevenci\u00f3n del Suicidio d\u00eda y noche al <a href=\"tel:+310900 0113\">0900 0113<\/a>. Si prefiere chatear, puede hacerlo haciendo clic en el bot\u00f3n rojo &#8220;chatten&#8221; en <a href=\"https:\/\/www.113.nl\/heb-je-nu-hulp-nodig\/hulplijn\" target=\"_blank\" rel=\"noreferrer noopener\">su sitio web<\/a>.<\/p>\n\n\n\n<h3 class=\"wp-block-heading\">Refugio de emergencia \u2013 Stichting LOS (Landelijk Ongedocumenteerden Steunpunt)<\/h3>\n\n\n\n<p>En el <a href=\"http:\/\/www.stichtinglos.nl\/noodopvang\" target=\"_blank\" rel=\"noreferrer noopener\">sitio web de Stichting LOS<\/a> puede encontrar una lista de organizaciones que brindan servicios de asistencia legal y refugio a solicitantes de asilo que se han quedado sin hogar debido al rechazo de su solicitud de asilo.<\/p>\n\n\n\n<hr class=\"wp-block-separator\" \/>\n\n\n\n<h3 class=\"wp-block-heading\">Related information<\/h3>\n\n\n\n<p><a href=\"https:\/\/help.unhcr.org\/netherlands\/es\/where-to-seek-help\/\">Explore la secci\u00f3n &#8220;\u00bfD\u00f3nde buscar ayuda?&#8221; para encontrar informaci\u00f3n sobre otros servicios \u00fatiles en los Pa\u00edses Bajos<\/a><br><a href=\"https:\/\/help.unhcr.org\/netherlands\/es\/asylum-in-the-netherlands\/\">Proceso de asilo en los Pa\u00edses Bajos<\/a><\/p>\n","protected":false},"excerpt":{"rendered":"<p>112 En caso de una situaci\u00f3n que ponga en peligro la vida, o en caso de una situaci\u00f3n delictiva aguda, puede llamar al 112, el n\u00famero de tel\u00e9fono de emergencia holand\u00e9s, desde cualquier lugar de los Pa\u00edses Bajos. Puedes llamar al 112 en caso de emergencia, as\u00ed cuando tu propia vida o la de otra [&hellip;]<\/p>\n","protected":false},"author":1,"featured_media":0,"parent":533,"menu_order":0,"comment_status":"closed","ping_status":"closed","template":"","meta":{"_acf_changed":false,"footnotes":""},"class_list":["post-536","page","type-page","status-publish","hentry"],"acf":[],"_links":{"self":[{"href":"https:\/\/help.unhcr.org\/netherlands\/es\/wp-json\/wp\/v2\/pages\/536","targetHints":{"allow":["GET"]}}],"collection":[{"href":"https:\/\/help.unhcr.org\/netherlands\/es\/wp-json\/wp\/v2\/pages"}],"about":[{"href":"https:\/\/help.unhcr.org\/netherlands\/es\/wp-json\/wp\/v2\/types\/page"}],"author":[{"embeddable":true,"href":"https:\/\/help.unhcr.org\/netherlands\/es\/wp-json\/wp\/v2\/users\/1"}],"replies":[{"embeddable":true,"href":"https:\/\/help.unhcr.org\/netherlands\/es\/wp-json\/wp\/v2\/comments?post=536"}],"version-history":[{"count":3,"href":"https:\/\/help.unhcr.org\/netherlands\/es\/wp-json\/wp\/v2\/pages\/536\/revisions"}],"predecessor-version":[{"id":659,"href":"https:\/\/help.unhcr.org\/netherlands\/es\/wp-json\/wp\/v2\/pages\/536\/revisions\/659"}],"up":[{"embeddable":true,"href":"https:\/\/help.unhcr.org\/netherlands\/es\/wp-json\/wp\/v2\/pages\/533"}],"wp:attachment":[{"href":"https:\/\/help.unhcr.org\/netherlands\/es\/wp-json\/wp\/v2\/media?parent=536"}],"curies":[{"name":"wp","href":"https:\/\/api.w.org\/{rel}","templated":true}]}}