{"id":533,"date":"2020-02-21T10:51:22","date_gmt":"2020-02-21T10:51:22","guid":{"rendered":"https:\/\/help.unhcr.org\/netherlands\/where-to-seek-help\/"},"modified":"2022-07-18T14:55:36","modified_gmt":"2022-07-18T14:55:36","slug":"where-to-seek-help","status":"publish","type":"page","link":"https:\/\/help.unhcr.org\/netherlands\/es\/where-to-seek-help\/","title":{"rendered":"\u00bfD\u00f3nde puedes pedir ayuda?"},"content":{"rendered":"\n<p>Hay muchas organizaciones en los Pa\u00edses Bajos que ayudan a los refugiados y solicitantes de asilo. Encuentre una lista de organizaciones ordenadas por categor\u00eda, para ver qu\u00e9 organizaci\u00f3n est\u00e1 mejor ubicada para ayudarlo. Adem\u00e1s, puede encontrar m\u00e1s informaci\u00f3n sobre organizaciones locales en su municipio <a href=\"https:\/\/www.kis.nl\/vraag-en-antwoord\/welke-organisaties-houden-zich-bezig-met-de-ondersteuning-van-vluchtelingen\" target=\"_blank\" rel=\"noreferrer noopener\"><strong>aqu\u00ed<\/strong><\/a> (en holand\u00e9s).<\/p>\n","protected":false},"excerpt":{"rendered":"<p>Hay muchas organizaciones en los Pa\u00edses Bajos que ayudan a los refugiados y solicitantes de asilo. Encuentre una lista de organizaciones ordenadas por categor\u00eda, para ver qu\u00e9 organizaci\u00f3n est\u00e1 mejor ubicada para ayudarlo. Adem\u00e1s, puede encontrar m\u00e1s informaci\u00f3n sobre organizaciones locales en su municipio aqu\u00ed (en holand\u00e9s).<\/p>\n","protected":false},"author":1,"featured_media":0,"parent":0,"menu_order":2,"comment_status":"closed","ping_status":"closed","template":"page-templates\/listing_page.php","meta":{"_acf_changed":false,"footnotes":""},"class_list":["post-533","page","type-page","status-publish","hentry"],"acf":[],"_links":{"self":[{"href":"https:\/\/help.unhcr.org\/netherlands\/es\/wp-json\/wp\/v2\/pages\/533","targetHints":{"allow":["GET"]}}],"collection":[{"href":"https:\/\/help.unhcr.org\/netherlands\/es\/wp-json\/wp\/v2\/pages"}],"about":[{"href":"https:\/\/help.unhcr.org\/netherlands\/es\/wp-json\/wp\/v2\/types\/page"}],"author":[{"embeddable":true,"href":"https:\/\/help.unhcr.org\/netherlands\/es\/wp-json\/wp\/v2\/users\/1"}],"replies":[{"embeddable":true,"href":"https:\/\/help.unhcr.org\/netherlands\/es\/wp-json\/wp\/v2\/comments?post=533"}],"version-history":[{"count":2,"href":"https:\/\/help.unhcr.org\/netherlands\/es\/wp-json\/wp\/v2\/pages\/533\/revisions"}],"predecessor-version":[{"id":658,"href":"https:\/\/help.unhcr.org\/netherlands\/es\/wp-json\/wp\/v2\/pages\/533\/revisions\/658"}],"wp:attachment":[{"href":"https:\/\/help.unhcr.org\/netherlands\/es\/wp-json\/wp\/v2\/media?parent=533"}],"curies":[{"name":"wp","href":"https:\/\/api.w.org\/{rel}","templated":true}]}}