{"id":530,"date":"2020-02-21T10:31:22","date_gmt":"2020-02-21T10:31:22","guid":{"rendered":"https:\/\/help.unhcr.org\/netherlands\/welcome\/"},"modified":"2024-12-13T14:00:54","modified_gmt":"2024-12-13T14:00:54","slug":"welcome","status":"publish","type":"page","link":"https:\/\/help.unhcr.org\/netherlands\/es\/","title":{"rendered":"Bienvenidos\/as"},"content":{"rendered":"\n<p class=\"has-text-align-center has-background\" style=\"background-color:#faeb00\">??<strong> Puede encontrar informaci\u00f3n relevante <strong>para refugiados ucranianos en los Pa\u00edses Bajos <\/strong>en la plataforma <a href=\"https:\/\/www.refugeehelp.nl\/en\/get-help\" target=\"_blank\" rel=\"noreferrer noopener\">Refugee Help<\/a> y el <a href=\"https:\/\/ind.nl\/en\/ukraine\/coming-to-the-netherlands-and-reception\" target=\"_blank\" rel=\"noreferrer noopener\">sitio web del Servicio de Inmigraci\u00f3n y Naturalizaci\u00f3n IND<\/a><\/strong>.<br><strong>Para obtener informaci\u00f3n sobre un regreso corto o prolongado desde los Pa\u00edses Bajos a Ucrania, visite la plataforma <a href=\"https:\/\/ukraineishome.org\/frequently-asked-questions\/the-netherlands\/\" target=\"_blank\" rel=\"noreferrer noopener\">&#8216;Ukraine is Home&#8217;<\/a>.<\/strong><br><br><strong>Si es un refugiado en otro pa\u00eds, visite <a href=\"https:\/\/help.unhcr.org\/\">la p\u00e1gina de ayuda del pa\u00eds en el que se encuentra<\/a>.<\/strong><\/p>\n\n\n\n<p>Este sitio web fue creado por ACNUR, la Agencia de la ONU para los Refugiados, para solicitantes de asilo y refugiados en los Pa\u00edses Bajos. Aqu\u00ed encontrar\u00e1 informaci\u00f3n \u00fatil y enlaces web, incluidas las respuestas a las siguientes preguntas:<\/p>\n\n\n\n<ul class=\"wp-block-list\">\n<li><a href=\"https:\/\/help.unhcr.org\/netherlands\/es\/where-to-seek-help\/\">\u00bfD\u00f3nde puedo buscar ayuda en los Pa\u00edses Bajos?<\/a><\/li>\n\n\n\n<li><a href=\"https:\/\/help.unhcr.org\/netherlands\/es\/asylum-in-the-netherlands\/\">\u00bfC\u00f3mo puedo solicitar asilo en los Pa\u00edses Bajos y qu\u00e9 sucede durante el procedimiento de asilo?<\/a><\/li>\n\n\n\n<li><a href=\"https:\/\/help.unhcr.org\/netherlands\/es\/asylum-in-the-netherlands\/\">\u00bfCu\u00e1les son los derechos y obligaciones de los refugiados y solicitantes de asilo en los Pa\u00edses Bajos?<\/a><\/li>\n\n\n\n<li><a href=\"https:\/\/help.unhcr.org\/netherlands\/es\/family-reunification\/\">\u00bfC\u00f3mo puedo reunirme con mis familiares (reunificaci\u00f3n familiar)?<\/a><\/li>\n\n\n\n<li><a href=\"https:\/\/help.unhcr.org\/netherlands\/family-reunification\/\">\u00bfPuede ACNUR ayudarme a encontrar a mis familiares perdidos?<\/a><\/li>\n\n\n\n<li><a href=\"https:\/\/help.unhcr.org\/netherlands\/es\/resettlement\/\">\u00bfPuedo solicitar el reasentamiento en los Pa\u00edses Bajos?<\/a><\/li>\n\n\n\n<li><a href=\"https:\/\/help.unhcr.org\/netherlands\/es\/about-unhcr-in-the-netherlands\/\">\u00bfCu\u00e1l es el papel del ACNUR en los Pa\u00edses Bajos?<\/a><\/li>\n\n\n\n<li><a href=\"https:\/\/help.unhcr.org\/netherlands\/es\/about-unhcr-in-the-netherlands\/\">\u00bfC\u00f3mo puedo ponerme en contacto con ACNUR Pa\u00edses Bajos?<\/a><\/li>\n<\/ul>\n\n\n\n<p>En caso de que est\u00e9 buscando informaci\u00f3n o asistencia para sus familiares o amigos que no se encuentran en los Pa\u00edses Bajos, puede encontrar m\u00e1s informaci\u00f3n en la <a href=\"https:\/\/help.unhcr.org\/\">p\u00e1gina de ayuda del ACNUR<\/a> y navegar hasta el pa\u00eds en el que residen actualmente.<\/p>\n","protected":false},"excerpt":{"rendered":"<p>?? Puede encontrar informaci\u00f3n relevante para refugiados ucranianos en los Pa\u00edses Bajos en la plataforma Refugee Help y el sitio web del Servicio de Inmigraci\u00f3n y Naturalizaci\u00f3n IND.Para obtener informaci\u00f3n sobre un regreso corto o prolongado desde los Pa\u00edses Bajos a Ucrania, visite la plataforma &#8216;Ukraine is Home&#8217;. Si es un refugiado en otro pa\u00eds, [&hellip;]<\/p>\n","protected":false},"author":1,"featured_media":0,"parent":0,"menu_order":0,"comment_status":"closed","ping_status":"closed","template":"","meta":{"_acf_changed":false,"footnotes":""},"class_list":["post-530","page","type-page","status-publish","hentry"],"acf":[],"_links":{"self":[{"href":"https:\/\/help.unhcr.org\/netherlands\/es\/wp-json\/wp\/v2\/pages\/530","targetHints":{"allow":["GET"]}}],"collection":[{"href":"https:\/\/help.unhcr.org\/netherlands\/es\/wp-json\/wp\/v2\/pages"}],"about":[{"href":"https:\/\/help.unhcr.org\/netherlands\/es\/wp-json\/wp\/v2\/types\/page"}],"author":[{"embeddable":true,"href":"https:\/\/help.unhcr.org\/netherlands\/es\/wp-json\/wp\/v2\/users\/1"}],"replies":[{"embeddable":true,"href":"https:\/\/help.unhcr.org\/netherlands\/es\/wp-json\/wp\/v2\/comments?post=530"}],"version-history":[{"count":8,"href":"https:\/\/help.unhcr.org\/netherlands\/es\/wp-json\/wp\/v2\/pages\/530\/revisions"}],"predecessor-version":[{"id":862,"href":"https:\/\/help.unhcr.org\/netherlands\/es\/wp-json\/wp\/v2\/pages\/530\/revisions\/862"}],"wp:attachment":[{"href":"https:\/\/help.unhcr.org\/netherlands\/es\/wp-json\/wp\/v2\/media?parent=530"}],"curies":[{"name":"wp","href":"https:\/\/api.w.org\/{rel}","templated":true}]}}