{"id":7453,"date":"2025-12-10T19:05:05","date_gmt":"2025-12-10T19:05:05","guid":{"rendered":"https:\/\/help.unhcr.org\/mexico\/?page_id=7453"},"modified":"2026-03-11T15:50:52","modified_gmt":"2026-03-11T15:50:52","slug":"consejos-y-recursos","status":"publish","type":"page","link":"https:\/\/help.unhcr.org\/mexico\/naturalizacion\/consejos-y-recursos\/","title":{"rendered":"Consejos y recursos"},"content":{"rendered":"\n<p class=\"has-background\" style=\"background-color:#cce2f3\">\u2705 <strong>No olvides estas 5 recomendaciones<\/strong><\/p>\n\n\n\n<ol start=\"1\" class=\"wp-block-list\">\n<li><strong>Documentos:<\/strong> Lleva el <strong>original<\/strong> y <strong>2 copias<\/strong> de cada documento.<\/li>\n\n\n\n<li><strong>Pasaporte o Documento de identidad y viaje (DIV):<\/strong> Lleva el <strong>original<\/strong> y <strong>2 copias<\/strong> de <strong>todas las hojas<\/strong>, incluidas las portadas.<\/li>\n\n\n\n<li><strong>Pago:<\/strong> El pago se hace en <strong>pesos mexicanos<\/strong> y <strong>solo en bancos<\/strong>.<\/li>\n\n\n\n<li><strong>Vigencia del pago:<\/strong> Si pagaste pero no hiciste el tr\u00e1mite, tu pago es v\u00e1lido por <strong>5 a\u00f1os<\/strong>. Si el costo sube, debes pagar la diferencia.<\/li>\n\n\n\n<li><strong>No pagues a gestores:<\/strong> No necesitas pagar a nadie para hacer tu tr\u00e1mite. <strong>ACNUR te orienta gratis<\/strong> o te conecta con socios que te asesoran sin costo.<\/li>\n<\/ol>\n\n\n\n<p class=\"has-background\" style=\"background-color:#cce2f3\">\u23ef\ufe0f<strong> Recursos audiovisuales<\/strong><\/p>\n\n\n\n<p>En estos video te explicamos:<\/p>\n\n\n\n<ul class=\"wp-block-list\">\n<li>\u00bfC\u00f3mo obtener por internet la <a href=\"https:\/\/constancias.oadprs.gob.mx\/\" data-type=\"link\" data-id=\"https:\/\/constancias.oadprs.gob.mx\/\" target=\"_blank\" rel=\"noreferrer noopener\"><strong>Constancia de antecedentes penales<\/strong>?<\/a><\/li>\n\n\n\n<li>Llenado del <strong>Formato DNN-3<\/strong> en el <a href=\"https:\/\/reipv6.sre.gob.mx\/sinna\/\" data-type=\"link\" data-id=\"https:\/\/reipv6.sre.gob.mx\/sinna\/\" target=\"_blank\" rel=\"noreferrer noopener\">sitio web del SINNA.<\/a><\/li>\n<\/ul>\n\n\n\n<div class=\"wp-block-columns is-layout-flex wp-container-core-columns-is-layout-9d6595d7 wp-block-columns-is-layout-flex\">\n<div class=\"wp-block-column is-layout-flow wp-block-column-is-layout-flow\">\n<figure class=\"wp-block-embed aligncenter is-type-video is-provider-youtube wp-block-embed-youtube wp-embed-aspect-16-9 wp-has-aspect-ratio\"><div class=\"wp-block-embed__wrapper\">\n<iframe loading=\"lazy\" title=\"Paso a paso hacia mi nacionalidad mexicana: Constancia de antecedentes penales.\" width=\"640\" height=\"360\" src=\"https:\/\/www.youtube.com\/embed\/bjTmU5HljuE?feature=oembed\" frameborder=\"0\" allow=\"accelerometer; autoplay; clipboard-write; encrypted-media; gyroscope; picture-in-picture; web-share\" referrerpolicy=\"strict-origin-when-cross-origin\" allowfullscreen><\/iframe>\n<\/div><figcaption class=\"wp-element-caption\">Constancia de antecedentes penales<\/figcaption><\/figure>\n<\/div>\n\n\n\n<div class=\"wp-block-column is-layout-flow wp-block-column-is-layout-flow\">\n<figure class=\"wp-block-embed is-type-video is-provider-youtube wp-block-embed-youtube wp-embed-aspect-16-9 wp-has-aspect-ratio\"><div class=\"wp-block-embed__wrapper\">\n<iframe loading=\"lazy\" title=\"Paso a paso hacia mi nacionalidad mexicana: Formato DNN-3\" width=\"640\" height=\"360\" src=\"https:\/\/www.youtube.com\/embed\/KCN0usm4Iw0?feature=oembed\" frameborder=\"0\" allow=\"accelerometer; autoplay; clipboard-write; encrypted-media; gyroscope; picture-in-picture; web-share\" referrerpolicy=\"strict-origin-when-cross-origin\" allowfullscreen><\/iframe>\n<\/div><figcaption class=\"wp-element-caption\">Formato DNN-3<\/figcaption><\/figure>\n<\/div>\n<\/div>\n\n\n\n<p class=\"has-background\" style=\"background-color:#fdf799\"><strong>En ACNUR te podemos orientar gratis en todo tu tr\u00e1mite de naturalizaci\u00f3n<\/strong>.<\/p>\n\n\n\n<p>\ud83d\udcde&nbsp;<strong>Tel\u00e9fonos gratuitos:<\/strong>&nbsp;<a href=\"tel:+528002268769\">800 226 8769<\/a>&nbsp;o al&nbsp;<a href=\"tel:+528002832718\">800 283 2718<\/a>&nbsp;<em>(Fuera de M\u00e9xico marca antes +52)<\/em><br>\ud83d\udcf1&nbsp;<strong>WhatsApp:<\/strong>&nbsp;<a href=\"https:\/\/wa.me\/+525570055950\">+52 55 7005 5950<\/a>&nbsp;y&nbsp;<a href=\"https:\/\/wa.me\/+525525352950\">+52 55 2535 2950<\/a><br>\ud83d\udce7&nbsp;<strong>Correo electr\u00f3nico:<\/strong>&nbsp;<a href=\"mailto:mexmeatencion@unhcr.org\" target=\"_blank\" rel=\"noreferrer noopener\">mexmeatencion@unhcr.org<\/a><\/p>\n\n\n\n<p><a href=\"https:\/\/help.unhcr.org\/mexico\/naturalizacion\/\">&lt;&lt; Naturalizaci\u00f3n<\/a><\/p>\n","protected":false},"excerpt":{"rendered":"<p>\u2705 No olvides estas 5 recomendaciones \u23ef\ufe0f Recursos audiovisuales En estos video te explicamos: En ACNUR te podemos orientar gratis en todo tu tr\u00e1mite de naturalizaci\u00f3n. \ud83d\udcde&nbsp;Tel\u00e9fonos gratuitos:&nbsp;800 226 8769&nbsp;o al&nbsp;800 283 2718&nbsp;(Fuera de M\u00e9xico marca antes +52)\ud83d\udcf1&nbsp;WhatsApp:&nbsp;+52 55 7005 5950&nbsp;y&nbsp;+52 55 2535 2950\ud83d\udce7&nbsp;Correo electr\u00f3nico:&nbsp;mexmeatencion@unhcr.org &lt;&lt; Naturalizaci\u00f3n<\/p>\n","protected":false},"author":243,"featured_media":0,"parent":7421,"menu_order":2,"comment_status":"closed","ping_status":"closed","template":"","meta":{"_acf_changed":false,"footnotes":""},"class_list":["post-7453","page","type-page","status-publish","hentry"],"acf":[],"_links":{"self":[{"href":"https:\/\/help.unhcr.org\/mexico\/wp-json\/wp\/v2\/pages\/7453","targetHints":{"allow":["GET"]}}],"collection":[{"href":"https:\/\/help.unhcr.org\/mexico\/wp-json\/wp\/v2\/pages"}],"about":[{"href":"https:\/\/help.unhcr.org\/mexico\/wp-json\/wp\/v2\/types\/page"}],"author":[{"embeddable":true,"href":"https:\/\/help.unhcr.org\/mexico\/wp-json\/wp\/v2\/users\/243"}],"replies":[{"embeddable":true,"href":"https:\/\/help.unhcr.org\/mexico\/wp-json\/wp\/v2\/comments?post=7453"}],"version-history":[{"count":8,"href":"https:\/\/help.unhcr.org\/mexico\/wp-json\/wp\/v2\/pages\/7453\/revisions"}],"predecessor-version":[{"id":7588,"href":"https:\/\/help.unhcr.org\/mexico\/wp-json\/wp\/v2\/pages\/7453\/revisions\/7588"}],"up":[{"embeddable":true,"href":"https:\/\/help.unhcr.org\/mexico\/wp-json\/wp\/v2\/pages\/7421"}],"wp:attachment":[{"href":"https:\/\/help.unhcr.org\/mexico\/wp-json\/wp\/v2\/media?parent=7453"}],"curies":[{"name":"wp","href":"https:\/\/api.w.org\/{rel}","templated":true}]}}