{"id":7446,"date":"2025-12-10T18:13:52","date_gmt":"2025-12-10T18:13:52","guid":{"rendered":"https:\/\/help.unhcr.org\/mexico\/?page_id=7446"},"modified":"2026-03-11T15:53:51","modified_gmt":"2026-03-11T15:53:51","slug":"tu-cita","status":"publish","type":"page","link":"https:\/\/help.unhcr.org\/mexico\/naturalizacion\/tu-cita\/","title":{"rendered":"Tu cita"},"content":{"rendered":"\n<p>Si cumples con todos los requisitos, debes hacer tu <strong>pre-registro<\/strong> y sacar tu <strong>cita<\/strong> en el sitio web del <a href=\"https:\/\/reipv6.sre.gob.mx\/sinna\/\" data-type=\"link\" data-id=\"https:\/\/reipv6.sre.gob.mx\/sinna\/\" target=\"_blank\" rel=\"noreferrer noopener\"><strong>Sistema Integral de Nacionalidad y Naturalizaci\u00f3n (SINNA)<\/strong>.<\/a><\/p>\n\n\n\n<p class=\"has-background\" style=\"background-color:#cce2f3\"><strong>Antes de empezar:<\/strong><\/p>\n\n\n\n<ul class=\"wp-block-list\">\n<li>\ud83d\udce7 Necesitas tener un <strong><a href=\"https:\/\/help.unhcr.org\/mexico\/2021\/07\/15\/como-crear-una-cuenta-de-correo-electronico\/\" data-type=\"link\" data-id=\"https:\/\/help.unhcr.org\/mexico\/2021\/07\/15\/como-crear-una-cuenta-de-correo-electronico\/\">correo electr\u00f3nico<\/a><\/strong>.<\/li>\n\n\n\n<li>\ud83d\udda5\ufe0f El <strong>pre-registro<\/strong> solo se puede hacer en <strong>computadora<\/strong> (no en celular ni tableta).<\/li>\n\n\n\n<li>\ud83d\udcbe Cuando empieces el pre-registro, <strong>debes terminarlo<\/strong>. Si no lo completas, la informaci\u00f3n no se guardar\u00e1.<\/li>\n<\/ul>\n\n\n\n<p class=\"has-background\" style=\"background-color:#cce2f3\"><strong>Pasos para tu pre-registro y cita<\/strong><\/p>\n\n\n\n<ol start=\"1\" class=\"wp-block-list\">\n<li><strong>Entra al sitio web:<\/strong> <a href=\"https:\/\/reipv6.sre.gob.mx\/sinna\/\" target=\"_blank\" rel=\"noreferrer noopener\">https:\/\/reipv6.sre.gob.mx\/sinna\/<\/a><\/li>\n\n\n\n<li><strong>Registra tu correo:<\/strong> Escribe tu correo electr\u00f3nico para recibir el enlace.<\/li>\n\n\n\n<li><strong>Revisa tu correo:<\/strong> Abre el correo que recibiste y haz clic en el enlace.<\/li>\n\n\n\n<li><strong>Haz tu pre-registro:<\/strong> Llena tus datos y <a href=\"https:\/\/youtu.be\/KCN0usm4Iw0?si=P6foqsOWvAVM3UYL\" data-type=\"link\" data-id=\"https:\/\/www.youtube.com\/watch?v=KCN0usm4Iw0&amp;t=31s\" target=\"_blank\" rel=\"noreferrer noopener\">completa la solicitud <strong>DNN-3<\/strong>.<\/a><\/li>\n\n\n\n<li><strong>Elige el m\u00f3dulo:<\/strong> Selecciona el lugar donde har\u00e1s tu tr\u00e1mite.<\/li>\n\n\n\n<li><strong>Selecciona tu cita:<\/strong> Escoge el d\u00eda y la hora.<\/li>\n\n\n\n<li><strong>Confirma:<\/strong> Recibir\u00e1s en tu correo el <strong>n\u00famero de folio<\/strong> y la <strong>confirmaci\u00f3n de tu cita<\/strong>.<\/li>\n<\/ol>\n\n\n\n<p><\/p>\n\n\n\n<p class=\"has-background\" style=\"background-color:#fdf799\"><strong>En ACNUR te podemos orientar gratis en todo tu tr\u00e1mite de naturalizaci\u00f3n<\/strong>.<\/p>\n\n\n\n<p>\ud83d\udcde&nbsp;<strong>Tel\u00e9fonos gratuitos:<\/strong>&nbsp;<a href=\"tel:+528002268769\">800 226 8769<\/a>&nbsp;o al&nbsp;<a href=\"tel:+528002832718\">800 283 2718<\/a>&nbsp;<em>(Fuera de M\u00e9xico marca antes +52)<\/em><br>\ud83d\udcf1&nbsp;<strong>WhatsApp:<\/strong>&nbsp;<a href=\"https:\/\/wa.me\/+525570055950\">+52 55 7005 5950<\/a>&nbsp;y&nbsp;<a href=\"https:\/\/wa.me\/+525525352950\">+52 55 2535 2950<\/a><br>\ud83d\udce7&nbsp;<strong>Correo electr\u00f3nico:<\/strong>&nbsp;<a href=\"mailto:mexmeatencion@unhcr.org\" target=\"_blank\" rel=\"noreferrer noopener\">mexmeatencion@unhcr.org<\/a><\/p>\n\n\n\n<p><a href=\"https:\/\/help.unhcr.org\/mexico\/naturalizacion\/\">&lt;&lt; Naturalizaci\u00f3n<\/a><\/p>\n","protected":false},"excerpt":{"rendered":"<p>Si cumples con todos los requisitos, debes hacer tu pre-registro y sacar tu cita en el sitio web del Sistema Integral de Nacionalidad y Naturalizaci\u00f3n (SINNA). Antes de empezar: Pasos para tu pre-registro y cita En ACNUR te podemos orientar gratis en todo tu tr\u00e1mite de naturalizaci\u00f3n. \ud83d\udcde&nbsp;Tel\u00e9fonos gratuitos:&nbsp;800 226 8769&nbsp;o al&nbsp;800 283 2718&nbsp;(Fuera de [&hellip;]<\/p>\n","protected":false},"author":243,"featured_media":0,"parent":7421,"menu_order":1,"comment_status":"closed","ping_status":"closed","template":"","meta":{"_acf_changed":false,"footnotes":""},"class_list":["post-7446","page","type-page","status-publish","hentry"],"acf":[],"_links":{"self":[{"href":"https:\/\/help.unhcr.org\/mexico\/wp-json\/wp\/v2\/pages\/7446","targetHints":{"allow":["GET"]}}],"collection":[{"href":"https:\/\/help.unhcr.org\/mexico\/wp-json\/wp\/v2\/pages"}],"about":[{"href":"https:\/\/help.unhcr.org\/mexico\/wp-json\/wp\/v2\/types\/page"}],"author":[{"embeddable":true,"href":"https:\/\/help.unhcr.org\/mexico\/wp-json\/wp\/v2\/users\/243"}],"replies":[{"embeddable":true,"href":"https:\/\/help.unhcr.org\/mexico\/wp-json\/wp\/v2\/comments?post=7446"}],"version-history":[{"count":7,"href":"https:\/\/help.unhcr.org\/mexico\/wp-json\/wp\/v2\/pages\/7446\/revisions"}],"predecessor-version":[{"id":7589,"href":"https:\/\/help.unhcr.org\/mexico\/wp-json\/wp\/v2\/pages\/7446\/revisions\/7589"}],"up":[{"embeddable":true,"href":"https:\/\/help.unhcr.org\/mexico\/wp-json\/wp\/v2\/pages\/7421"}],"wp:attachment":[{"href":"https:\/\/help.unhcr.org\/mexico\/wp-json\/wp\/v2\/media?parent=7446"}],"curies":[{"name":"wp","href":"https:\/\/api.w.org\/{rel}","templated":true}]}}