{"id":7000,"date":"2025-08-21T18:32:25","date_gmt":"2025-08-21T18:32:25","guid":{"rendered":"https:\/\/help.unhcr.org\/mexico\/?page_id=7000"},"modified":"2026-03-26T16:34:07","modified_gmt":"2026-03-26T16:34:07","slug":"reynosa","status":"publish","type":"page","link":"https:\/\/help.unhcr.org\/mexico\/donde-encontrar-ayuda\/mapas-de-servicios-2\/reynosa\/","title":{"rendered":"Reynosa"},"content":{"rendered":"\n<p>Si est\u00e1s en Reynosa, estado de Tamaulipas, nuestra ficha de servicios te ser\u00e1 de ayuda.<\/p>\n\n\n\n<p>ACNUR en colaboraci\u00f3n con otros socios y aliados han preparado la ficha con los principales servicios en la ciudad.<\/p>\n\n\n\n<p>\ud83d\udcf2\u00a0<a href=\"https:\/\/help.unhcr.org\/mexico\/wp-content\/uploads\/sites\/22\/2025\/08\/2025_Ficha-REYNOSA_abril2025.pdf\" data-type=\"link\" data-id=\"https:\/\/help.unhcr.org\/mexico\/wp-content\/uploads\/sites\/22\/2025\/08\/2025_Ficha-REYNOSA_abril2025.pdf\">Desc\u00e1rgala en tu tel\u00e9fono<\/a>\u00a0y ll\u00e9vala contigo en tu camino.<\/p>\n\n\n\n<p>\ud83c\udf0e <a href=\"https:\/\/www.google.com\/maps\/d\/viewer?hl=es&amp;mid=1vMWqyCPaqmi_vvh1loQFQ8K8E4_j6cg&amp;ll=25.88580474242588%2C-99.30735324999999&amp;z=9\" data-type=\"link\" data-id=\"https:\/\/www.google.com\/maps\/d\/viewer?hl=es&amp;mid=1vMWqyCPaqmi_vvh1loQFQ8K8E4_j6cg&amp;ll=25.88580474242588%2C-99.30735324999999&amp;z=9\" target=\"_blank\" rel=\"noreferrer noopener\">Encuentra los servicios en\u00a0Google Maps<\/a><\/p>\n\n\n\n<p><a href=\"https:\/\/help.unhcr.org\/mexico\/donde-encontrar-ayuda\/mapas-de-servicios-2\/\">&lt;&lt; Mapas de servicios<\/a><\/p>\n","protected":false},"excerpt":{"rendered":"<p>Si est\u00e1s en Reynosa, estado de Tamaulipas, nuestra ficha de servicios te ser\u00e1 de ayuda. ACNUR en colaboraci\u00f3n con otros socios y aliados han preparado la ficha con los principales servicios en la ciudad. \ud83d\udcf2\u00a0Desc\u00e1rgala en tu tel\u00e9fono\u00a0y ll\u00e9vala contigo en tu camino. \ud83c\udf0e Encuentra los servicios en\u00a0Google Maps &lt;&lt; Mapas de servicios<\/p>\n","protected":false},"author":243,"featured_media":0,"parent":1089,"menu_order":14,"comment_status":"closed","ping_status":"closed","template":"","meta":{"_acf_changed":false,"footnotes":""},"class_list":["post-7000","page","type-page","status-publish","hentry"],"acf":[],"_links":{"self":[{"href":"https:\/\/help.unhcr.org\/mexico\/wp-json\/wp\/v2\/pages\/7000","targetHints":{"allow":["GET"]}}],"collection":[{"href":"https:\/\/help.unhcr.org\/mexico\/wp-json\/wp\/v2\/pages"}],"about":[{"href":"https:\/\/help.unhcr.org\/mexico\/wp-json\/wp\/v2\/types\/page"}],"author":[{"embeddable":true,"href":"https:\/\/help.unhcr.org\/mexico\/wp-json\/wp\/v2\/users\/243"}],"replies":[{"embeddable":true,"href":"https:\/\/help.unhcr.org\/mexico\/wp-json\/wp\/v2\/comments?post=7000"}],"version-history":[{"count":5,"href":"https:\/\/help.unhcr.org\/mexico\/wp-json\/wp\/v2\/pages\/7000\/revisions"}],"predecessor-version":[{"id":7744,"href":"https:\/\/help.unhcr.org\/mexico\/wp-json\/wp\/v2\/pages\/7000\/revisions\/7744"}],"up":[{"embeddable":true,"href":"https:\/\/help.unhcr.org\/mexico\/wp-json\/wp\/v2\/pages\/1089"}],"wp:attachment":[{"href":"https:\/\/help.unhcr.org\/mexico\/wp-json\/wp\/v2\/media?parent=7000"}],"curies":[{"name":"wp","href":"https:\/\/api.w.org\/{rel}","templated":true}]}}