{"id":6996,"date":"2025-08-21T18:24:23","date_gmt":"2025-08-21T18:24:23","guid":{"rendered":"https:\/\/help.unhcr.org\/mexico\/?page_id=6996"},"modified":"2026-03-26T16:24:14","modified_gmt":"2026-03-26T16:24:14","slug":"nuevo-laredo","status":"publish","type":"page","link":"https:\/\/help.unhcr.org\/mexico\/donde-encontrar-ayuda\/mapas-de-servicios-2\/nuevo-laredo\/","title":{"rendered":"Nuevo Laredo"},"content":{"rendered":"\n<p>Si est\u00e1s en Nuevo Laredo, estado de Tamaulipas, nuestra ficha de servicios te ser\u00e1 de ayuda.<\/p>\n\n\n\n<p>ACNUR en colaboraci\u00f3n con otros socios y aliados han preparado la ficha con los principales servicios en la ciudad.<\/p>\n\n\n\n<p>\ud83d\udcf2\u00a0<a href=\"https:\/\/help.unhcr.org\/mexico\/wp-content\/uploads\/sites\/22\/2025\/08\/250808_FICHA-Nuevo-Laredo-abril2025.pdf\" data-type=\"link\" data-id=\"https:\/\/help.unhcr.org\/mexico\/wp-content\/uploads\/sites\/22\/2025\/08\/250808_FICHA-Nuevo-Laredo-abril2025.pdf\">Desc\u00e1rgala en tu tel\u00e9fono<\/a>\u00a0y ll\u00e9vala contigo en tu camino.<\/p>\n\n\n\n<p> \ud83c\udf0e Encuentra los servicios en\u00a0<a href=\"https:\/\/www.google.com\/maps\/d\/viewer?hl=es&amp;mid=1NL_i693yVqgUiblctLB2TbnHGaI2Udo&amp;ll=26.58493459421738%2C-99.91965334999999&amp;z=9\" data-type=\"link\" data-id=\"https:\/\/www.google.com\/maps\/d\/viewer?hl=es&amp;mid=1NL_i693yVqgUiblctLB2TbnHGaI2Udo&amp;ll=26.58493459421738%2C-99.91965334999999&amp;z=9\" target=\"_blank\" rel=\"noreferrer noopener\">Google Maps<\/a><\/p>\n\n\n\n<p><a href=\"https:\/\/help.unhcr.org\/mexico\/donde-encontrar-ayuda\/mapas-de-servicios-2\/\">&lt;&lt; Mapas de servicios<\/a><\/p>\n\n\n\n<p><\/p>\n","protected":false},"excerpt":{"rendered":"<p>Si est\u00e1s en Nuevo Laredo, estado de Tamaulipas, nuestra ficha de servicios te ser\u00e1 de ayuda. ACNUR en colaboraci\u00f3n con otros socios y aliados han preparado la ficha con los principales servicios en la ciudad. \ud83d\udcf2\u00a0Desc\u00e1rgala en tu tel\u00e9fono\u00a0y ll\u00e9vala contigo en tu camino. \ud83c\udf0e Encuentra los servicios en\u00a0Google Maps &lt;&lt; Mapas de servicios<\/p>\n","protected":false},"author":243,"featured_media":0,"parent":1089,"menu_order":9,"comment_status":"closed","ping_status":"closed","template":"","meta":{"_acf_changed":false,"footnotes":""},"class_list":["post-6996","page","type-page","status-publish","hentry"],"acf":[],"_links":{"self":[{"href":"https:\/\/help.unhcr.org\/mexico\/wp-json\/wp\/v2\/pages\/6996","targetHints":{"allow":["GET"]}}],"collection":[{"href":"https:\/\/help.unhcr.org\/mexico\/wp-json\/wp\/v2\/pages"}],"about":[{"href":"https:\/\/help.unhcr.org\/mexico\/wp-json\/wp\/v2\/types\/page"}],"author":[{"embeddable":true,"href":"https:\/\/help.unhcr.org\/mexico\/wp-json\/wp\/v2\/users\/243"}],"replies":[{"embeddable":true,"href":"https:\/\/help.unhcr.org\/mexico\/wp-json\/wp\/v2\/comments?post=6996"}],"version-history":[{"count":4,"href":"https:\/\/help.unhcr.org\/mexico\/wp-json\/wp\/v2\/pages\/6996\/revisions"}],"predecessor-version":[{"id":7726,"href":"https:\/\/help.unhcr.org\/mexico\/wp-json\/wp\/v2\/pages\/6996\/revisions\/7726"}],"up":[{"embeddable":true,"href":"https:\/\/help.unhcr.org\/mexico\/wp-json\/wp\/v2\/pages\/1089"}],"wp:attachment":[{"href":"https:\/\/help.unhcr.org\/mexico\/wp-json\/wp\/v2\/media?parent=6996"}],"curies":[{"name":"wp","href":"https:\/\/api.w.org\/{rel}","templated":true}]}}