{"id":6979,"date":"2025-08-21T17:59:23","date_gmt":"2025-08-21T17:59:23","guid":{"rendered":"https:\/\/help.unhcr.org\/mexico\/?page_id=6979"},"modified":"2026-03-26T15:59:51","modified_gmt":"2026-03-26T15:59:51","slug":"acuna","status":"publish","type":"page","link":"https:\/\/help.unhcr.org\/mexico\/donde-encontrar-ayuda\/mapas-de-servicios-2\/acuna\/","title":{"rendered":"Ciudad Acu\u00f1a"},"content":{"rendered":"\n<p>Si est\u00e1s en Ciudad Acu\u00f1a, estado de Coahuila, nuestra ficha de servicios te ser\u00e1 de ayuda.<\/p>\n\n\n\n<p>ACNUR en colaboraci\u00f3n con otros socios y aliados han preparado la ficha con los principales servicios en la ciudad.<\/p>\n\n\n\n<p>\ud83d\udcf2\u00a0<a href=\"https:\/\/help.unhcr.org\/mexico\/wp-content\/uploads\/sites\/22\/2025\/08\/2025_Ficha-ACUNA_abril2025.pdf\" data-type=\"link\" data-id=\"https:\/\/help.unhcr.org\/mexico\/wp-content\/uploads\/sites\/22\/2025\/08\/2025_Ficha-ACUNA_abril2025.pdf\">Desc\u00e1rgala en tu tel\u00e9fono<\/a>\u00a0y ll\u00e9vala contigo en tu camino.<\/p>\n\n\n\n<p> \ud83c\udf0e Encuentra los servicios en\u00a0<a href=\"https:\/\/www.google.com\/maps\/d\/viewer?hl=es&amp;mid=1v-HPiGGSuBpJ-5iXGLVqB4iZpDV-Jxw&amp;ll=30.14281188706103%2C-93.85961285078126&amp;z=5\" data-type=\"link\" data-id=\"https:\/\/www.google.com\/maps\/d\/viewer?hl=es&amp;mid=1v-HPiGGSuBpJ-5iXGLVqB4iZpDV-Jxw&amp;ll=30.14281188706103%2C-93.85961285078126&amp;z=5\" target=\"_blank\" rel=\"noreferrer noopener\">Google Maps<\/a><\/p>\n\n\n\n<p><a href=\"https:\/\/help.unhcr.org\/mexico\/donde-encontrar-ayuda\/mapas-de-servicios-2\/\">&lt;&lt; Mapas de servicios<\/a><\/p>\n\n\n\n<p><\/p>\n","protected":false},"excerpt":{"rendered":"<p>Si est\u00e1s en Ciudad Acu\u00f1a, estado de Coahuila, nuestra ficha de servicios te ser\u00e1 de ayuda. ACNUR en colaboraci\u00f3n con otros socios y aliados han preparado la ficha con los principales servicios en la ciudad. \ud83d\udcf2\u00a0Desc\u00e1rgala en tu tel\u00e9fono\u00a0y ll\u00e9vala contigo en tu camino. \ud83c\udf0e Encuentra los servicios en\u00a0Google Maps &lt;&lt; Mapas de servicios<\/p>\n","protected":false},"author":243,"featured_media":0,"parent":1089,"menu_order":2,"comment_status":"closed","ping_status":"closed","template":"","meta":{"_acf_changed":false,"footnotes":""},"class_list":["post-6979","page","type-page","status-publish","hentry"],"acf":[],"_links":{"self":[{"href":"https:\/\/help.unhcr.org\/mexico\/wp-json\/wp\/v2\/pages\/6979","targetHints":{"allow":["GET"]}}],"collection":[{"href":"https:\/\/help.unhcr.org\/mexico\/wp-json\/wp\/v2\/pages"}],"about":[{"href":"https:\/\/help.unhcr.org\/mexico\/wp-json\/wp\/v2\/types\/page"}],"author":[{"embeddable":true,"href":"https:\/\/help.unhcr.org\/mexico\/wp-json\/wp\/v2\/users\/243"}],"replies":[{"embeddable":true,"href":"https:\/\/help.unhcr.org\/mexico\/wp-json\/wp\/v2\/comments?post=6979"}],"version-history":[{"count":4,"href":"https:\/\/help.unhcr.org\/mexico\/wp-json\/wp\/v2\/pages\/6979\/revisions"}],"predecessor-version":[{"id":7692,"href":"https:\/\/help.unhcr.org\/mexico\/wp-json\/wp\/v2\/pages\/6979\/revisions\/7692"}],"up":[{"embeddable":true,"href":"https:\/\/help.unhcr.org\/mexico\/wp-json\/wp\/v2\/pages\/1089"}],"wp:attachment":[{"href":"https:\/\/help.unhcr.org\/mexico\/wp-json\/wp\/v2\/media?parent=6979"}],"curies":[{"name":"wp","href":"https:\/\/api.w.org\/{rel}","templated":true}]}}