{"id":6182,"date":"2025-07-02T18:31:20","date_gmt":"2025-07-02T18:31:20","guid":{"rendered":"https:\/\/help.unhcr.org\/mexico\/?page_id=6182"},"modified":"2026-03-26T16:37:58","modified_gmt":"2026-03-26T16:37:58","slug":"san-cristobal-de-las-casas","status":"publish","type":"page","link":"https:\/\/help.unhcr.org\/mexico\/donde-encontrar-ayuda\/mapas-de-servicios-2\/san-cristobal-de-las-casas\/","title":{"rendered":"San Crist\u00f3bal de las Casas"},"content":{"rendered":"\n<p>Si est\u00e1s en San Crist\u00f3bal de las Casas, estado de Chiapas, nuestra ficha de servicios te ser\u00e1 de ayuda.<\/p>\n\n\n\n<p>ACNUR en colaboraci\u00f3n con socios y aliados han preparado la ficha con los principales servicios en la ciudad.<\/p>\n\n\n\n<p>\ud83d\udcf2 <a href=\"https:\/\/help.unhcr.org\/mexico\/wp-content\/uploads\/sites\/22\/2025\/07\/250610_Ficha-servicios-San-Cristobal.pdf\" data-type=\"link\" data-id=\"https:\/\/help.unhcr.org\/mexico\/wp-content\/uploads\/sites\/22\/2025\/07\/250610_Ficha-servicios-San-Cristobal.pdf\">Desc\u00e1rgala en tu tel\u00e9fono<\/a> y ll\u00e9vala contigo en tu camino.<\/p>\n\n\n\n<p>\ud83c\udf0e Encuentra los servicios en\u00a0<a href=\"https:\/\/www.google.com\/maps\/d\/viewer?hl=es&amp;mid=1CWChr-Q3ZiYKKcYZI_WZeaemP1IOCTI&amp;ll=16.726886254115104%2C-92.63496015&amp;z=15\" data-type=\"link\" data-id=\"https:\/\/www.google.com\/maps\/d\/viewer?hl=es&amp;mid=1CWChr-Q3ZiYKKcYZI_WZeaemP1IOCTI&amp;ll=16.726886254115104%2C-92.63496015&amp;z=15\" target=\"_blank\" rel=\"noreferrer noopener\">Google Maps<\/a><\/p>\n\n\n\n<p><a href=\"https:\/\/help.unhcr.org\/mexico\/donde-encontrar-ayuda\/mapas-de-servicios-2\/\" data-type=\"URL\" data-id=\"https:\/\/help.unhcr.org\/mexico\/donde-encontrar-ayuda\/mapas-de-servicios-2\/\">&lt;&lt; Mapas de servicios<\/a><\/p>\n\n\n\n<p><\/p>\n","protected":false},"excerpt":{"rendered":"<p>Si est\u00e1s en San Crist\u00f3bal de las Casas, estado de Chiapas, nuestra ficha de servicios te ser\u00e1 de ayuda. ACNUR en colaboraci\u00f3n con socios y aliados han preparado la ficha con los principales servicios en la ciudad. \ud83d\udcf2 Desc\u00e1rgala en tu tel\u00e9fono y ll\u00e9vala contigo en tu camino. \ud83c\udf0e Encuentra los servicios en\u00a0Google Maps &lt;&lt; [&hellip;]<\/p>\n","protected":false},"author":243,"featured_media":0,"parent":1089,"menu_order":16,"comment_status":"closed","ping_status":"closed","template":"","meta":{"_acf_changed":false,"footnotes":""},"class_list":["post-6182","page","type-page","status-publish","hentry"],"acf":[],"_links":{"self":[{"href":"https:\/\/help.unhcr.org\/mexico\/wp-json\/wp\/v2\/pages\/6182","targetHints":{"allow":["GET"]}}],"collection":[{"href":"https:\/\/help.unhcr.org\/mexico\/wp-json\/wp\/v2\/pages"}],"about":[{"href":"https:\/\/help.unhcr.org\/mexico\/wp-json\/wp\/v2\/types\/page"}],"author":[{"embeddable":true,"href":"https:\/\/help.unhcr.org\/mexico\/wp-json\/wp\/v2\/users\/243"}],"replies":[{"embeddable":true,"href":"https:\/\/help.unhcr.org\/mexico\/wp-json\/wp\/v2\/comments?post=6182"}],"version-history":[{"count":4,"href":"https:\/\/help.unhcr.org\/mexico\/wp-json\/wp\/v2\/pages\/6182\/revisions"}],"predecessor-version":[{"id":7752,"href":"https:\/\/help.unhcr.org\/mexico\/wp-json\/wp\/v2\/pages\/6182\/revisions\/7752"}],"up":[{"embeddable":true,"href":"https:\/\/help.unhcr.org\/mexico\/wp-json\/wp\/v2\/pages\/1089"}],"wp:attachment":[{"href":"https:\/\/help.unhcr.org\/mexico\/wp-json\/wp\/v2\/media?parent=6182"}],"curies":[{"name":"wp","href":"https:\/\/api.w.org\/{rel}","templated":true}]}}