{"id":6175,"date":"2025-07-02T17:09:44","date_gmt":"2025-07-02T17:09:44","guid":{"rendered":"https:\/\/help.unhcr.org\/mexico\/?page_id=6175"},"modified":"2026-03-26T16:09:17","modified_gmt":"2026-03-26T16:09:17","slug":"comitan","status":"publish","type":"page","link":"https:\/\/help.unhcr.org\/mexico\/donde-encontrar-ayuda\/mapas-de-servicios-2\/comitan\/","title":{"rendered":"Comit\u00e1n"},"content":{"rendered":"\n<p>Si est\u00e1s en Comit\u00e1n, estado de Chiapas, nuestra ficha de servicios te ser\u00e1 de ayuda.<\/p>\n\n\n\n<p>ACNUR en colaboraci\u00f3n con otros socios y aliados han preparado la ficha con los principales servicios en la ciudad.<\/p>\n\n\n\n<p>\ud83d\udcf2 <a href=\"https:\/\/help.unhcr.org\/mexico\/wp-content\/uploads\/sites\/22\/2025\/07\/250610_Ficha-servicios-Comitan.pdf\" data-type=\"link\" data-id=\"https:\/\/help.unhcr.org\/mexico\/wp-content\/uploads\/sites\/22\/2025\/07\/250610_Ficha-servicios-Comitan.pdf\">Desc\u00e1rgala en tu tel\u00e9fono<\/a> y ll\u00e9vala contigo en tu camino.<\/p>\n\n\n\n<p> \ud83c\udf0e Encuentra los servicios en\u00a0<a href=\"https:\/\/www.google.com\/maps\/d\/u\/0\/viewer?mid=1N3sjposDVsN_SirOTSm1Oe2gt9BndRM&amp;hl=es&amp;ll=16.250318000000004%2C-92.1379218&amp;z=13\" data-type=\"link\" data-id=\"https:\/\/www.google.com\/maps\/d\/u\/0\/viewer?mid=1N3sjposDVsN_SirOTSm1Oe2gt9BndRM&amp;hl=es&amp;ll=16.250318000000004%2C-92.1379218&amp;z=13\" target=\"_blank\" rel=\"noreferrer noopener\">Google Maps<\/a><\/p>\n\n\n\n<p><a href=\"https:\/\/help.unhcr.org\/mexico\/donde-encontrar-ayuda\/mapas-de-servicios-2\/\" data-type=\"URL\" data-id=\"https:\/\/help.unhcr.org\/mexico\/donde-encontrar-ayuda\/mapas-de-servicios-2\/\">&lt;&lt; Mapas de servicios<\/a><\/p>\n\n\n\n<p><\/p>\n","protected":false},"excerpt":{"rendered":"<p>Si est\u00e1s en Comit\u00e1n, estado de Chiapas, nuestra ficha de servicios te ser\u00e1 de ayuda. ACNUR en colaboraci\u00f3n con otros socios y aliados han preparado la ficha con los principales servicios en la ciudad. \ud83d\udcf2 Desc\u00e1rgala en tu tel\u00e9fono y ll\u00e9vala contigo en tu camino. \ud83c\udf0e Encuentra los servicios en\u00a0Google Maps &lt;&lt; Mapas de servicios<\/p>\n","protected":false},"author":243,"featured_media":0,"parent":1089,"menu_order":5,"comment_status":"closed","ping_status":"closed","template":"","meta":{"_acf_changed":false,"footnotes":""},"class_list":["post-6175","page","type-page","status-publish","hentry"],"acf":[],"_links":{"self":[{"href":"https:\/\/help.unhcr.org\/mexico\/wp-json\/wp\/v2\/pages\/6175","targetHints":{"allow":["GET"]}}],"collection":[{"href":"https:\/\/help.unhcr.org\/mexico\/wp-json\/wp\/v2\/pages"}],"about":[{"href":"https:\/\/help.unhcr.org\/mexico\/wp-json\/wp\/v2\/types\/page"}],"author":[{"embeddable":true,"href":"https:\/\/help.unhcr.org\/mexico\/wp-json\/wp\/v2\/users\/243"}],"replies":[{"embeddable":true,"href":"https:\/\/help.unhcr.org\/mexico\/wp-json\/wp\/v2\/comments?post=6175"}],"version-history":[{"count":7,"href":"https:\/\/help.unhcr.org\/mexico\/wp-json\/wp\/v2\/pages\/6175\/revisions"}],"predecessor-version":[{"id":7710,"href":"https:\/\/help.unhcr.org\/mexico\/wp-json\/wp\/v2\/pages\/6175\/revisions\/7710"}],"up":[{"embeddable":true,"href":"https:\/\/help.unhcr.org\/mexico\/wp-json\/wp\/v2\/pages\/1089"}],"wp:attachment":[{"href":"https:\/\/help.unhcr.org\/mexico\/wp-json\/wp\/v2\/media?parent=6175"}],"curies":[{"name":"wp","href":"https:\/\/api.w.org\/{rel}","templated":true}]}}