{"id":5798,"date":"2025-04-15T23:05:17","date_gmt":"2025-04-15T23:05:17","guid":{"rendered":"https:\/\/help.unhcr.org\/mexico\/?page_id=5798"},"modified":"2025-05-14T22:05:51","modified_gmt":"2025-05-14T22:05:51","slug":"programa-de-integracion-local","status":"publish","type":"page","link":"https:\/\/help.unhcr.org\/mexico\/programa-de-integracion-local\/","title":{"rendered":"Programa de Integraci\u00f3n Local"},"content":{"rendered":"\n<p>A trav\u00e9s del Programa de Integraci\u00f3n Local (PIL), ACNUR, junto con organizaciones de la sociedad civil y autoridades mexicanas, te apoyamos en tu integraci\u00f3n a una nueva ciudad en M\u00e9xico.<\/p>\n\n\n\n<p>Contar\u00e1s con la orientaci\u00f3n y el acompa\u00f1amiento del personal de ACNUR para buscar y encontrar empleo formal, vivienda, y acceder a derechos como la salud y la educaci\u00f3n p\u00fablica, tanto para ti como para tu familia.<\/p>\n\n\n\n<p>El Programa de Integraci\u00f3n Local es una oportunidad \u00fanica para que te integres plenamente a la vida en M\u00e9xico.<\/p>\n\n\n\n<p><\/p>\n","protected":false},"excerpt":{"rendered":"<p>A trav\u00e9s del Programa de Integraci\u00f3n Local (PIL), ACNUR, junto con organizaciones de la sociedad civil y autoridades mexicanas, te apoyamos en tu integraci\u00f3n a una nueva ciudad en M\u00e9xico. Contar\u00e1s con la orientaci\u00f3n y el acompa\u00f1amiento del personal de ACNUR para buscar y encontrar empleo formal, vivienda, y acceder a derechos como la salud [&hellip;]<\/p>\n","protected":false},"author":243,"featured_media":0,"parent":0,"menu_order":0,"comment_status":"closed","ping_status":"closed","template":"page-templates\/listing_page.php","meta":{"_acf_changed":false,"footnotes":""},"class_list":["post-5798","page","type-page","status-publish","hentry"],"acf":[],"_links":{"self":[{"href":"https:\/\/help.unhcr.org\/mexico\/wp-json\/wp\/v2\/pages\/5798","targetHints":{"allow":["GET"]}}],"collection":[{"href":"https:\/\/help.unhcr.org\/mexico\/wp-json\/wp\/v2\/pages"}],"about":[{"href":"https:\/\/help.unhcr.org\/mexico\/wp-json\/wp\/v2\/types\/page"}],"author":[{"embeddable":true,"href":"https:\/\/help.unhcr.org\/mexico\/wp-json\/wp\/v2\/users\/243"}],"replies":[{"embeddable":true,"href":"https:\/\/help.unhcr.org\/mexico\/wp-json\/wp\/v2\/comments?post=5798"}],"version-history":[{"count":3,"href":"https:\/\/help.unhcr.org\/mexico\/wp-json\/wp\/v2\/pages\/5798\/revisions"}],"predecessor-version":[{"id":5913,"href":"https:\/\/help.unhcr.org\/mexico\/wp-json\/wp\/v2\/pages\/5798\/revisions\/5913"}],"wp:attachment":[{"href":"https:\/\/help.unhcr.org\/mexico\/wp-json\/wp\/v2\/media?parent=5798"}],"curies":[{"name":"wp","href":"https:\/\/api.w.org\/{rel}","templated":true}]}}