{"id":5715,"date":"2025-01-17T18:21:42","date_gmt":"2025-01-17T18:21:42","guid":{"rendered":"https:\/\/help.unhcr.org\/mexico\/?page_id=5715"},"modified":"2026-03-26T16:50:18","modified_gmt":"2026-03-26T16:50:18","slug":"tuxtla-gutierrez","status":"publish","type":"page","link":"https:\/\/help.unhcr.org\/mexico\/donde-encontrar-ayuda\/mapas-de-servicios-2\/tuxtla-gutierrez\/","title":{"rendered":"Tuxtla Guti\u00e9rrez"},"content":{"rendered":"\n<p>Si est\u00e1s en Tuxtla Guti\u00e9rrez, estado Chiapas, nuestra ficha de servicios te ser\u00e1 de ayuda.<\/p>\n\n\n\n<p>ACNUR, en colaboraci\u00f3n con socios y aliados, ha preparado la ficha que te muestra los principales servicios disponibles en la ciudad.<\/p>\n\n\n\n<p>\ud83d\udcf2\u00a0<a href=\"https:\/\/help.unhcr.org\/mexico\/wp-content\/uploads\/sites\/22\/2025\/08\/250610_Ficha-servicios-Tuxtla.pdf\" data-type=\"link\" data-id=\"https:\/\/help.unhcr.org\/mexico\/wp-content\/uploads\/sites\/22\/2025\/08\/250610_Ficha-servicios-Tuxtla.pdf\">Desc\u00e1rgalo en tu tel\u00e9fono<\/a>\u00a0y ll\u00e9vala contigo.<\/p>\n\n\n\n<p>\ud83c\udf0e Encuentra los servicios en\u00a0<a href=\"https:\/\/www.google.com\/maps\/d\/viewer?hl=es&amp;mid=1MMZxP1yTt1QrXJuTzapgjEsBw9EqA4g&amp;ll=16.745886100000018%2C-93.11698570000001&amp;z=14\" data-type=\"link\" data-id=\"https:\/\/www.google.com\/maps\/d\/viewer?hl=es&amp;mid=1MMZxP1yTt1QrXJuTzapgjEsBw9EqA4g&amp;ll=16.745886100000018%2C-93.11698570000001&amp;z=14\" target=\"_blank\" rel=\"noreferrer noopener\">Google Maps<\/a><\/p>\n\n\n\n<p><a href=\"https:\/\/help.unhcr.org\/mexico\/donde-encontrar-ayuda\/mapas-de-servicios-2\/\">&lt;&lt; Mapas de servicios<\/a><\/p>\n\n\n\n<p><\/p>\n","protected":false},"excerpt":{"rendered":"<p>Si est\u00e1s en Tuxtla Guti\u00e9rrez, estado Chiapas, nuestra ficha de servicios te ser\u00e1 de ayuda. ACNUR, en colaboraci\u00f3n con socios y aliados, ha preparado la ficha que te muestra los principales servicios disponibles en la ciudad. \ud83d\udcf2\u00a0Desc\u00e1rgalo en tu tel\u00e9fono\u00a0y ll\u00e9vala contigo. \ud83c\udf0e Encuentra los servicios en\u00a0Google Maps &lt;&lt; Mapas de servicios<\/p>\n","protected":false},"author":71,"featured_media":0,"parent":1089,"menu_order":22,"comment_status":"closed","ping_status":"closed","template":"","meta":{"_acf_changed":false,"footnotes":""},"class_list":["post-5715","page","type-page","status-publish","hentry"],"acf":[],"_links":{"self":[{"href":"https:\/\/help.unhcr.org\/mexico\/wp-json\/wp\/v2\/pages\/5715","targetHints":{"allow":["GET"]}}],"collection":[{"href":"https:\/\/help.unhcr.org\/mexico\/wp-json\/wp\/v2\/pages"}],"about":[{"href":"https:\/\/help.unhcr.org\/mexico\/wp-json\/wp\/v2\/types\/page"}],"author":[{"embeddable":true,"href":"https:\/\/help.unhcr.org\/mexico\/wp-json\/wp\/v2\/users\/71"}],"replies":[{"embeddable":true,"href":"https:\/\/help.unhcr.org\/mexico\/wp-json\/wp\/v2\/comments?post=5715"}],"version-history":[{"count":8,"href":"https:\/\/help.unhcr.org\/mexico\/wp-json\/wp\/v2\/pages\/5715\/revisions"}],"predecessor-version":[{"id":7772,"href":"https:\/\/help.unhcr.org\/mexico\/wp-json\/wp\/v2\/pages\/5715\/revisions\/7772"}],"up":[{"embeddable":true,"href":"https:\/\/help.unhcr.org\/mexico\/wp-json\/wp\/v2\/pages\/1089"}],"wp:attachment":[{"href":"https:\/\/help.unhcr.org\/mexico\/wp-json\/wp\/v2\/media?parent=5715"}],"curies":[{"name":"wp","href":"https:\/\/api.w.org\/{rel}","templated":true}]}}