{"id":5,"date":"2017-11-22T10:58:18","date_gmt":"2017-11-22T10:58:18","guid":{"rendered":"http:\/\/help.unhcr.org\/mexico\/?page_id=5"},"modified":"2026-03-11T16:21:19","modified_gmt":"2026-03-11T16:21:19","slug":"bienvenido-a","status":"publish","type":"page","link":"https:\/\/help.unhcr.org\/mexico\/","title":{"rendered":"Bienvenido\/a"},"content":{"rendered":"\n<p>ACNUR, la Agencia de la ONU para los Refugiados, cre\u00f3 este sitio para brindar informaci\u00f3n y orientaci\u00f3n a las personas solicitantes y refugiadas en M\u00e9xico.<\/p>\n\n\n\n<h3 class=\"wp-block-heading\">Contacta al ACNUR desde todo M\u00e9xico:<\/h3>\n\n\n\n<div class=\"wp-block-group has-background\" style=\"background-color:#fdf799\"><div class=\"wp-block-group__inner-container is-layout-constrained wp-block-group-is-layout-constrained\">\n<p>\ud83d\udcde&nbsp;<strong>Tel\u00e9fonos gratuitos:<\/strong>&nbsp;<a href=\"tel:+528002268769\">800 226 8769<\/a>&nbsp;o al&nbsp;<a href=\"tel:+528002832718\">800 283 2718<\/a> <em>(Fuera de M\u00e9xico marca antes +52)<\/em><br>\ud83d\udcf1&nbsp;<strong>WhatsApp:<\/strong>&nbsp;<a href=\"https:\/\/wa.me\/+525570055950\">+52 55 7005 5950<\/a>&nbsp;y&nbsp;<a href=\"https:\/\/wa.me\/+525525352950\">+52 55 2535 2950<\/a><br>\ud83d\udce7&nbsp;<strong>Correo electr\u00f3nico:<\/strong>&nbsp;<a href=\"mailto:mexmeatencion@unhcr.org\" target=\"_blank\" rel=\"noreferrer noopener\">mexmeatencion@unhcr.org<\/a><\/p>\n\n\n\n<p>\u231a <strong>Horario de atenci\u00f3n:<br><\/strong>Lunes a jueves de 9:00 a.m. a 4:30 p.m.<br>Viernes de 9:00 a.m. a 2:00 p.m.<br>\u26a0\ufe0f <strong>Todos nuestros servicios son GRATUITOS<\/strong>.<\/p>\n\n\n\n<p><a href=\"https:\/\/www.facebook.com\/ConfiaEnElJaguar\/\" target=\"_blank\" rel=\"noreferrer noopener\">El Jaguar<\/a>&nbsp;tambi\u00e9n te brinda informaci\u00f3n y resuelve tus dudas en Facebook.<\/p>\n<\/div><\/div>\n\n\n\n<p><\/p>\n\n\n\n<h3 class=\"wp-block-heading has-black-color has-text-color has-background\" style=\"background-color:#cce2f3\">En esta p\u00e1gina encontrar\u00e1s:<\/h3>\n\n\n\n<ul class=\"wp-block-list\">\n<li><a href=\"https:\/\/help.unhcr.org\/mexico\/avisos-importantes\/\" data-type=\"URL\" data-id=\"https:\/\/help.unhcr.org\/mexico\/avisos-importantes\/\"><strong>Avisos importantes<\/strong><\/a><\/li>\n\n\n\n<li><a href=\"https:\/\/help.unhcr.org\/mexico\/quien-es-una-persona-refugiada\/\"><strong>\u00bfQui\u00e9n es una persona refugiada?<\/strong><\/a><\/li>\n\n\n\n<li><a href=\"https:\/\/help.unhcr.org\/mexico\/como-solicitar-la-condicion-de-refugiado-en-mexico\/\"><strong>\u00bfC\u00f3mo solicitar ser refugiado en M\u00e9xico?<\/strong><\/a><\/li>\n\n\n\n<li><a href=\"https:\/\/help.unhcr.org\/mexico\/derechos-y-obligaciones-de-las-personas-solicitantes-2\/\" data-type=\"page\" data-id=\"6582\"><strong>Derechos y obligaciones de las personas solicitantes de asilo<\/strong><\/a><\/li>\n\n\n\n<li><a href=\"https:\/\/help.unhcr.org\/mexico\/donde-encontrar-ayuda\/\"><strong>\u00bfQui\u00e9n me puede ayudar?<\/strong><\/a><\/li>\n\n\n\n<li><strong><a href=\"https:\/\/help.unhcr.org\/mexico\/donde-encontrar-ayuda\/mapas-de-servicios-2\/\">Mapas de servicios<\/a><\/strong><\/li>\n\n\n\n<li><strong><a href=\"https:\/\/help.unhcr.org\/mexico\/donde-encontrar-ayuda\/albergues\/\">Albergues<\/a><\/strong><\/li>\n\n\n\n<li><strong><a href=\"https:\/\/help.unhcr.org\/mexico\/naturalizacion\/\" data-type=\"page\" data-id=\"7421\">Naturalizaci\u00f3n<\/a><\/strong><\/li>\n\n\n\n<li><a href=\"https:\/\/help.unhcr.org\/mexico\/no-al-fraude-explotacion-y-abusos-sexuales\/\" data-type=\"page\" data-id=\"6799\"><strong>No al fraude, explotaci\u00f3n y abusos sexuales<\/strong><\/a><\/li>\n\n\n\n<li><strong><a href=\"https:\/\/help.unhcr.org\/mexico\/recursos-de-informacion-2\/\">Recursos de informaci\u00f3n<\/a><\/strong><\/li>\n\n\n\n<li><strong><a href=\"https:\/\/help.unhcr.org\/mexico\/quejas\/\">Buz\u00f3n de reportes<\/a><\/strong><\/li>\n<\/ul>\n\n\n\n<p><\/p>\n\n\n\n<h3 class=\"wp-block-heading has-text-align-left has-black-color has-text-color has-background\" style=\"background-color:#f7a4af\">\u26a0\ufe0f Si tienes una emergencia marca al <a href=\"tel:911\" data-type=\"tel\" data-id=\"tel:911\">911<\/a><\/h3>\n","protected":false},"excerpt":{"rendered":"<p>ACNUR, la Agencia de la ONU para los Refugiados, cre\u00f3 este sitio para brindar informaci\u00f3n y orientaci\u00f3n a las personas solicitantes y refugiadas en M\u00e9xico. Contacta al ACNUR desde todo M\u00e9xico: \ud83d\udcde&nbsp;Tel\u00e9fonos gratuitos:&nbsp;800 226 8769&nbsp;o al&nbsp;800 283 2718 (Fuera de M\u00e9xico marca antes +52)\ud83d\udcf1&nbsp;WhatsApp:&nbsp;+52 55 7005 5950&nbsp;y&nbsp;+52 55 2535 2950\ud83d\udce7&nbsp;Correo electr\u00f3nico:&nbsp;mexmeatencion@unhcr.org \u231a Horario de atenci\u00f3n:Lunes [&hellip;]<\/p>\n","protected":false},"author":1,"featured_media":0,"parent":0,"menu_order":0,"comment_status":"closed","ping_status":"closed","template":"","meta":{"_acf_changed":false,"footnotes":""},"class_list":["post-5","page","type-page","status-publish","hentry"],"acf":[],"_links":{"self":[{"href":"https:\/\/help.unhcr.org\/mexico\/wp-json\/wp\/v2\/pages\/5","targetHints":{"allow":["GET"]}}],"collection":[{"href":"https:\/\/help.unhcr.org\/mexico\/wp-json\/wp\/v2\/pages"}],"about":[{"href":"https:\/\/help.unhcr.org\/mexico\/wp-json\/wp\/v2\/types\/page"}],"author":[{"embeddable":true,"href":"https:\/\/help.unhcr.org\/mexico\/wp-json\/wp\/v2\/users\/1"}],"replies":[{"embeddable":true,"href":"https:\/\/help.unhcr.org\/mexico\/wp-json\/wp\/v2\/comments?post=5"}],"version-history":[{"count":65,"href":"https:\/\/help.unhcr.org\/mexico\/wp-json\/wp\/v2\/pages\/5\/revisions"}],"predecessor-version":[{"id":7594,"href":"https:\/\/help.unhcr.org\/mexico\/wp-json\/wp\/v2\/pages\/5\/revisions\/7594"}],"wp:attachment":[{"href":"https:\/\/help.unhcr.org\/mexico\/wp-json\/wp\/v2\/media?parent=5"}],"curies":[{"name":"wp","href":"https:\/\/api.w.org\/{rel}","templated":true}]}}