{"id":4351,"date":"2022-08-31T21:15:39","date_gmt":"2022-08-31T21:15:39","guid":{"rendered":"https:\/\/help.unhcr.org\/mexico\/?page_id=4351"},"modified":"2026-03-26T16:40:15","modified_gmt":"2026-03-26T16:40:15","slug":"san-luis-potosi","status":"publish","type":"page","link":"https:\/\/help.unhcr.org\/mexico\/donde-encontrar-ayuda\/mapas-de-servicios-2\/san-luis-potosi\/","title":{"rendered":"San Luis Potos\u00ed"},"content":{"rendered":"\n<p>Si est\u00e1s en el \u00c1rea Metropolitana de San Luis Potos\u00ed, estado de San Luis Potos\u00ed, nuestro mapa te ser\u00e1 de ayuda.<\/p>\n\n\n\n<p>ACNUR en colaboraci\u00f3n con socios y aliados han preparado el mapa que te muestra los principales servicios en la ciudad.<\/p>\n\n\n\n<p>\ud83d\udcf2\u00a0<a href=\"https:\/\/help.unhcr.org\/mexico\/wp-content\/uploads\/sites\/22\/2025\/05\/250424_Mapa-SLP_WEB.pdf\" data-type=\"link\" data-id=\"https:\/\/help.unhcr.org\/mexico\/wp-content\/uploads\/sites\/22\/2025\/05\/250424_Mapa-SLP_WEB.pdf\">Desc\u00e1rgalo en tu tel\u00e9fono<\/a>\u00a0y ll\u00e9valo contigo.<\/p>\n\n\n\n<p>\ud83c\udf0e Encuentra los servicios en\u00a0<a href=\"https:\/\/www.google.com\/maps\/d\/u\/0\/viewer?mid=11ti_-JQrzHDydr39idfplcIWb1ntr94&amp;ll=22.144444827503293%2C-100.97167099999999&amp;z=13\" data-type=\"link\" data-id=\"https:\/\/www.google.com\/maps\/d\/u\/0\/viewer?mid=11ti_-JQrzHDydr39idfplcIWb1ntr94&amp;ll=22.144444827503293%2C-100.97167099999999&amp;z=13\" target=\"_blank\" rel=\"noreferrer noopener\">Google Maps<\/a><\/p>\n\n\n\n<p><a href=\"https:\/\/help.unhcr.org\/mexico\/donde-encontrar-ayuda\/mapas-de-servicios-2\/\">&lt;&lt; Mapas de servicios<\/a><\/p>\n\n\n\n<p><\/p>\n","protected":false},"excerpt":{"rendered":"<p>Si est\u00e1s en el \u00c1rea Metropolitana de San Luis Potos\u00ed, estado de San Luis Potos\u00ed, nuestro mapa te ser\u00e1 de ayuda. ACNUR en colaboraci\u00f3n con socios y aliados han preparado el mapa que te muestra los principales servicios en la ciudad. \ud83d\udcf2\u00a0Desc\u00e1rgalo en tu tel\u00e9fono\u00a0y ll\u00e9valo contigo. \ud83c\udf0e Encuentra los servicios en\u00a0Google Maps &lt;&lt; Mapas [&hellip;]<\/p>\n","protected":false},"author":243,"featured_media":0,"parent":1089,"menu_order":17,"comment_status":"closed","ping_status":"closed","template":"","meta":{"_acf_changed":false,"footnotes":""},"class_list":["post-4351","page","type-page","status-publish","hentry"],"acf":[],"_links":{"self":[{"href":"https:\/\/help.unhcr.org\/mexico\/wp-json\/wp\/v2\/pages\/4351","targetHints":{"allow":["GET"]}}],"collection":[{"href":"https:\/\/help.unhcr.org\/mexico\/wp-json\/wp\/v2\/pages"}],"about":[{"href":"https:\/\/help.unhcr.org\/mexico\/wp-json\/wp\/v2\/types\/page"}],"author":[{"embeddable":true,"href":"https:\/\/help.unhcr.org\/mexico\/wp-json\/wp\/v2\/users\/243"}],"replies":[{"embeddable":true,"href":"https:\/\/help.unhcr.org\/mexico\/wp-json\/wp\/v2\/comments?post=4351"}],"version-history":[{"count":15,"href":"https:\/\/help.unhcr.org\/mexico\/wp-json\/wp\/v2\/pages\/4351\/revisions"}],"predecessor-version":[{"id":7756,"href":"https:\/\/help.unhcr.org\/mexico\/wp-json\/wp\/v2\/pages\/4351\/revisions\/7756"}],"up":[{"embeddable":true,"href":"https:\/\/help.unhcr.org\/mexico\/wp-json\/wp\/v2\/pages\/1089"}],"wp:attachment":[{"href":"https:\/\/help.unhcr.org\/mexico\/wp-json\/wp\/v2\/media?parent=4351"}],"curies":[{"name":"wp","href":"https:\/\/api.w.org\/{rel}","templated":true}]}}